{"id":190,"date":"2017-08-28T17:18:07","date_gmt":"2017-08-28T15:18:07","guid":{"rendered":"http:\/\/royotec.com\/?page_id=190"},"modified":"2017-10-11T11:21:03","modified_gmt":"2017-10-11T09:21:03","slug":"empresa","status":"publish","type":"page","link":"https:\/\/royotec.com\/es\/empresa\/","title":{"rendered":"Empresa"},"content":{"rendered":"<p>RoyoTec, divisi\u00f3n<br \/>de tejidos t\u00e9cnicos<br \/>de Tejidos Royo<\/p>\n<p>Tejidos destinados a la confecci\u00f3n de prendas de protecci\u00f3n para diversas actividades profesionales y deportivas, desarrollados con la intenci\u00f3n de aportar diferenciaci\u00f3n, moda y valor a\u00f1adido al mercado. Producidos en Espa\u00f1a con el m\u00e1ximo respeto medioambiental, conforme a la legislaci\u00f3n laboral vigente, y cumpliendo con los certificados correspondientes.<\/p>\n<p>M\u00e1s de <span style=\"color: #f0f0f0;\">100<\/span> a\u00f1os asumiendo retos en el mundo textil<\/p>\n<p>Royotec es una divisi\u00f3n de Tejidos Royo, una empresa s\u00f3lida y fiable al estilo europeo que cuenta con un moderno equipamiento industrial al servicio de un experto equipo profesional, que nos permite abarcar globalmente el proceso de fabricaci\u00f3n y su posterior comercializaci\u00f3n a nivel internacional.<\/p>\n<p>Excelencia y creatividad que aportan valor al tejido t\u00e9cnico<\/p>\n<p>En Royotec abarcamos todo el proceso productivo, desde la adquisici\u00f3n de materias primas al producto terminado. Esta verticalidad nos permite un total control de los productos y sus desarrollos, y una gran flexibilidad para cubrir las necesidades de nuestros clientes. Nuestra experiencia en el mundo de la moda nos ha ense\u00f1ado a ser innovadores y flexibles, por ello adem\u00e1s de fabricar tejidos que cumplen rigurosamente las certificaciones oficiales, a\u00f1adimos elementos diferenciales que aportan innovaci\u00f3n y moda.<\/p>\n<p>Empresa sostenible<\/p>\n<p>Nuestra preocupaci\u00f3n por el cuidado medioambiental que afecta tanto a los procesos productivos como administrativos, est\u00e1 tan arraigada que forma parte de nuestra cultura empresarial. Tejidos Royo ha sido premiada en 2012 por la Oeko Tex Association con la obtenci\u00f3n del \u201cWorldwide Award Company Eco-Sustainability\u201d, galard\u00f3n que premia la fabricaci\u00f3n textil responsable.<\/p>\n<p>Somos una empresa humana<\/p>\n<p>Dentro de las responsabilidades sociales que asumimos (compromiso con el esfuerzo y la dedicaci\u00f3n, la formaci\u00f3n y el desarrollo profesional, y el apoyo a los m\u00e1s necesitados), la \u201cFundaci\u00f3n Jos\u00e9 y Ana Royo\u201d colabora con Tejidos Royo para canalizar las ayudas que prestamos, y as\u00ed preservar unos valores que permitan a las pr\u00f3ximas generaciones de empleados sentirse tan orgullosos de nosotros, como nosotros lo estamos de nuestros antepasados. Pensamos que el mejor tejido es aquel que cumple con unos buenos est\u00e1ndares de calidad y precio, se ha producido respetando el entorno medioambiental y los derechos universales de las personas que lo han elaborado. <\/p>\n<p>Para conocer m\u00e1s sobre Tejidos Royo, sus marcas, instalaciones, filosof\u00eda de trabajo y cultura corporativa, haga clic en el logo.<\/p>\n<p><!-- {\"name\":\"\",\"type\":\"layout\",\"children\":[{\"name\":\"Royotec\",\"type\":\"section\",\"props\":{\"width\":\"default\",\"padding\":\"large\",\"style\":\"default\",\"text_color\":\"\",\"media\":\"images\\\/home-header.jpg\",\"height_viewport\":true,\"header_overlay\":\"light\",\"image\":\"wp-content\\\/uploads\\\/fullscreen_frontpage_a.jpg\",\"media_advanced\":true,\"image_size\":\"cover\",\"media_background\":null,\"media_overlay\":null,\"height\":\"full\",\"animation\":\"\",\"header_transparent\":\"\",\"image_position\":\"center-center\",\"image_width\":\"\",\"image_height\":\"\",\"image_fixed\":false,\"media_blend_mode\":\"\",\"overlap\":false,\"padding_remove_bottom\":false,\"image_visibility\":\"\",\"image_effect\":\"parallax\",\"image_parallax\":-540,\"padding_remove_top\":false,\"image_parallax_bgy_end\":\"\",\"image_parallax_bgy_start\":\"70\",\"image_parallax_bgx_start\":\"\",\"image_parallax_bgx_end\":\"\",\"image_parallax_breakpoint\":\"m\",\"vertical_align\":\"middle\",\"title_position\":\"top-left\",\"title_rotation\":\"left\",\"title_breakpoint\":\"xl\"},\"children\":[{\"name\":\"\",\"type\":\"row\",\"props\":{\"layout\":\",\",\"breakpoint\":\"m\",\"fixed_width\":\"large\",\"margin\":\"large\",\"vertical_align\":false,\"match\":false,\"width\":\"expand\",\"gutter\":\"small\",\"divider\":false},\"children\":[{\"name\":\"\",\"type\":\"column\",\"props\":{\"image_position\":\"center-center\",\"widths\":[\"\"],\"style\":\"\",\"image\":\"\",\"image_size\":\"cover\"}},{\"name\":\"\",\"type\":\"column\",\"props\":{\"widths\":[\"\"],\"image_position\":\"center-center\",\"style\":\"default\"},\"children\":[{\"name\":\"\",\"type\":\"headline\",\"props\":{\"title_element\":\"h2\",\"content\":\"\n\n<p>RoyoTec, divisi\\u00f3n<br \\\/>de tejidos t\\u00e9cnicos<br \\\/>de Tejidos Royo<\\\/p>\",\"title_style\":\"heading-primary\",\"title_decoration\":\"divider\",\"title_color\":\"\",\"text_align\":\"center\"}},{\"name\":\"\",\"type\":\"text\",\"props\":{\"margin\":\"default\",\"column_breakpoint\":\"m\",\"content\":\"\n\n<p>Tejidos destinados a la confecci\\u00f3n de prendas de protecci\\u00f3n para diversas actividades profesionales y deportivas, desarrollados con la intenci\\u00f3n de aportar diferenciaci\\u00f3n, moda y valor a\\u00f1adido al mercado. Producidos en Espa\\u00f1a con el m\\u00e1ximo respeto medioambiental, conforme a la legislaci\\u00f3n laboral vigente, y cumpliendo con los certificados correspondientes.<\\\/p>\",\"text_size\":\"large\",\"text_color\":\"\",\"text_align\":\"center\"}},{\"name\":\"\",\"type\":\"image\",\"props\":{\"margin\":\"default\",\"image\":\"wp-content\\\/uploads\\\/empresa-1.jpg\"}}]}]}]},{\"name\":\"M\\u00e1s de 100 a\\u00f1os asumiendo retos en el mundo textil\",\"type\":\"section\",\"props\":{\"width\":\"default\",\"padding\":\"large\",\"style\":\"default\",\"text_color\":\"\",\"media\":\"images\\\/home-header.jpg\",\"height_viewport\":true,\"header_overlay\":\"light\",\"image\":\"wp-content\\\/uploads\\\/fullscreen_company_b.jpg\",\"media_advanced\":true,\"image_size\":\"cover\",\"media_background\":null,\"media_overlay\":null,\"height\":\"full\",\"animation\":\"\",\"header_transparent\":\"\",\"image_position\":\"center-center\",\"image_width\":\"\",\"image_height\":\"\",\"image_fixed\":false,\"media_blend_mode\":\"\",\"overlap\":false,\"padding_remove_bottom\":false,\"image_visibility\":\"\",\"image_effect\":\"parallax\",\"image_parallax\":-540,\"padding_remove_top\":false,\"image_parallax_bgy_end\":\"\",\"image_parallax_bgy_start\":\"70\",\"image_parallax_bgx_start\":\"\",\"image_parallax_bgx_end\":\"\",\"image_parallax_breakpoint\":\"m\",\"vertical_align\":\"middle\",\"title_position\":\"top-left\",\"title_rotation\":\"left\",\"title_breakpoint\":\"xl\"},\"children\":[{\"name\":\"\",\"type\":\"row\",\"props\":{\"layout\":\"2-3,\",\"breakpoint\":\"\",\"fixed_width\":\"large\",\"margin\":\"large\",\"vertical_align\":false,\"match\":false,\"width\":\"expand\",\"gutter\":\"small\",\"divider\":false},\"children\":[{\"name\":\"\",\"type\":\"column\",\"props\":{\"image_position\":\"center-center\",\"widths\":[\"2-3\"],\"style\":\"default\",\"image\":\"\",\"image_size\":\"cover\"},\"children\":[{\"name\":\"\",\"type\":\"headline\",\"props\":{\"title_element\":\"h2\",\"content\":\"\n\n<p>M\\u00e1s de <span style=\\\"color: #f0f0f0;\\\">100<\\\/span> a\\u00f1os asumiendo retos en el mundo textil<\\\/p>\",\"title_style\":\"heading-primary\",\"title_decoration\":\"divider\",\"title_color\":\"\",\"text_align\":\"center\",\"maxwidth\":\"xxlarge\",\"maxwidth_align\":\"\"}},{\"name\":\"\",\"type\":\"text\",\"props\":{\"margin\":\"default\",\"column_breakpoint\":\"m\",\"content\":\"\n\n<p>Royotec es una divisi\\u00f3n de Tejidos Royo, una empresa s\\u00f3lida y fiable al estilo europeo que cuenta con un moderno equipamiento industrial al servicio de un experto equipo profesional, que nos permite abarcar globalmente el proceso de fabricaci\\u00f3n y su posterior comercializaci\\u00f3n a nivel internacional.<\\\/p>\",\"text_size\":\"large\",\"text_color\":\"\",\"text_align\":\"center\",\"maxwidth\":\"xxlarge\"}}]},{\"name\":\"\",\"type\":\"column\",\"props\":{\"widths\":[\"\"],\"image_position\":\"center-center\",\"style\":\"\"},\"children\":[{\"name\":\"\",\"type\":\"image\",\"props\":{\"margin\":\"default\",\"image\":\"wp-content\\\/uploads\\\/Facilities0-1.jpg\",\"image_width\":\"600\",\"image_height\":\"400\"}},{\"name\":\"\",\"type\":\"image\",\"props\":{\"margin\":\"default\",\"image\":\"wp-content\\\/uploads\\\/facilities4.jpg\",\"image_width\":\"600\",\"image_height\":\"400\"}}]}]}]},{\"name\":\"Excelencia y creatividad que aportan valor al tejido t\\u00e9cnico\",\"type\":\"section\",\"props\":{\"width\":\"default\",\"padding\":\"large\",\"style\":\"default\",\"text_color\":\"\",\"media\":\"images\\\/home-header.jpg\",\"height_viewport\":true,\"header_overlay\":\"light\",\"image\":\"wp-content\\\/uploads\\\/fullscreen_company_c.jpg\",\"media_advanced\":true,\"image_size\":\"cover\",\"media_background\":null,\"media_overlay\":null,\"height\":\"full\",\"animation\":\"\",\"header_transparent\":\"\",\"image_position\":\"center-center\",\"image_width\":\"\",\"image_height\":\"\",\"image_fixed\":false,\"media_blend_mode\":\"\",\"overlap\":false,\"padding_remove_bottom\":false,\"image_visibility\":\"\",\"image_effect\":\"parallax\",\"image_parallax\":-540,\"padding_remove_top\":false,\"image_parallax_bgy_end\":\"\",\"image_parallax_bgy_start\":\"70\",\"image_parallax_bgx_start\":\"\",\"image_parallax_bgx_end\":\"\",\"image_parallax_breakpoint\":\"m\",\"vertical_align\":\"middle\",\"title_position\":\"top-left\",\"title_rotation\":\"left\",\"title_breakpoint\":\"xl\"},\"children\":[{\"name\":\"\",\"type\":\"row\",\"props\":{\"layout\":\",2-3\",\"breakpoint\":\"\",\"fixed_width\":\"large\",\"margin\":\"large\",\"vertical_align\":false,\"match\":false,\"width\":\"expand\",\"gutter\":\"small\",\"divider\":false,\"order_last\":false},\"children\":[{\"name\":\"\",\"type\":\"column\",\"props\":{\"image_position\":\"center-center\",\"widths\":[\"\"],\"style\":\"\",\"image\":\"\",\"image_size\":\"cover\"},\"children\":[{\"name\":\"\",\"type\":\"image\",\"props\":{\"margin\":\"default\",\"image\":\"wp-content\\\/uploads\\\/companyR1.jpg\"}},{\"name\":\"\",\"type\":\"image\",\"props\":{\"margin\":\"default\",\"image\":\"wp-content\\\/uploads\\\/companyR3.jpg\",\"image_width\":\"600\",\"image_height\":\"400\"}}]},{\"name\":\"\",\"type\":\"column\",\"props\":{\"widths\":[\"2-3\"],\"image_position\":\"center-center\",\"text_color\":\"light\",\"style\":\"default\"},\"children\":[{\"name\":\"\",\"type\":\"headline\",\"props\":{\"title_element\":\"h2\",\"content\":\"\n\n<p>Excelencia y creatividad que aportan valor al tejido t\\u00e9cnico<\\\/p>\",\"title_style\":\"heading-primary\",\"title_decoration\":\"divider\",\"title_color\":\"\",\"text_align\":\"center\",\"maxwidth\":\"xxlarge\",\"maxwidth_align\":\"\"}},{\"name\":\"\",\"type\":\"text\",\"props\":{\"margin\":\"default\",\"column_breakpoint\":\"m\",\"content\":\"\n\n<p>En Royotec abarcamos todo el proceso productivo, desde la adquisici\\u00f3n de materias primas al producto terminado. Esta verticalidad nos permite un total control de los productos y sus desarrollos, y una gran flexibilidad para cubrir las necesidades de nuestros clientes. Nuestra experiencia en el mundo de la moda nos ha ense\\u00f1ado a ser innovadores y flexibles, por ello adem\\u00e1s de fabricar tejidos que cumplen rigurosamente las certificaciones oficiales, a\\u00f1adimos elementos diferenciales que aportan innovaci\\u00f3n y moda.<\\\/p>\",\"text_size\":\"large\",\"text_color\":\"\",\"text_align\":\"center\",\"maxwidth\":\"xxlarge\"}}]}]}]},{\"name\":\"Empresa sostenible\",\"type\":\"section\",\"props\":{\"width\":\"default\",\"padding\":\"large\",\"style\":\"default\",\"text_color\":\"\",\"media\":\"images\\\/home-header.jpg\",\"height_viewport\":true,\"header_overlay\":\"light\",\"image\":\"wp-content\\\/uploads\\\/fullscreen_company_d.jpg\",\"media_advanced\":true,\"image_size\":\"cover\",\"media_background\":null,\"media_overlay\":null,\"height\":\"full\",\"animation\":\"\",\"header_transparent\":\"\",\"image_position\":\"center-center\",\"image_width\":\"\",\"image_height\":\"\",\"image_fixed\":false,\"media_blend_mode\":\"\",\"overlap\":false,\"padding_remove_bottom\":false,\"image_visibility\":\"\",\"image_effect\":\"parallax\",\"image_parallax\":-540,\"padding_remove_top\":false,\"image_parallax_bgy_end\":\"\",\"image_parallax_bgy_start\":\"70\",\"image_parallax_bgx_start\":\"\",\"image_parallax_bgx_end\":\"\",\"image_parallax_breakpoint\":\"m\",\"vertical_align\":\"middle\",\"title_position\":\"top-left\",\"title_rotation\":\"left\",\"title_breakpoint\":\"xl\"},\"children\":[{\"name\":\"\",\"type\":\"row\",\"props\":{\"layout\":\"2-3,\",\"breakpoint\":\"\",\"fixed_width\":\"large\",\"margin\":\"large\",\"vertical_align\":false,\"match\":false,\"width\":\"expand\",\"gutter\":\"small\",\"divider\":false},\"children\":[{\"name\":\"\",\"type\":\"column\",\"props\":{\"image_position\":\"center-center\",\"widths\":[\"2-3\"],\"style\":\"default\",\"image\":\"\",\"image_size\":\"cover\"},\"children\":[{\"name\":\"\",\"type\":\"headline\",\"props\":{\"title_element\":\"h2\",\"content\":\"\n\n<p>Empresa sostenible<\\\/p>\",\"title_style\":\"heading-primary\",\"title_decoration\":\"divider\",\"title_color\":\"\",\"text_align\":\"center\",\"maxwidth\":\"xxlarge\",\"maxwidth_align\":\"\"}},{\"name\":\"\",\"type\":\"text\",\"props\":{\"margin\":\"default\",\"column_breakpoint\":\"m\",\"content\":\"\n\n<p>Nuestra preocupaci\\u00f3n por el cuidado medioambiental que afecta tanto a los procesos productivos como administrativos, est\\u00e1 tan arraigada que forma parte de nuestra cultura empresarial. Tejidos Royo ha sido premiada en 2012 por la Oeko Tex Association con la obtenci\\u00f3n del \\u201cWorldwide Award Company Eco-Sustainability\\u201d, galard\\u00f3n que premia la fabricaci\\u00f3n textil responsable.<\\\/p>\",\"text_size\":\"large\",\"text_color\":\"\",\"text_align\":\"center\",\"maxwidth\":\"xxlarge\"}}]},{\"name\":\"\",\"type\":\"column\",\"props\":{\"widths\":[\"\"],\"image_position\":\"center-center\"},\"children\":[{\"name\":\"\",\"type\":\"image\",\"props\":{\"margin\":\"default\",\"image\":\"wp-content\\\/uploads\\\/companyR13.jpg\",\"image_width\":\"600\",\"image_height\":\"400\"}},{\"name\":\"\",\"type\":\"image\",\"props\":{\"margin\":\"default\",\"image\":\"wp-content\\\/uploads\\\/companyR11.jpg\",\"image_width\":\"600\",\"image_height\":\"400\"}}]}]}]},{\"name\":\"Somos una empresa humana\",\"type\":\"section\",\"props\":{\"width\":\"default\",\"padding\":\"large\",\"style\":\"default\",\"text_color\":\"\",\"media\":\"images\\\/home-header.jpg\",\"height_viewport\":true,\"header_overlay\":\"light\",\"image\":\"wp-content\\\/uploads\\\/fullscreen_company_f.jpg\",\"media_advanced\":true,\"image_size\":\"cover\",\"media_background\":null,\"media_overlay\":null,\"height\":\"full\",\"animation\":\"\",\"header_transparent\":\"\",\"image_position\":\"center-center\",\"image_width\":\"\",\"image_height\":\"\",\"image_fixed\":false,\"media_blend_mode\":\"\",\"overlap\":false,\"padding_remove_bottom\":false,\"image_visibility\":\"\",\"image_effect\":\"parallax\",\"image_parallax\":-540,\"padding_remove_top\":false,\"image_parallax_bgy_end\":\"\",\"image_parallax_bgy_start\":\"70\",\"image_parallax_bgx_start\":\"\",\"image_parallax_bgx_end\":\"\",\"image_parallax_breakpoint\":\"m\",\"vertical_align\":\"middle\",\"title_position\":\"top-left\",\"title_rotation\":\"left\",\"title_breakpoint\":\"xl\"},\"children\":[{\"name\":\"\",\"type\":\"row\",\"props\":{\"layout\":\",2-3\",\"breakpoint\":\"\",\"fixed_width\":\"large\",\"margin\":\"large\",\"vertical_align\":false,\"match\":false,\"width\":\"expand\",\"gutter\":\"small\",\"divider\":false},\"children\":[{\"name\":\"\",\"type\":\"column\",\"props\":{\"image_position\":\"center-center\",\"widths\":[\"\"],\"style\":\"\",\"image\":\"\",\"image_size\":\"cover\"},\"children\":[{\"name\":\"\",\"type\":\"image\",\"props\":{\"margin\":\"default\",\"image\":\"wp-content\\\/uploads\\\/companyR17.jpg\",\"image_width\":\"600\",\"image_height\":\"400\"}},{\"name\":\"\",\"type\":\"image\",\"props\":{\"margin\":\"default\",\"image\":\"wp-content\\\/uploads\\\/companyR18.jpg\",\"image_width\":\"600\",\"image_height\":\"400\"}}]},{\"name\":\"\",\"type\":\"column\",\"props\":{\"widths\":[\"2-3\"],\"image_position\":\"center-center\",\"style\":\"default\"},\"children\":[{\"name\":\"\",\"type\":\"headline\",\"props\":{\"title_element\":\"h2\",\"content\":\"\n\n<p>Somos una empresa humana<\\\/p>\",\"title_style\":\"heading-primary\",\"title_decoration\":\"divider\",\"title_color\":\"\",\"text_align\":\"center\",\"maxwidth\":\"xxlarge\",\"maxwidth_align\":\"\"}},{\"name\":\"\",\"type\":\"text\",\"props\":{\"margin\":\"default\",\"column_breakpoint\":\"m\",\"content\":\"\n\n<p>Dentro de las responsabilidades sociales que asumimos (compromiso con el esfuerzo y la dedicaci\\u00f3n, la formaci\\u00f3n y el desarrollo profesional, y el apoyo a los m\\u00e1s necesitados), la \\u201cFundaci\\u00f3n Jos\\u00e9 y Ana Royo\\u201d colabora con Tejidos Royo para canalizar las ayudas que prestamos, y as\\u00ed preservar unos valores que permitan a las pr\\u00f3ximas generaciones de empleados sentirse tan orgullosos de nosotros, como nosotros lo estamos de nuestros antepasados. Pensamos que el mejor tejido es aquel que cumple con unos buenos est\\u00e1ndares de calidad y precio, se ha producido respetando el entorno medioambiental y los derechos universales de las personas que lo han elaborado. <\\\/p>\",\"text_size\":\"large\",\"text_color\":\"\",\"text_align\":\"center\",\"maxwidth\":\"xxlarge\"}}]}]}]},{\"name\":\"Tejidos ROYO\",\"type\":\"section\",\"props\":{\"width\":\"default\",\"padding\":\"large\",\"style\":\"default\",\"text_color\":\"\",\"media\":\"images\\\/home-header.jpg\",\"height_viewport\":true,\"header_overlay\":\"light\",\"image\":\"wp-content\\\/uploads\\\/fullscreen_company_g.jpg\",\"media_advanced\":true,\"image_size\":\"cover\",\"media_background\":null,\"media_overlay\":null,\"height\":\"full\",\"animation\":\"\",\"header_transparent\":\"\",\"image_position\":\"center-center\",\"image_width\":\"\",\"image_height\":\"\",\"image_fixed\":false,\"media_blend_mode\":\"\",\"overlap\":false,\"padding_remove_bottom\":false,\"image_visibility\":\"\",\"image_effect\":\"parallax\",\"image_parallax\":-540,\"padding_remove_top\":false,\"image_parallax_bgy_end\":\"\",\"image_parallax_bgy_start\":\"70\",\"image_parallax_bgx_start\":\"\",\"image_parallax_bgx_end\":\"\",\"image_parallax_breakpoint\":\"m\",\"vertical_align\":\"middle\",\"title_position\":\"top-left\",\"title_rotation\":\"left\",\"title_breakpoint\":\"xl\"},\"children\":[{\"name\":\"\",\"type\":\"row\",\"props\":{\"layout\":\"1-1\",\"breakpoint\":\"m\",\"fixed_width\":\"large\",\"margin\":\"large\",\"vertical_align\":false,\"match\":false,\"width\":\"expand\",\"gutter\":\"small\",\"divider\":false},\"children\":[{\"name\":\"\",\"type\":\"column\",\"props\":{\"image_position\":\"center-center\",\"widths\":[\"1-1\"],\"style\":\"\",\"image\":\"\",\"image_size\":\"cover\"},\"children\":[{\"name\":\"\",\"type\":\"text\",\"props\":{\"margin\":\"default\",\"column_breakpoint\":\"m\",\"content\":\"\n\n<p>Para conocer m\\u00e1s sobre Tejidos Royo, sus marcas, instalaciones, filosof\\u00eda de trabajo y cultura corporativa, haga clic en el logo.<\\\/p>\",\"text_size\":\"large\",\"text_color\":\"\",\"text_align\":\"center\",\"maxwidth\":\"xlarge\",\"maxwidth_align\":\"center\"}},{\"name\":\"\",\"type\":\"image\",\"props\":{\"margin\":\"default\",\"image\":\"wp-content\\\/uploads\\\/logomovil.png\",\"link\":\"http:\\\/\\\/www.tejidosroyo.com\",\"link_target\":\"blank\",\"text_align\":\"center\",\"maxwidth\":\"large\",\"maxwidth_align\":\"center\",\"image_width\":\"300\"}}]}]}]}]} --><\/p>\n","protected":false},"excerpt":{"rendered":"<p>RoyoTec, divisi\u00f3nde tejidos t\u00e9cnicosde Tejidos Royo Tejidos destinados a la confecci\u00f3n de prendas de protecci\u00f3n para diversas actividades profesionales y deportivas, desarrollados con la intenci\u00f3n de aportar diferenciaci\u00f3n, moda y valor a\u00f1adido al mercado. Producidos en Espa\u00f1a con el m\u00e1ximo respeto medioambiental, conforme a la legislaci\u00f3n laboral vigente, y cumpliendo con los certificados correspondientes. M\u00e1s [&hellip;]<\/p>\n","protected":false},"author":1,"featured_media":0,"parent":0,"menu_order":0,"comment_status":"closed","ping_status":"closed","template":"","meta":{"footnotes":""},"class_list":["post-190","page","type-page","status-publish","hentry"],"yoast_head":"<!-- This site is optimized with the Yoast SEO plugin v27.5 - https:\/\/yoast.com\/product\/yoast-seo-wordpress\/ -->\n<title>Empresa - ROYOTEC<\/title>\n<meta name=\"robots\" content=\"index, follow, max-snippet:-1, max-image-preview:large, max-video-preview:-1\" \/>\n<link rel=\"canonical\" href=\"https:\/\/royotec.com\/en\/company\/\" \/>\n<meta property=\"og:locale\" content=\"es_ES\" \/>\n<meta property=\"og:type\" content=\"article\" \/>\n<meta property=\"og:title\" content=\"Empresa - ROYOTEC\" \/>\n<meta property=\"og:description\" content=\"RoyoTec, divisi\u00f3nde tejidos t\u00e9cnicosde Tejidos Royo Tejidos destinados a la confecci\u00f3n de prendas de protecci\u00f3n para diversas actividades profesionales y deportivas, desarrollados con la intenci\u00f3n de aportar diferenciaci\u00f3n, moda y valor a\u00f1adido al mercado. Producidos en Espa\u00f1a con el m\u00e1ximo respeto medioambiental, conforme a la legislaci\u00f3n laboral vigente, y cumpliendo con los certificados correspondientes. M\u00e1s [&hellip;]\" \/>\n<meta property=\"og:url\" content=\"https:\/\/royotec.com\/en\/company\/\" \/>\n<meta property=\"og:site_name\" content=\"ROYOTEC\" \/>\n<meta property=\"article:modified_time\" content=\"2017-10-11T09:21:03+00:00\" \/>\n<meta name=\"twitter:card\" content=\"summary_large_image\" \/>\n<meta name=\"twitter:label1\" content=\"Tiempo de lectura\" \/>\n\t<meta name=\"twitter:data1\" content=\"2 minutos\" \/>\n<script type=\"application\/ld+json\" class=\"yoast-schema-graph\">{\"@context\":\"https:\\\/\\\/schema.org\",\"@graph\":[{\"@type\":\"WebPage\",\"@id\":\"https:\\\/\\\/royotec.com\\\/en\\\/company\\\/\",\"url\":\"https:\\\/\\\/royotec.com\\\/en\\\/company\\\/\",\"name\":\"Empresa - ROYOTEC\",\"isPartOf\":{\"@id\":\"https:\\\/\\\/royotec.com\\\/es\\\/#website\"},\"datePublished\":\"2017-08-28T15:18:07+00:00\",\"dateModified\":\"2017-10-11T09:21:03+00:00\",\"breadcrumb\":{\"@id\":\"https:\\\/\\\/royotec.com\\\/en\\\/company\\\/#breadcrumb\"},\"inLanguage\":\"es\",\"potentialAction\":[{\"@type\":\"ReadAction\",\"target\":[\"https:\\\/\\\/royotec.com\\\/en\\\/company\\\/\"]}]},{\"@type\":\"BreadcrumbList\",\"@id\":\"https:\\\/\\\/royotec.com\\\/en\\\/company\\\/#breadcrumb\",\"itemListElement\":[{\"@type\":\"ListItem\",\"position\":1,\"name\":\"Portada\",\"item\":\"https:\\\/\\\/royotec.com\\\/en\\\/\"},{\"@type\":\"ListItem\",\"position\":2,\"name\":\"Empresa\"}]},{\"@type\":\"WebSite\",\"@id\":\"https:\\\/\\\/royotec.com\\\/es\\\/#website\",\"url\":\"https:\\\/\\\/royotec.com\\\/es\\\/\",\"name\":\"ROYOTEC\",\"description\":\"The most advanced technology for the strongest protection\",\"potentialAction\":[{\"@type\":\"SearchAction\",\"target\":{\"@type\":\"EntryPoint\",\"urlTemplate\":\"https:\\\/\\\/royotec.com\\\/es\\\/?s={search_term_string}\"},\"query-input\":{\"@type\":\"PropertyValueSpecification\",\"valueRequired\":true,\"valueName\":\"search_term_string\"}}],\"inLanguage\":\"es\"}]}<\/script>\n<!-- \/ Yoast SEO plugin. -->","yoast_head_json":{"title":"Empresa - ROYOTEC","robots":{"index":"index","follow":"follow","max-snippet":"max-snippet:-1","max-image-preview":"max-image-preview:large","max-video-preview":"max-video-preview:-1"},"canonical":"https:\/\/royotec.com\/en\/company\/","og_locale":"es_ES","og_type":"article","og_title":"Empresa - ROYOTEC","og_description":"RoyoTec, divisi\u00f3nde tejidos t\u00e9cnicosde Tejidos Royo Tejidos destinados a la confecci\u00f3n de prendas de protecci\u00f3n para diversas actividades profesionales y deportivas, desarrollados con la intenci\u00f3n de aportar diferenciaci\u00f3n, moda y valor a\u00f1adido al mercado. Producidos en Espa\u00f1a con el m\u00e1ximo respeto medioambiental, conforme a la legislaci\u00f3n laboral vigente, y cumpliendo con los certificados correspondientes. M\u00e1s [&hellip;]","og_url":"https:\/\/royotec.com\/en\/company\/","og_site_name":"ROYOTEC","article_modified_time":"2017-10-11T09:21:03+00:00","twitter_card":"summary_large_image","twitter_misc":{"Tiempo de lectura":"2 minutos"},"schema":{"@context":"https:\/\/schema.org","@graph":[{"@type":"WebPage","@id":"https:\/\/royotec.com\/en\/company\/","url":"https:\/\/royotec.com\/en\/company\/","name":"Empresa - ROYOTEC","isPartOf":{"@id":"https:\/\/royotec.com\/es\/#website"},"datePublished":"2017-08-28T15:18:07+00:00","dateModified":"2017-10-11T09:21:03+00:00","breadcrumb":{"@id":"https:\/\/royotec.com\/en\/company\/#breadcrumb"},"inLanguage":"es","potentialAction":[{"@type":"ReadAction","target":["https:\/\/royotec.com\/en\/company\/"]}]},{"@type":"BreadcrumbList","@id":"https:\/\/royotec.com\/en\/company\/#breadcrumb","itemListElement":[{"@type":"ListItem","position":1,"name":"Portada","item":"https:\/\/royotec.com\/en\/"},{"@type":"ListItem","position":2,"name":"Empresa"}]},{"@type":"WebSite","@id":"https:\/\/royotec.com\/es\/#website","url":"https:\/\/royotec.com\/es\/","name":"ROYOTEC","description":"The most advanced technology for the strongest protection","potentialAction":[{"@type":"SearchAction","target":{"@type":"EntryPoint","urlTemplate":"https:\/\/royotec.com\/es\/?s={search_term_string}"},"query-input":{"@type":"PropertyValueSpecification","valueRequired":true,"valueName":"search_term_string"}}],"inLanguage":"es"}]}},"_links":{"self":[{"href":"https:\/\/royotec.com\/es\/wp-json\/wp\/v2\/pages\/190","targetHints":{"allow":["GET"]}}],"collection":[{"href":"https:\/\/royotec.com\/es\/wp-json\/wp\/v2\/pages"}],"about":[{"href":"https:\/\/royotec.com\/es\/wp-json\/wp\/v2\/types\/page"}],"author":[{"embeddable":true,"href":"https:\/\/royotec.com\/es\/wp-json\/wp\/v2\/users\/1"}],"replies":[{"embeddable":true,"href":"https:\/\/royotec.com\/es\/wp-json\/wp\/v2\/comments?post=190"}],"version-history":[{"count":21,"href":"https:\/\/royotec.com\/es\/wp-json\/wp\/v2\/pages\/190\/revisions"}],"predecessor-version":[{"id":1687,"href":"https:\/\/royotec.com\/es\/wp-json\/wp\/v2\/pages\/190\/revisions\/1687"}],"wp:attachment":[{"href":"https:\/\/royotec.com\/es\/wp-json\/wp\/v2\/media?parent=190"}],"curies":[{"name":"wp","href":"https:\/\/api.w.org\/{rel}","templated":true}]}}