{"id":194,"date":"2017-08-28T17:18:40","date_gmt":"2017-08-28T15:18:40","guid":{"rendered":"http:\/\/royotec.com\/?page_id=194"},"modified":"2024-09-10T13:41:13","modified_gmt":"2024-09-10T11:41:13","slug":"activesport","status":"publish","type":"page","link":"https:\/\/royotec.com\/es\/activesport\/","title":{"rendered":"Activesport"},"content":{"rendered":"<p><img decoding=\"async\" src=\"\/wp-content\/uploads\/ActivesportLogo-1.png\" alt=\"\"><\/p>\n<div>\n<p class=\"uk-text-center\">Tejidos t\u00e9cnicos basados en los art\u00edculos de Denim \u2013 Funci\u00f3n, desarrollados para la confecci\u00f3n de prendas destinadas al deporte y al ocio, con un componente de protecci\u00f3n y de moda.<\/p>\n<p class=\"uk-text-center\">A continuaci\u00f3n le mostramos una serie de categor\u00edas generales donde Royotec tiene presencia con sus tejidos y una referencia a las marcas donde est\u00e1n englobados. Si lo prefiere, puede ir directamente al apartado <a title=\"Marcas\" href=\"http:\/\/royotec.com\/es\/marcas\/\">Marcas<\/a> que aparece en el men\u00fa.<\/p>\n<\/div>\n<p><img decoding=\"async\" src=\"\/wp-content\/uploads\/ActivesportSerie.jpg\" alt=\"\"><\/p>\n<h2>Technical Sports<\/h2>\n<div>Tejidos para la confecci\u00f3n de prendas destinadas a:<\/div>\n<div>\n<p>Trekking \u2022 Running \u2022 Ciclo turismo \u2022 Commuter \u2022 Deportes de escalada \u2022 BMX \u2022 Skateboarding \u2022 Patinaje en l\u00ednea \u2022 Freeride MTB y otros de caracter\u00edsticas semejantes.<\/p>\n<\/div>\n<div>Caracter\u00edsticas:<\/div>\n<div>\n<p>Aspecto diferencial por tratarse de tejido denim \u2022 Tejido confortable, buena adaptaci\u00f3n al cuerpo \u2022 Tejido el\u00e1sticos \u2022 Tejido impermeable \u2022 Tejido transpirable \u2022 Tejido resistente<\/p>\n<\/div>\n<div>Puede localizarlos en las siguientes marcas de Royotec:<\/div>\n<div>\n<p><a href=\"https:\/\/royotec.com\/es\/marcas\/activesport\/dynamic-denim\/\">Dynamic Denim<\/a><\/p>\n<\/div>\n<h2>Winter Sports<\/h2>\n<div>Tejidos para la confecci\u00f3n de prendas destinadas a:<\/div>\n<div>\n<p>Actividades f\u00edsicas en pa\u00edses de inviernos muy fr\u00edos \u2022 Sky alpino y de fondo \u2022 Snowboard \u2022 Moto-sky&#8230;<\/p>\n<\/div>\n<div>Caracter\u00edsticas:<\/div>\n<div>\n<p>Aspecto diferencial por tratarse de tejido denim \u2022 Tejido termo regulable \u2022 Tejido aislante \u2022 Tejido confortable, buena adaptaci\u00f3n al cuerpo \u2022 Tejido el\u00e1stico \u2022 Tejido impermeable \u2022 Tejido transpirable<\/p>\n<\/div>\n<div>Puede localizarlos en las siguientes marcas de Royotec:<\/div>\n<div>\n<p><a href=\"https:\/\/royotec.com\/es\/marcas\/activesport\/winter-denim\/\">Winter Denim<\/a><\/p>\n<\/div>\n<p><!--more--><br \/>\n<!-- {\"name\":\"\",\"type\":\"layout\",\"children\":[{\"name\":\"Encabezado Familia\",\"type\":\"section\",\"props\":{\"header_overlay\":\"light\",\"height\":\"full\",\"height_viewport\":true,\"image\":\"wp-content\\\/uploads\\\/fullscreen_frontpage_c.jpg\",\"image_effect\":\"parallax\",\"image_fixed\":false,\"image_parallax\":-540,\"image_parallax_bgy\":\"70,0\",\"image_parallax_breakpoint\":\"m\",\"image_parallax_easing\":\"1\",\"image_position\":\"center-center\",\"image_size\":\"cover\",\"media\":\"images\\\/home-header.jpg\",\"media_advanced\":true,\"overlap\":false,\"padding\":\"large\",\"padding_remove_bottom\":false,\"padding_remove_top\":false,\"style\":\"default\",\"title_breakpoint\":\"xl\",\"title_position\":\"top-left\",\"title_rotation\":\"left\",\"vertical_align\":\"middle\",\"width\":\"default\"},\"children\":[{\"name\":\"\",\"type\":\"row\",\"props\":{\"column_gap\":\"small\",\"divider\":false,\"layout\":\"1-2,1-2\",\"margin\":\"large\",\"match\":false,\"row_gap\":\"small\",\"vertical_align\":false,\"width\":\"expand\"},\"children\":[{\"name\":\"\",\"type\":\"column\",\"props\":{\"image\":\"\",\"image_position\":\"center-center\",\"image_size\":\"cover\",\"media_overlay_gradient\":\"\",\"position_sticky_breakpoint\":\"m\",\"text_color\":\"light\",\"width_medium\":\"1-2\"}},{\"name\":\"\",\"type\":\"column\",\"props\":{\"image_position\":\"center-center\",\"media_overlay_gradient\":\"\",\"position_sticky_breakpoint\":\"m\",\"style\":\"primary\",\"width_medium\":\"1-2\"},\"children\":[{\"name\":\"\",\"type\":\"image\",\"props\":{\"image\":\"wp-content\\\/uploads\\\/ActivesportLogo-1.png\",\"image_svg_color\":\"emphasis\",\"margin\":\"default\"}},{\"name\":\"\",\"type\":\"text\",\"props\":{\"column_breakpoint\":\"m\",\"content\":\"\n\n<p class=\\\"uk-text-center\\\">Tejidos t\\u00e9cnicos basados en los art\\u00edculos de Denim \\u2013 Funci\\u00f3n, desarrollados para la confecci\\u00f3n de prendas destinadas al deporte y al ocio, con un componente de protecci\\u00f3n y de moda.<\\\/p>\\n\n\n<p class=\\\"uk-text-center\\\">A continuaci\\u00f3n le mostramos una serie de categor\\u00edas generales donde Royotec tiene presencia con sus tejidos y una referencia a las marcas donde est\\u00e1n englobados. Si lo prefiere, puede ir directamente al apartado <a title=\\\"Marcas\\\" href=\\\"http:\\\/\\\/royotec.com\\\/es\\\/marcas\\\/\\\">Marcas<\\\/a> que aparece en el men\\u00fa.<\\\/p>\",\"margin\":\"default\",\"text_style\":\"large\"}},{\"name\":\"\",\"type\":\"image\",\"props\":{\"image\":\"wp-content\\\/uploads\\\/ActivesportSerie.jpg\",\"image_svg_color\":\"emphasis\",\"margin\":\"default\"}}]}]}]},{\"name\":\"Tejidos Technical Sports\",\"type\":\"section\",\"props\":{\"header_overlay\":\"light\",\"height\":\"full\",\"height_viewport\":true,\"image\":\"wp-content\\\/uploads\\\/TechnicalSports.jpg\",\"image_effect\":\"parallax\",\"image_fixed\":false,\"image_parallax\":-540,\"image_parallax_bgy\":\"70,0\",\"image_parallax_breakpoint\":\"m\",\"image_parallax_easing\":\"1\",\"image_position\":\"center-center\",\"image_size\":\"cover\",\"media\":\"images\\\/home-header.jpg\",\"media_advanced\":true,\"overlap\":false,\"padding\":\"large\",\"padding_remove_bottom\":false,\"padding_remove_top\":false,\"style\":\"default\",\"title_breakpoint\":\"xl\",\"title_position\":\"top-left\",\"title_rotation\":\"left\",\"vertical_align\":\"middle\",\"width\":\"default\"},\"children\":[{\"name\":\"\",\"type\":\"row\",\"props\":{\"column_gap\":\"small\",\"divider\":false,\"layout\":\"1-2,1-2\",\"margin\":\"large\",\"match\":false,\"row_gap\":\"small\",\"vertical_align\":false,\"width\":\"expand\"},\"children\":[{\"name\":\"\",\"type\":\"column\",\"props\":{\"image\":\"\",\"image_position\":\"center-center\",\"image_size\":\"cover\",\"media_overlay_gradient\":\"\",\"position_sticky_breakpoint\":\"m\",\"style\":\"primary\",\"width_medium\":\"1-2\"},\"children\":[{\"name\":\"\",\"type\":\"headline\",\"props\":{\"content\":\"Technical Sports\",\"text_align\":\"center\",\"title_decoration\":\"divider\",\"title_element\":\"h2\",\"title_style\":\"heading-small\"}},{\"name\":\"\",\"type\":\"headline\",\"props\":{\"content\":\"Tejidos para la confecci\\u00f3n de prendas destinadas a:\",\"margin\":\"small\",\"margin_remove_bottom\":false,\"text_align\":\"center\",\"title_element\":\"div\",\"title_style\":\"h5\"}},{\"name\":\"Destinado a:\",\"type\":\"text\",\"props\":{\"column_breakpoint\":\"m\",\"content\":\"\n\n<p>Trekking \\u2022 Running \\u2022 Ciclo turismo \\u2022 Commuter \\u2022 Deportes de escalada \\u2022 BMX \\u2022 Skateboarding \\u2022 Patinaje en l\\u00ednea \\u2022 Freeride MTB y otros de caracter\\u00edsticas semejantes.<\\\/p>\",\"margin\":\"default\",\"margin_remove_top\":true,\"text_align\":\"center\"}},{\"name\":\"\",\"type\":\"headline\",\"props\":{\"content\":\"Caracter\\u00edsticas:\",\"margin\":\"small\",\"margin_remove_bottom\":false,\"text_align\":\"center\",\"title_element\":\"div\",\"title_style\":\"h5\"}},{\"name\":\"Caracter\\u00edsticas\",\"type\":\"text\",\"props\":{\"column_breakpoint\":\"m\",\"content\":\"\n\n<p>Aspecto diferencial por tratarse de tejido denim \\u2022 Tejido confortable, buena adaptaci\\u00f3n al cuerpo \\u2022 Tejido el\\u00e1sticos \\u2022 Tejido impermeable \\u2022 Tejido transpirable \\u2022 Tejido resistente<\\\/p>\",\"margin\":\"default\",\"margin_remove_top\":true,\"text_align\":\"center\"}},{\"name\":\"\",\"type\":\"headline\",\"props\":{\"content\":\"Puede localizarlos en las siguientes marcas de Royotec:\",\"margin\":\"small\",\"text_align\":\"center\",\"title_element\":\"div\",\"title_style\":\"h5\"}},{\"name\":\"Lista Marcas Activesport\",\"type\":\"list\",\"props\":{\"column_breakpoint\":\"m\",\"content_style\":\"h4\",\"image_align\":\"left\",\"image_svg_color\":\"emphasis\",\"image_vertical_align\":true,\"list_element\":\"ul\",\"list_horizontal_separator\":\", \",\"list_size\":\"\",\"list_type\":\"vertical\",\"margin_remove_top\":true,\"show_image\":true,\"show_link\":true,\"text_align\":\"center\"},\"children\":[{\"name\":\"\",\"type\":\"list_item\",\"props\":{\"content\":\"Dynamic Denim\",\"link\":\"\\\/?page_id=228\"}}]}]},{\"name\":\"\",\"type\":\"column\",\"props\":{\"image_position\":\"center-center\",\"media_overlay_gradient\":\"\",\"position_sticky_breakpoint\":\"m\",\"width_medium\":\"1-2\"}}]}]},{\"name\":\"Tejidos Winter Sports\",\"type\":\"section\",\"props\":{\"header_overlay\":\"light\",\"height\":\"full\",\"height_viewport\":true,\"image\":\"wp-content\\\/uploads\\\/fullscreen_activesport_d.jpg\",\"image_effect\":\"parallax\",\"image_fixed\":false,\"image_parallax\":-540,\"image_parallax_bgy\":\"70,0\",\"image_parallax_breakpoint\":\"m\",\"image_parallax_easing\":\"1\",\"image_position\":\"center-center\",\"image_size\":\"cover\",\"media\":\"images\\\/home-header.jpg\",\"media_advanced\":true,\"overlap\":false,\"padding\":\"large\",\"padding_remove_bottom\":false,\"padding_remove_top\":false,\"style\":\"default\",\"title_breakpoint\":\"xl\",\"title_position\":\"top-left\",\"title_rotation\":\"left\",\"vertical_align\":\"middle\",\"width\":\"default\"},\"children\":[{\"name\":\"\",\"type\":\"row\",\"props\":{\"column_gap\":\"small\",\"divider\":false,\"layout\":\"1-2,1-2\",\"margin\":\"large\",\"match\":false,\"row_gap\":\"small\",\"vertical_align\":false,\"width\":\"expand\"},\"children\":[{\"name\":\"\",\"type\":\"column\",\"props\":{\"image\":\"\",\"image_position\":\"center-center\",\"image_size\":\"cover\",\"media_overlay_gradient\":\"\",\"position_sticky_breakpoint\":\"m\",\"width_medium\":\"1-2\"}},{\"name\":\"\",\"type\":\"column\",\"props\":{\"image_position\":\"center-center\",\"media_overlay_gradient\":\"\",\"position_sticky_breakpoint\":\"m\",\"style\":\"primary\",\"width_medium\":\"1-2\"},\"children\":[{\"name\":\"\",\"type\":\"headline\",\"props\":{\"content\":\"Winter Sports\",\"text_align\":\"center\",\"title_decoration\":\"divider\",\"title_element\":\"h2\",\"title_style\":\"heading-small\"}},{\"name\":\"\",\"type\":\"headline\",\"props\":{\"content\":\"Tejidos para la confecci\\u00f3n de prendas destinadas a:\",\"margin\":\"small\",\"margin_remove_bottom\":false,\"text_align\":\"center\",\"title_element\":\"div\",\"title_style\":\"h5\"}},{\"name\":\"Destinado a:\",\"type\":\"text\",\"props\":{\"column_breakpoint\":\"m\",\"content\":\"\n\n<p>Actividades f\\u00edsicas en pa\\u00edses de inviernos muy fr\\u00edos \\u2022 Sky alpino y de fondo \\u2022 Snowboard \\u2022 Moto-sky...<\\\/p>\",\"margin\":\"default\",\"margin_remove_top\":true,\"text_align\":\"center\"}},{\"name\":\"\",\"type\":\"headline\",\"props\":{\"content\":\"Caracter\\u00edsticas:\",\"margin\":\"small\",\"margin_remove_bottom\":false,\"text_align\":\"center\",\"title_element\":\"div\",\"title_style\":\"h5\"}},{\"name\":\"Caracter\\u00edsticas\",\"type\":\"text\",\"props\":{\"column_breakpoint\":\"m\",\"content\":\"\n\n<p>Aspecto diferencial por tratarse de tejido denim \\u2022 Tejido termo regulable \\u2022 Tejido aislante \\u2022 Tejido confortable, buena adaptaci\\u00f3n al cuerpo \\u2022 Tejido el\\u00e1stico \\u2022 Tejido impermeable \\u2022 Tejido transpirable<\\\/p>\",\"margin\":\"default\",\"margin_remove_top\":true,\"text_align\":\"center\"}},{\"name\":\"\",\"type\":\"headline\",\"props\":{\"content\":\"Puede localizarlos en las siguientes marcas de Royotec:\",\"margin\":\"small\",\"text_align\":\"center\",\"title_element\":\"div\",\"title_style\":\"h5\"}},{\"name\":\"Lista Marcas Activesport\",\"type\":\"list\",\"props\":{\"column_breakpoint\":\"m\",\"content_style\":\"h4\",\"image_align\":\"left\",\"image_svg_color\":\"emphasis\",\"image_vertical_align\":true,\"list_element\":\"ul\",\"list_horizontal_separator\":\", \",\"list_size\":\"\",\"list_type\":\"vertical\",\"margin_remove_top\":true,\"show_image\":true,\"show_link\":true,\"text_align\":\"center\"},\"children\":[{\"name\":\"\",\"type\":\"list_item\",\"props\":{\"content\":\"Winter Denim\",\"link\":\"\\\/?page_id=230\"}}]}]}]}]}],\"version\":\"3.0.26\"} --><\/p>\n","protected":false},"excerpt":{"rendered":"<p>Tejidos t\u00e9cnicos basados en los art\u00edculos de Denim \u2013 Funci\u00f3n, desarrollados para la confecci\u00f3n de prendas destinadas al deporte y al ocio, con un componente de protecci\u00f3n y de moda. A continuaci\u00f3n le mostramos una serie de categor\u00edas generales donde Royotec tiene presencia con sus tejidos y una referencia a las marcas donde est\u00e1n englobados. [&hellip;]<\/p>\n","protected":false},"author":1,"featured_media":0,"parent":0,"menu_order":0,"comment_status":"closed","ping_status":"closed","template":"","meta":{"footnotes":""},"class_list":["post-194","page","type-page","status-publish","hentry"],"yoast_head":"<!-- This site is optimized with the Yoast SEO plugin v26.8 - https:\/\/yoast.com\/product\/yoast-seo-wordpress\/ -->\n<title>Activesport - ROYOTEC<\/title>\n<meta name=\"robots\" content=\"index, follow, max-snippet:-1, max-image-preview:large, max-video-preview:-1\" \/>\n<link rel=\"canonical\" href=\"https:\/\/royotec.com\/es\/activesport\/\" \/>\n<meta property=\"og:locale\" content=\"es_ES\" \/>\n<meta property=\"og:type\" content=\"article\" \/>\n<meta property=\"og:title\" content=\"Activesport - ROYOTEC\" \/>\n<meta property=\"og:description\" content=\"Tejidos t\u00e9cnicos basados en los art\u00edculos de Denim \u2013 Funci\u00f3n, desarrollados para la confecci\u00f3n de prendas destinadas al deporte y al ocio, con un componente de protecci\u00f3n y de moda. A continuaci\u00f3n le mostramos una serie de categor\u00edas generales donde Royotec tiene presencia con sus tejidos y una referencia a las marcas donde est\u00e1n englobados. [&hellip;]\" \/>\n<meta property=\"og:url\" content=\"https:\/\/royotec.com\/es\/activesport\/\" \/>\n<meta property=\"og:site_name\" content=\"ROYOTEC\" \/>\n<meta property=\"article:modified_time\" content=\"2024-09-10T11:41:13+00:00\" \/>\n<meta name=\"twitter:card\" content=\"summary_large_image\" \/>\n<meta name=\"twitter:label1\" content=\"Tiempo de lectura\" \/>\n\t<meta name=\"twitter:data1\" content=\"1 minuto\" \/>\n<script type=\"application\/ld+json\" class=\"yoast-schema-graph\">{\"@context\":\"https:\/\/schema.org\",\"@graph\":[{\"@type\":\"WebPage\",\"@id\":\"https:\/\/royotec.com\/es\/activesport\/\",\"url\":\"https:\/\/royotec.com\/es\/activesport\/\",\"name\":\"Activesport - ROYOTEC\",\"isPartOf\":{\"@id\":\"https:\/\/royotec.com\/es\/#website\"},\"datePublished\":\"2017-08-28T15:18:40+00:00\",\"dateModified\":\"2024-09-10T11:41:13+00:00\",\"breadcrumb\":{\"@id\":\"https:\/\/royotec.com\/es\/activesport\/#breadcrumb\"},\"inLanguage\":\"es\",\"potentialAction\":[{\"@type\":\"ReadAction\",\"target\":[\"https:\/\/royotec.com\/es\/activesport\/\"]}]},{\"@type\":\"BreadcrumbList\",\"@id\":\"https:\/\/royotec.com\/es\/activesport\/#breadcrumb\",\"itemListElement\":[{\"@type\":\"ListItem\",\"position\":1,\"name\":\"Portada\",\"item\":\"https:\/\/royotec.com\/es\/\"},{\"@type\":\"ListItem\",\"position\":2,\"name\":\"Activesport\"}]},{\"@type\":\"WebSite\",\"@id\":\"https:\/\/royotec.com\/es\/#website\",\"url\":\"https:\/\/royotec.com\/es\/\",\"name\":\"ROYOTEC\",\"description\":\"The most advanced technology for the strongest protection\",\"potentialAction\":[{\"@type\":\"SearchAction\",\"target\":{\"@type\":\"EntryPoint\",\"urlTemplate\":\"https:\/\/royotec.com\/es\/?s={search_term_string}\"},\"query-input\":{\"@type\":\"PropertyValueSpecification\",\"valueRequired\":true,\"valueName\":\"search_term_string\"}}],\"inLanguage\":\"es\"}]}<\/script>\n<!-- \/ Yoast SEO plugin. -->","yoast_head_json":{"title":"Activesport - ROYOTEC","robots":{"index":"index","follow":"follow","max-snippet":"max-snippet:-1","max-image-preview":"max-image-preview:large","max-video-preview":"max-video-preview:-1"},"canonical":"https:\/\/royotec.com\/es\/activesport\/","og_locale":"es_ES","og_type":"article","og_title":"Activesport - ROYOTEC","og_description":"Tejidos t\u00e9cnicos basados en los art\u00edculos de Denim \u2013 Funci\u00f3n, desarrollados para la confecci\u00f3n de prendas destinadas al deporte y al ocio, con un componente de protecci\u00f3n y de moda. A continuaci\u00f3n le mostramos una serie de categor\u00edas generales donde Royotec tiene presencia con sus tejidos y una referencia a las marcas donde est\u00e1n englobados. [&hellip;]","og_url":"https:\/\/royotec.com\/es\/activesport\/","og_site_name":"ROYOTEC","article_modified_time":"2024-09-10T11:41:13+00:00","twitter_card":"summary_large_image","twitter_misc":{"Tiempo de lectura":"1 minuto"},"schema":{"@context":"https:\/\/schema.org","@graph":[{"@type":"WebPage","@id":"https:\/\/royotec.com\/es\/activesport\/","url":"https:\/\/royotec.com\/es\/activesport\/","name":"Activesport - ROYOTEC","isPartOf":{"@id":"https:\/\/royotec.com\/es\/#website"},"datePublished":"2017-08-28T15:18:40+00:00","dateModified":"2024-09-10T11:41:13+00:00","breadcrumb":{"@id":"https:\/\/royotec.com\/es\/activesport\/#breadcrumb"},"inLanguage":"es","potentialAction":[{"@type":"ReadAction","target":["https:\/\/royotec.com\/es\/activesport\/"]}]},{"@type":"BreadcrumbList","@id":"https:\/\/royotec.com\/es\/activesport\/#breadcrumb","itemListElement":[{"@type":"ListItem","position":1,"name":"Portada","item":"https:\/\/royotec.com\/es\/"},{"@type":"ListItem","position":2,"name":"Activesport"}]},{"@type":"WebSite","@id":"https:\/\/royotec.com\/es\/#website","url":"https:\/\/royotec.com\/es\/","name":"ROYOTEC","description":"The most advanced technology for the strongest protection","potentialAction":[{"@type":"SearchAction","target":{"@type":"EntryPoint","urlTemplate":"https:\/\/royotec.com\/es\/?s={search_term_string}"},"query-input":{"@type":"PropertyValueSpecification","valueRequired":true,"valueName":"search_term_string"}}],"inLanguage":"es"}]}},"_links":{"self":[{"href":"https:\/\/royotec.com\/es\/wp-json\/wp\/v2\/pages\/194","targetHints":{"allow":["GET"]}}],"collection":[{"href":"https:\/\/royotec.com\/es\/wp-json\/wp\/v2\/pages"}],"about":[{"href":"https:\/\/royotec.com\/es\/wp-json\/wp\/v2\/types\/page"}],"author":[{"embeddable":true,"href":"https:\/\/royotec.com\/es\/wp-json\/wp\/v2\/users\/1"}],"replies":[{"embeddable":true,"href":"https:\/\/royotec.com\/es\/wp-json\/wp\/v2\/comments?post=194"}],"version-history":[{"count":13,"href":"https:\/\/royotec.com\/es\/wp-json\/wp\/v2\/pages\/194\/revisions"}],"predecessor-version":[{"id":1948,"href":"https:\/\/royotec.com\/es\/wp-json\/wp\/v2\/pages\/194\/revisions\/1948"}],"wp:attachment":[{"href":"https:\/\/royotec.com\/es\/wp-json\/wp\/v2\/media?parent=194"}],"curies":[{"name":"wp","href":"https:\/\/api.w.org\/{rel}","templated":true}]}}