{"id":198,"date":"2017-08-28T17:19:52","date_gmt":"2017-08-28T15:19:52","guid":{"rendered":"http:\/\/royotec.com\/?page_id=198"},"modified":"2017-10-11T11:39:09","modified_gmt":"2017-10-11T09:39:09","slug":"marcas","status":"publish","type":"page","link":"https:\/\/royotec.com\/es\/marcas\/","title":{"rendered":"Marcas"},"content":{"rendered":"<p>Marcas<\/p>\n<p>Estas son nuestras familias de tejido t\u00e9cnico desarrolladas y patentadas por Royotec. En cada una de ellas encontrar\u00e1 nuestra aportaci\u00f3n de valor al mercado de la prenda t\u00e9cnica, junto con la normativa que cubren en cada caso.<\/p>\n<p>WORKPROTECTION<\/p>\n<p>RIDERPROTECTION<\/p>\n<p>ACTIVESPORT<\/p>\n<p><!-- {\"name\":\"\",\"type\":\"layout\",\"children\":[{\"name\":\"Marcas\",\"type\":\"section\",\"props\":{\"width\":\"default\",\"padding\":\"large\",\"style\":\"default\",\"text_color\":\"\",\"media\":\"images\\\/home-header.jpg\",\"height_viewport\":true,\"header_overlay\":\"light\",\"image\":\"wp-content\\\/uploads\\\/fullscreen_frontpage_d.jpg\",\"media_advanced\":true,\"image_size\":\"cover\",\"media_background\":null,\"media_overlay\":null,\"height\":\"full\",\"animation\":\"\",\"header_transparent\":\"\",\"image_position\":\"center-center\",\"image_width\":\"\",\"image_height\":\"\",\"image_fixed\":false,\"media_blend_mode\":\"\",\"overlap\":false,\"padding_remove_bottom\":false,\"image_visibility\":\"\",\"image_effect\":\"parallax\",\"image_parallax\":-540,\"padding_remove_top\":false,\"image_parallax_bgy_end\":\"\",\"image_parallax_bgy_start\":\"70\",\"image_parallax_bgx_start\":\"\",\"image_parallax_bgx_end\":\"\",\"image_parallax_breakpoint\":\"m\",\"vertical_align\":\"middle\",\"title_position\":\"top-left\",\"title_rotation\":\"left\",\"title_breakpoint\":\"xl\"},\"children\":[{\"name\":\"\",\"type\":\"row\",\"props\":{\"layout\":\",\",\"breakpoint\":\"m\",\"fixed_width\":\"large\",\"margin\":\"large\",\"vertical_align\":false,\"match\":false,\"width\":\"expand\",\"gutter\":\"small\",\"divider\":false},\"children\":[{\"name\":\"\",\"type\":\"column\",\"props\":{\"image_position\":\"center-center\",\"widths\":[\"\"],\"style\":\"\",\"image\":\"\",\"image_size\":\"cover\"},\"children\":[{\"name\":\"\",\"type\":\"headline\",\"props\":{\"title_element\":\"h2\",\"content\":\"Marcas\",\"title_style\":\"heading-primary\",\"title_decoration\":\"\",\"title_color\":\"primary\",\"text_align\":\"center\"}},{\"name\":\"\",\"type\":\"divider\",\"props\":{\"divider_element\":\"hr\"}},{\"name\":\"\",\"type\":\"text\",\"props\":{\"margin\":\"default\",\"column_breakpoint\":\"m\",\"content\":\"\n\n<p>Estas son nuestras familias de tejido t\\u00e9cnico desarrolladas y patentadas por Royotec. En cada una de ellas encontrar\\u00e1 nuestra aportaci\\u00f3n de valor al mercado de la prenda t\\u00e9cnica, junto con la normativa que cubren en cada caso.<\\\/p>\",\"text_size\":\"large\",\"text_color\":\"primary\",\"text_align\":\"center\"}}]},{\"name\":\"\",\"type\":\"column\",\"props\":{\"widths\":[\"\"],\"image_position\":\"center-center\"}}]},{\"name\":\"\",\"type\":\"row\",\"props\":{\"fixed_width\":\"large\",\"breakpoint\":\"m\",\"layout\":\",,\",\"divider\":true,\"match\":true},\"children\":[{\"name\":\"\",\"type\":\"column\",\"props\":{\"widths\":[\"\"],\"image_position\":\"center-center\"},\"children\":[{\"name\":\"\",\"type\":\"headline\",\"props\":{\"title_element\":\"h3\",\"content\":\"WORKPROTECTION\",\"title_style\":\"h3\",\"text_align\":\"center\",\"title_color\":\"primary\",\"title_decoration\":\"\",\"id\":\"workprotection\"}},{\"name\":\"Tecnocorporate\",\"type\":\"image\",\"props\":{\"margin\":\"default\",\"image\":\"wp-content\\\/uploads\\\/tecnocorporate_logo.png\",\"text_align\":\"center\",\"link\":\"\\\/?page_id=206\"}},{\"name\":\"FR Denim Mac\",\"type\":\"image\",\"props\":{\"margin\":\"default\",\"image\":\"wp-content\\\/uploads\\\/frdenimmac_logo.png\",\"text_align\":\"center\",\"link\":\"\\\/?page_id=208\"}},{\"name\":\"FR Denim Multirisk\",\"type\":\"image\",\"props\":{\"margin\":\"default\",\"image\":\"wp-content\\\/uploads\\\/frdenimmultirisk_logo.png\",\"text_align\":\"center\",\"link\":\"\\\/?page_id=210\"}},{\"name\":\"FR Denim Multirisk Pro\",\"type\":\"image\",\"props\":{\"margin\":\"default\",\"image\":\"wp-content\\\/uploads\\\/frdenimmultiriskplus_logo-1.png\",\"text_align\":\"center\",\"link\":\"\\\/?page_id=212\"}},{\"name\":\"FR Denim Pro\",\"type\":\"image\",\"props\":{\"margin\":\"default\",\"image\":\"wp-content\\\/uploads\\\/frdenimpro_logo.png\",\"text_align\":\"center\",\"link\":\"\\\/?page_id=214\"}},{\"name\":\"FR Denim Smart Pro\",\"type\":\"image\",\"props\":{\"margin\":\"default\",\"image\":\"wp-content\\\/uploads\\\/frdenimsmart_logo-1.png\",\"text_align\":\"center\",\"link\":\"\\\/?page_id=216\"}},{\"name\":\"Denim Glass\",\"type\":\"image\",\"props\":{\"margin\":\"default\",\"image\":\"wp-content\\\/uploads\\\/denimglass_logo-1.png\",\"text_align\":\"center\",\"link\":\"\\\/?page_id=644\"}},{\"name\":\"Special Projects\",\"type\":\"image\",\"props\":{\"margin\":\"default\",\"image\":\"wp-content\\\/uploads\\\/specialprojects_logo.png\",\"text_align\":\"center\",\"link\":\"\\\/?page_id=218\"}}]},{\"name\":\"\",\"type\":\"column\",\"props\":{\"widths\":[\"\"],\"image_position\":\"center-center\"},\"children\":[{\"name\":\"\",\"type\":\"headline\",\"props\":{\"title_element\":\"h3\",\"content\":\"RIDERPROTECTION\",\"title_style\":\"h3\",\"text_align\":\"center\",\"title_color\":\"primary\",\"title_decoration\":\"\",\"id\":\"riderprotection\"}},{\"name\":\"X Plus Denim\",\"type\":\"image\",\"props\":{\"margin\":\"default\",\"image\":\"wp-content\\\/uploads\\\/xplusdenim_logo.png\",\"text_align\":\"center\",\"link\":\"\\\/?page_id=220\"}},{\"name\":\"X  Plus Leather\",\"type\":\"image\",\"props\":{\"margin\":\"default\",\"image\":\"wp-content\\\/uploads\\\/xplusleather_logo.png\",\"text_align\":\"center\",\"link\":\"\\\/?page_id=222\"}},{\"name\":\"GP Rider Denim\",\"type\":\"image\",\"props\":{\"margin\":\"default\",\"image\":\"wp-content\\\/uploads\\\/gpriderdenim_logo-1-1.png\",\"text_align\":\"center\",\"link\":\"\\\/?page_id=224\"}},{\"name\":\"Bike Denim\",\"type\":\"image\",\"props\":{\"margin\":\"default\",\"image\":\"wp-content\\\/uploads\\\/bikedenim_logo-1.png\",\"text_align\":\"center\",\"link\":\"\\\/?page_id=226\"}}]},{\"name\":\"\",\"type\":\"column\",\"props\":{\"widths\":[\"\"],\"image_position\":\"center-center\"},\"children\":[{\"name\":\"\",\"type\":\"headline\",\"props\":{\"title_element\":\"h3\",\"content\":\"ACTIVESPORT\",\"title_style\":\"h3\",\"text_align\":\"center\",\"title_color\":\"primary\",\"title_decoration\":\"\",\"id\":\"activesport\"}},{\"name\":\"Dynamic Denim\",\"type\":\"image\",\"props\":{\"margin\":\"default\",\"image\":\"wp-content\\\/uploads\\\/dynamicdenim_logo.png\",\"text_align\":\"center\",\"link\":\"\\\/?page_id=228\"}},{\"name\":\"Winter Denim\",\"type\":\"image\",\"props\":{\"margin\":\"default\",\"image\":\"wp-content\\\/uploads\\\/winterdenim_logo.png\",\"text_align\":\"center\",\"link\":\"\\\/?page_id=230\"}}]}]}]}]} --><\/p>\n","protected":false},"excerpt":{"rendered":"<p>Marcas Estas son nuestras familias de tejido t\u00e9cnico desarrolladas y patentadas por Royotec. En cada una de ellas encontrar\u00e1 nuestra aportaci\u00f3n de valor al mercado de la prenda t\u00e9cnica, junto con la normativa que cubren en cada caso. WORKPROTECTION RIDERPROTECTION ACTIVESPORT<\/p>\n","protected":false},"author":1,"featured_media":0,"parent":0,"menu_order":0,"comment_status":"closed","ping_status":"closed","template":"","meta":{"footnotes":""},"class_list":["post-198","page","type-page","status-publish","hentry"],"yoast_head":"<!-- This site is optimized with the Yoast SEO plugin v26.8 - https:\/\/yoast.com\/product\/yoast-seo-wordpress\/ -->\n<title>Marcas - ROYOTEC<\/title>\n<meta name=\"robots\" content=\"index, follow, max-snippet:-1, max-image-preview:large, max-video-preview:-1\" \/>\n<link rel=\"canonical\" href=\"https:\/\/royotec.com\/es\/marcas\/\" \/>\n<meta property=\"og:locale\" content=\"es_ES\" \/>\n<meta property=\"og:type\" content=\"article\" \/>\n<meta property=\"og:title\" content=\"Marcas - ROYOTEC\" \/>\n<meta property=\"og:description\" content=\"Marcas Estas son nuestras familias de tejido t\u00e9cnico desarrolladas y patentadas por Royotec. En cada una de ellas encontrar\u00e1 nuestra aportaci\u00f3n de valor al mercado de la prenda t\u00e9cnica, junto con la normativa que cubren en cada caso. WORKPROTECTION RIDERPROTECTION ACTIVESPORT\" \/>\n<meta property=\"og:url\" content=\"https:\/\/royotec.com\/es\/marcas\/\" \/>\n<meta property=\"og:site_name\" content=\"ROYOTEC\" \/>\n<meta property=\"article:modified_time\" content=\"2017-10-11T09:39:09+00:00\" \/>\n<meta name=\"twitter:card\" content=\"summary_large_image\" \/>\n<script type=\"application\/ld+json\" class=\"yoast-schema-graph\">{\"@context\":\"https:\/\/schema.org\",\"@graph\":[{\"@type\":\"WebPage\",\"@id\":\"https:\/\/royotec.com\/es\/marcas\/\",\"url\":\"https:\/\/royotec.com\/es\/marcas\/\",\"name\":\"Marcas - ROYOTEC\",\"isPartOf\":{\"@id\":\"https:\/\/royotec.com\/es\/#website\"},\"datePublished\":\"2017-08-28T15:19:52+00:00\",\"dateModified\":\"2017-10-11T09:39:09+00:00\",\"breadcrumb\":{\"@id\":\"https:\/\/royotec.com\/es\/marcas\/#breadcrumb\"},\"inLanguage\":\"es\",\"potentialAction\":[{\"@type\":\"ReadAction\",\"target\":[\"https:\/\/royotec.com\/es\/marcas\/\"]}]},{\"@type\":\"BreadcrumbList\",\"@id\":\"https:\/\/royotec.com\/es\/marcas\/#breadcrumb\",\"itemListElement\":[{\"@type\":\"ListItem\",\"position\":1,\"name\":\"Portada\",\"item\":\"https:\/\/royotec.com\/es\/\"},{\"@type\":\"ListItem\",\"position\":2,\"name\":\"Marcas\"}]},{\"@type\":\"WebSite\",\"@id\":\"https:\/\/royotec.com\/es\/#website\",\"url\":\"https:\/\/royotec.com\/es\/\",\"name\":\"ROYOTEC\",\"description\":\"The most advanced technology for the strongest protection\",\"potentialAction\":[{\"@type\":\"SearchAction\",\"target\":{\"@type\":\"EntryPoint\",\"urlTemplate\":\"https:\/\/royotec.com\/es\/?s={search_term_string}\"},\"query-input\":{\"@type\":\"PropertyValueSpecification\",\"valueRequired\":true,\"valueName\":\"search_term_string\"}}],\"inLanguage\":\"es\"}]}<\/script>\n<!-- \/ Yoast SEO plugin. -->","yoast_head_json":{"title":"Marcas - ROYOTEC","robots":{"index":"index","follow":"follow","max-snippet":"max-snippet:-1","max-image-preview":"max-image-preview:large","max-video-preview":"max-video-preview:-1"},"canonical":"https:\/\/royotec.com\/es\/marcas\/","og_locale":"es_ES","og_type":"article","og_title":"Marcas - ROYOTEC","og_description":"Marcas Estas son nuestras familias de tejido t\u00e9cnico desarrolladas y patentadas por Royotec. En cada una de ellas encontrar\u00e1 nuestra aportaci\u00f3n de valor al mercado de la prenda t\u00e9cnica, junto con la normativa que cubren en cada caso. WORKPROTECTION RIDERPROTECTION ACTIVESPORT","og_url":"https:\/\/royotec.com\/es\/marcas\/","og_site_name":"ROYOTEC","article_modified_time":"2017-10-11T09:39:09+00:00","twitter_card":"summary_large_image","schema":{"@context":"https:\/\/schema.org","@graph":[{"@type":"WebPage","@id":"https:\/\/royotec.com\/es\/marcas\/","url":"https:\/\/royotec.com\/es\/marcas\/","name":"Marcas - ROYOTEC","isPartOf":{"@id":"https:\/\/royotec.com\/es\/#website"},"datePublished":"2017-08-28T15:19:52+00:00","dateModified":"2017-10-11T09:39:09+00:00","breadcrumb":{"@id":"https:\/\/royotec.com\/es\/marcas\/#breadcrumb"},"inLanguage":"es","potentialAction":[{"@type":"ReadAction","target":["https:\/\/royotec.com\/es\/marcas\/"]}]},{"@type":"BreadcrumbList","@id":"https:\/\/royotec.com\/es\/marcas\/#breadcrumb","itemListElement":[{"@type":"ListItem","position":1,"name":"Portada","item":"https:\/\/royotec.com\/es\/"},{"@type":"ListItem","position":2,"name":"Marcas"}]},{"@type":"WebSite","@id":"https:\/\/royotec.com\/es\/#website","url":"https:\/\/royotec.com\/es\/","name":"ROYOTEC","description":"The most advanced technology for the strongest protection","potentialAction":[{"@type":"SearchAction","target":{"@type":"EntryPoint","urlTemplate":"https:\/\/royotec.com\/es\/?s={search_term_string}"},"query-input":{"@type":"PropertyValueSpecification","valueRequired":true,"valueName":"search_term_string"}}],"inLanguage":"es"}]}},"_links":{"self":[{"href":"https:\/\/royotec.com\/es\/wp-json\/wp\/v2\/pages\/198","targetHints":{"allow":["GET"]}}],"collection":[{"href":"https:\/\/royotec.com\/es\/wp-json\/wp\/v2\/pages"}],"about":[{"href":"https:\/\/royotec.com\/es\/wp-json\/wp\/v2\/types\/page"}],"author":[{"embeddable":true,"href":"https:\/\/royotec.com\/es\/wp-json\/wp\/v2\/users\/1"}],"replies":[{"embeddable":true,"href":"https:\/\/royotec.com\/es\/wp-json\/wp\/v2\/comments?post=198"}],"version-history":[{"count":11,"href":"https:\/\/royotec.com\/es\/wp-json\/wp\/v2\/pages\/198\/revisions"}],"predecessor-version":[{"id":1698,"href":"https:\/\/royotec.com\/es\/wp-json\/wp\/v2\/pages\/198\/revisions\/1698"}],"wp:attachment":[{"href":"https:\/\/royotec.com\/es\/wp-json\/wp\/v2\/media?parent=198"}],"curies":[{"name":"wp","href":"https:\/\/api.w.org\/{rel}","templated":true}]}}