{"id":206,"date":"2017-08-28T17:21:31","date_gmt":"2017-08-28T15:21:31","guid":{"rendered":"http:\/\/royotec.com\/?page_id=206"},"modified":"2017-10-10T11:49:50","modified_gmt":"2017-10-10T09:49:50","slug":"tecnocorporate","status":"publish","type":"page","link":"https:\/\/royotec.com\/es\/marcas\/workprotection\/tecnocorporate\/","title":{"rendered":"Tecnocorporate"},"content":{"rendered":"<p>Tejidos t\u00e9cnicos desarrollados para la comodidad funcional, la buena apariencia y la facilidad del mantenimiento de las prendas creadas con ellos.<\/p>\n<p>Tejidos para la confecci\u00f3n de prendas destinadas a:<\/p>\n<p>M\u00e9dicos, Enfermeras, Farmac\u00e9uticos y resto de personal sanitario \u2022 Peluqueros \u2022 Cocineros, Camareros y Manipuladores de alimentos \u2022 Conductores \u2022 Dependientes y personal uniformado en general<\/p>\n<p>Caracter\u00edsticas:<\/p>\n<p>Suavidad y sensaci\u00f3n confortable al tacto \u2022 Termorregulaci\u00f3n de la temperatura corporal \u2022 Comodidad y buena ca\u00edda \u2022 Antiarrugas \u2022 Antimanchas \u2022 Secado r\u00e1pido \u2022 Repelencia a las salpicaduras de agua (opcional) \u2022 Antiest\u00e1tico (opcional) \u2022 Ecol\u00f3gico, 100% biodegradable \u2022 Lavado dom\u00e9stico \u2022 Posibilidad de selecci\u00f3n de colores corporativos<\/p>\n<p>Certificaciones:<\/p>\n<p>UNE EN 1149-3 ANTIEST\u00c1TICO<\/p>\n<p>UNE EN 31092 TRANSPIRABILIDAD<\/p>\n<p><!-- {\"name\":\"\",\"type\":\"layout\",\"children\":[{\"name\":\"Encabezado Familia\",\"type\":\"section\",\"props\":{\"width\":\"default\",\"padding\":\"large\",\"style\":\"default\",\"text_color\":\"\",\"media\":\"images\\\/home-header.jpg\",\"height_viewport\":true,\"header_overlay\":\"light\",\"image\":\"wp-content\\\/uploads\\\/fullscreen_tecnoconfort.jpg\",\"media_advanced\":true,\"image_size\":\"cover\",\"media_background\":null,\"media_overlay\":null,\"height\":\"full\",\"animation\":\"\",\"header_transparent\":\"\",\"image_position\":\"center-center\",\"image_width\":\"\",\"image_height\":\"\",\"image_fixed\":false,\"media_blend_mode\":\"\",\"overlap\":false,\"padding_remove_bottom\":false,\"image_visibility\":\"\",\"image_effect\":\"parallax\",\"image_parallax\":-540,\"padding_remove_top\":false,\"image_parallax_bgy_end\":\"\",\"image_parallax_bgy_start\":\"70\",\"image_parallax_bgx_start\":\"\",\"image_parallax_bgx_end\":\"\",\"image_parallax_breakpoint\":\"m\",\"vertical_align\":\"middle\",\"title_position\":\"top-left\",\"title_rotation\":\"left\",\"title_breakpoint\":\"xl\"},\"children\":[{\"name\":\"\",\"type\":\"row\",\"props\":{\"layout\":\",\",\"breakpoint\":\"\",\"fixed_width\":\"large\",\"margin\":\"large\",\"vertical_align\":false,\"match\":false,\"width\":\"expand\",\"gutter\":\"small\",\"divider\":false},\"children\":[{\"name\":\"\",\"type\":\"column\",\"props\":{\"image_position\":\"center-center\",\"widths\":[\"\"],\"style\":\"primary\",\"image\":\"\",\"image_size\":\"cover\",\"text_color\":\"light\"},\"children\":[{\"name\":\"\",\"type\":\"image\",\"props\":{\"margin\":\"default\",\"image\":\"wp-content\\\/uploads\\\/claim_tecnocorporate.png\"}},{\"name\":\"\",\"type\":\"image\",\"props\":{\"margin\":\"default\",\"image\":\"wp-content\\\/uploads\\\/tecnocorporate_logo.png\",\"text_align\":\"center\"}},{\"name\":\"\",\"type\":\"text\",\"props\":{\"margin\":\"default\",\"column_breakpoint\":\"m\",\"content\":\"\n\n<p>Tejidos t\\u00e9cnicos desarrollados para la comodidad funcional, la buena apariencia y la facilidad del mantenimiento de las prendas creadas con ellos.<\\\/p>\",\"text_color\":\"\",\"text_size\":\"large\",\"text_align\":\"center\"}},{\"name\":\"\",\"type\":\"image\",\"props\":{\"margin\":\"default\",\"image\":\"wp-content\\\/uploads\\\/Cert_tecnocorporate.jpg\",\"text_align\":\"center\"}}]},{\"name\":\"\",\"type\":\"column\",\"props\":{\"widths\":[\"\"],\"image_position\":\"center-center\"}}]}]},{\"name\":\"Desarrollo Marca\",\"type\":\"section\",\"props\":{\"width\":\"default\",\"padding\":\"large\",\"style\":\"default\",\"text_color\":\"\",\"media\":\"images\\\/home-header.jpg\",\"height_viewport\":true,\"header_overlay\":\"light\",\"image\":\"wp-content\\\/uploads\\\/tecnocorporate-2.jpg\",\"media_advanced\":true,\"image_size\":\"cover\",\"media_background\":null,\"media_overlay\":null,\"height\":\"full\",\"animation\":\"\",\"header_transparent\":\"\",\"image_position\":\"center-center\",\"image_width\":\"\",\"image_height\":\"\",\"image_fixed\":false,\"media_blend_mode\":\"\",\"overlap\":false,\"padding_remove_bottom\":false,\"image_visibility\":\"\",\"image_effect\":\"parallax\",\"image_parallax\":-540,\"padding_remove_top\":false,\"image_parallax_bgy_end\":\"\",\"image_parallax_bgy_start\":\"70\",\"image_parallax_bgx_start\":\"\",\"image_parallax_bgx_end\":\"\",\"image_parallax_breakpoint\":\"m\",\"vertical_align\":\"middle\",\"title_position\":\"top-left\",\"title_rotation\":\"left\",\"title_breakpoint\":\"xl\"},\"children\":[{\"name\":\"\",\"type\":\"row\",\"props\":{\"layout\":\",\",\"breakpoint\":\"\",\"fixed_width\":\"large\",\"margin\":\"large\",\"vertical_align\":false,\"match\":false,\"width\":\"expand\",\"gutter\":\"small\",\"divider\":false},\"children\":[{\"name\":\"\",\"type\":\"column\",\"props\":{\"image_position\":\"center-center\",\"widths\":[\"\"],\"style\":\"\",\"image\":\"\",\"image_size\":\"cover\"}},{\"name\":\"\",\"type\":\"column\",\"props\":{\"widths\":[\"\"],\"image_position\":\"center-center\",\"style\":\"default\"},\"children\":[{\"name\":\"\",\"type\":\"headline\",\"props\":{\"title_element\":\"div\",\"content\":\"Tejidos para la confecci\\u00f3n de prendas destinadas a:\",\"text_align\":\"center\",\"title_style\":\"h5\",\"title_decoration\":\"\",\"margin_remove_bottom\":false,\"margin\":\"small\"}},{\"name\":\"Destinado a:\",\"type\":\"text\",\"props\":{\"margin\":\"default\",\"column_breakpoint\":\"m\",\"content\":\"\n\n<p>M\\u00e9dicos, Enfermeras, Farmac\\u00e9uticos y resto de personal sanitario \\u2022 Peluqueros \\u2022 Cocineros, Camareros y Manipuladores de alimentos \\u2022 Conductores \\u2022 Dependientes y personal uniformado en general<\\\/p>\",\"text_size\":\"\",\"text_color\":\"\",\"text_align\":\"center\",\"margin_remove_top\":true}},{\"name\":\"\",\"type\":\"headline\",\"props\":{\"title_element\":\"div\",\"content\":\"Caracter\\u00edsticas:\",\"text_align\":\"center\",\"title_style\":\"h5\",\"title_decoration\":\"\",\"margin_remove_bottom\":false,\"margin\":\"small\"}},{\"name\":\"Caracter\\u00edsticas\",\"type\":\"text\",\"props\":{\"margin\":\"default\",\"column_breakpoint\":\"m\",\"content\":\"\n\n<p>Suavidad y sensaci\\u00f3n confortable al tacto \\u2022 Termorregulaci\\u00f3n de la temperatura corporal \\u2022 Comodidad y buena ca\\u00edda \\u2022 Antiarrugas \\u2022 Antimanchas \\u2022 Secado r\\u00e1pido \\u2022 Repelencia a las salpicaduras de agua (opcional) \\u2022 Antiest\\u00e1tico (opcional) \\u2022 Ecol\\u00f3gico, 100% biodegradable \\u2022 Lavado dom\\u00e9stico \\u2022 Posibilidad de selecci\\u00f3n de colores corporativos<\\\/p>\",\"text_size\":\"\",\"text_color\":\"\",\"text_align\":\"center\",\"margin_remove_top\":true}},{\"name\":\"\",\"type\":\"headline\",\"props\":{\"title_element\":\"div\",\"content\":\"Certificaciones:\",\"text_align\":\"center\",\"title_style\":\"h5\",\"title_decoration\":\"\",\"margin\":\"small\"}},{\"name\":\"Lista Certificaciones\",\"type\":\"list\",\"props\":{\"show_image\":true,\"show_link\":true,\"image_align\":\"left\",\"text_align\":\"center\",\"margin_remove_top\":true,\"content_style\":\"\"},\"children\":[{\"name\":\"\",\"type\":\"list_item\",\"props\":{\"content\":\"UNE EN 1149-3 ANTIEST\\u00c1TICO\",\"link\":\"\"}},{\"name\":\"\",\"type\":\"list_item\",\"props\":{\"content\":\"UNE EN 31092 TRANSPIRABILIDAD\"}}]},{\"name\":\"\",\"type\":\"image\",\"props\":{\"margin\":\"default\",\"image\":\"wp-content\\\/uploads\\\/tencel_300.jpg\",\"text_align\":\"center\"}}]}]}]}]} --><\/p>\n","protected":false},"excerpt":{"rendered":"<p>Tejidos t\u00e9cnicos desarrollados para la comodidad funcional, la buena apariencia y la facilidad del mantenimiento de las prendas creadas con ellos. Tejidos para la confecci\u00f3n de prendas destinadas a: M\u00e9dicos, Enfermeras, Farmac\u00e9uticos y resto de personal sanitario \u2022 Peluqueros \u2022 Cocineros, Camareros y Manipuladores de alimentos \u2022 Conductores \u2022 Dependientes y personal uniformado en general [&hellip;]<\/p>\n","protected":false},"author":1,"featured_media":0,"parent":200,"menu_order":0,"comment_status":"closed","ping_status":"closed","template":"","meta":{"footnotes":""},"class_list":["post-206","page","type-page","status-publish","hentry"],"yoast_head":"<!-- This site is optimized with the Yoast SEO plugin v26.8 - https:\/\/yoast.com\/product\/yoast-seo-wordpress\/ -->\n<title>Tecnocorporate - ROYOTEC<\/title>\n<meta name=\"robots\" content=\"index, follow, max-snippet:-1, max-image-preview:large, max-video-preview:-1\" \/>\n<link rel=\"canonical\" href=\"https:\/\/royotec.com\/en\/brands\/workprotection\/tecnocorporate\/\" \/>\n<meta property=\"og:locale\" content=\"es_ES\" \/>\n<meta property=\"og:type\" content=\"article\" \/>\n<meta property=\"og:title\" content=\"Tecnocorporate - ROYOTEC\" \/>\n<meta property=\"og:description\" content=\"Tejidos t\u00e9cnicos desarrollados para la comodidad funcional, la buena apariencia y la facilidad del mantenimiento de las prendas creadas con ellos. Tejidos para la confecci\u00f3n de prendas destinadas a: M\u00e9dicos, Enfermeras, Farmac\u00e9uticos y resto de personal sanitario \u2022 Peluqueros \u2022 Cocineros, Camareros y Manipuladores de alimentos \u2022 Conductores \u2022 Dependientes y personal uniformado en general [&hellip;]\" \/>\n<meta property=\"og:url\" content=\"https:\/\/royotec.com\/en\/brands\/workprotection\/tecnocorporate\/\" \/>\n<meta property=\"og:site_name\" content=\"ROYOTEC\" \/>\n<meta property=\"article:modified_time\" content=\"2017-10-10T09:49:50+00:00\" \/>\n<meta name=\"twitter:card\" content=\"summary_large_image\" \/>\n<meta name=\"twitter:label1\" content=\"Tiempo de lectura\" \/>\n\t<meta name=\"twitter:data1\" content=\"1 minuto\" \/>\n<script type=\"application\/ld+json\" class=\"yoast-schema-graph\">{\"@context\":\"https:\/\/schema.org\",\"@graph\":[{\"@type\":\"WebPage\",\"@id\":\"https:\/\/royotec.com\/en\/brands\/workprotection\/tecnocorporate\/\",\"url\":\"https:\/\/royotec.com\/en\/brands\/workprotection\/tecnocorporate\/\",\"name\":\"Tecnocorporate - ROYOTEC\",\"isPartOf\":{\"@id\":\"https:\/\/royotec.com\/es\/#website\"},\"datePublished\":\"2017-08-28T15:21:31+00:00\",\"dateModified\":\"2017-10-10T09:49:50+00:00\",\"breadcrumb\":{\"@id\":\"https:\/\/royotec.com\/en\/brands\/workprotection\/tecnocorporate\/#breadcrumb\"},\"inLanguage\":\"es\",\"potentialAction\":[{\"@type\":\"ReadAction\",\"target\":[\"https:\/\/royotec.com\/en\/brands\/workprotection\/tecnocorporate\/\"]}]},{\"@type\":\"BreadcrumbList\",\"@id\":\"https:\/\/royotec.com\/en\/brands\/workprotection\/tecnocorporate\/#breadcrumb\",\"itemListElement\":[{\"@type\":\"ListItem\",\"position\":1,\"name\":\"Portada\",\"item\":\"https:\/\/royotec.com\/es\/\"},{\"@type\":\"ListItem\",\"position\":2,\"name\":\"Marcas\",\"item\":\"https:\/\/royotec.com\/es\/marcas\/\"},{\"@type\":\"ListItem\",\"position\":3,\"name\":\"Workprotection\",\"item\":\"https:\/\/royotec.com\/es\/marcas\/workprotection\/\"},{\"@type\":\"ListItem\",\"position\":4,\"name\":\"Tecnocorporate\"}]},{\"@type\":\"WebSite\",\"@id\":\"https:\/\/royotec.com\/es\/#website\",\"url\":\"https:\/\/royotec.com\/es\/\",\"name\":\"ROYOTEC\",\"description\":\"The most advanced technology for the strongest protection\",\"potentialAction\":[{\"@type\":\"SearchAction\",\"target\":{\"@type\":\"EntryPoint\",\"urlTemplate\":\"https:\/\/royotec.com\/es\/?s={search_term_string}\"},\"query-input\":{\"@type\":\"PropertyValueSpecification\",\"valueRequired\":true,\"valueName\":\"search_term_string\"}}],\"inLanguage\":\"es\"}]}<\/script>\n<!-- \/ Yoast SEO plugin. -->","yoast_head_json":{"title":"Tecnocorporate - ROYOTEC","robots":{"index":"index","follow":"follow","max-snippet":"max-snippet:-1","max-image-preview":"max-image-preview:large","max-video-preview":"max-video-preview:-1"},"canonical":"https:\/\/royotec.com\/en\/brands\/workprotection\/tecnocorporate\/","og_locale":"es_ES","og_type":"article","og_title":"Tecnocorporate - ROYOTEC","og_description":"Tejidos t\u00e9cnicos desarrollados para la comodidad funcional, la buena apariencia y la facilidad del mantenimiento de las prendas creadas con ellos. Tejidos para la confecci\u00f3n de prendas destinadas a: M\u00e9dicos, Enfermeras, Farmac\u00e9uticos y resto de personal sanitario \u2022 Peluqueros \u2022 Cocineros, Camareros y Manipuladores de alimentos \u2022 Conductores \u2022 Dependientes y personal uniformado en general [&hellip;]","og_url":"https:\/\/royotec.com\/en\/brands\/workprotection\/tecnocorporate\/","og_site_name":"ROYOTEC","article_modified_time":"2017-10-10T09:49:50+00:00","twitter_card":"summary_large_image","twitter_misc":{"Tiempo de lectura":"1 minuto"},"schema":{"@context":"https:\/\/schema.org","@graph":[{"@type":"WebPage","@id":"https:\/\/royotec.com\/en\/brands\/workprotection\/tecnocorporate\/","url":"https:\/\/royotec.com\/en\/brands\/workprotection\/tecnocorporate\/","name":"Tecnocorporate - ROYOTEC","isPartOf":{"@id":"https:\/\/royotec.com\/es\/#website"},"datePublished":"2017-08-28T15:21:31+00:00","dateModified":"2017-10-10T09:49:50+00:00","breadcrumb":{"@id":"https:\/\/royotec.com\/en\/brands\/workprotection\/tecnocorporate\/#breadcrumb"},"inLanguage":"es","potentialAction":[{"@type":"ReadAction","target":["https:\/\/royotec.com\/en\/brands\/workprotection\/tecnocorporate\/"]}]},{"@type":"BreadcrumbList","@id":"https:\/\/royotec.com\/en\/brands\/workprotection\/tecnocorporate\/#breadcrumb","itemListElement":[{"@type":"ListItem","position":1,"name":"Portada","item":"https:\/\/royotec.com\/es\/"},{"@type":"ListItem","position":2,"name":"Marcas","item":"https:\/\/royotec.com\/es\/marcas\/"},{"@type":"ListItem","position":3,"name":"Workprotection","item":"https:\/\/royotec.com\/es\/marcas\/workprotection\/"},{"@type":"ListItem","position":4,"name":"Tecnocorporate"}]},{"@type":"WebSite","@id":"https:\/\/royotec.com\/es\/#website","url":"https:\/\/royotec.com\/es\/","name":"ROYOTEC","description":"The most advanced technology for the strongest protection","potentialAction":[{"@type":"SearchAction","target":{"@type":"EntryPoint","urlTemplate":"https:\/\/royotec.com\/es\/?s={search_term_string}"},"query-input":{"@type":"PropertyValueSpecification","valueRequired":true,"valueName":"search_term_string"}}],"inLanguage":"es"}]}},"_links":{"self":[{"href":"https:\/\/royotec.com\/es\/wp-json\/wp\/v2\/pages\/206","targetHints":{"allow":["GET"]}}],"collection":[{"href":"https:\/\/royotec.com\/es\/wp-json\/wp\/v2\/pages"}],"about":[{"href":"https:\/\/royotec.com\/es\/wp-json\/wp\/v2\/types\/page"}],"author":[{"embeddable":true,"href":"https:\/\/royotec.com\/es\/wp-json\/wp\/v2\/users\/1"}],"replies":[{"embeddable":true,"href":"https:\/\/royotec.com\/es\/wp-json\/wp\/v2\/comments?post=206"}],"version-history":[{"count":19,"href":"https:\/\/royotec.com\/es\/wp-json\/wp\/v2\/pages\/206\/revisions"}],"predecessor-version":[{"id":1642,"href":"https:\/\/royotec.com\/es\/wp-json\/wp\/v2\/pages\/206\/revisions\/1642"}],"up":[{"embeddable":true,"href":"https:\/\/royotec.com\/es\/wp-json\/wp\/v2\/pages\/200"}],"wp:attachment":[{"href":"https:\/\/royotec.com\/es\/wp-json\/wp\/v2\/media?parent=206"}],"curies":[{"name":"wp","href":"https:\/\/api.w.org\/{rel}","templated":true}]}}