{"id":208,"date":"2017-08-28T17:21:46","date_gmt":"2017-08-28T15:21:46","guid":{"rendered":"http:\/\/royotec.com\/?page_id=208"},"modified":"2017-10-07T10:11:49","modified_gmt":"2017-10-07T08:11:49","slug":"fr-denim-mac","status":"publish","type":"page","link":"https:\/\/royotec.com\/es\/marcas\/workprotection\/fr-denim-mac\/","title":{"rendered":"FR Denim Mac"},"content":{"rendered":"<p>Tejido denim ign\u00edfugo permanente multinorma. Gracias a su termo-tecnolog\u00eda avanzada que combina fibras naturales con fibras ign\u00edfugas inherentes de nueva generaci\u00f3n las prendas de protecci\u00f3n confeccionadas con este tejido tambi\u00e9n ofrecen un confort \u00f3ptimo y una gran durabilidad. Es muy adecuado para actividades en las que el usuario pueda estar temporalmente expuesto a diferentes riesgos.<\/p>\n<p>Esta l\u00ednea de tejidos ofrece buenos resultados tanto en lavados dom\u00e9sticos (EN ISO 15797) como en lavander\u00edas industriales (EN 6330).<\/p>\n<p>Tejidos para la confecci\u00f3n de prendas destinadas a:<\/p>\n<p>Compa\u00f1\u00edas de automoci\u00f3n \u2022 Utilities \u2022 Subcontratas el\u00e9ctricas y gas \u2022 Estaciones de servicio \u2022 Compa\u00f1\u00edas de gas \u2022 Fuerzas de seguridad \u2022 Transporte y log\u00edstica de productos inflamables \u2022 Otras actividades variadas<\/p>\n<p>Caracter\u00edsticas:<\/p>\n<p>Aut\u00e9ntico Tejido Denim \u2022 Ign\u00edfugo y antiest\u00e1tico \u2022 Aislamiento t\u00e9rmico \u2022 Protecci\u00f3n frente a la descarga el\u00e9ctrica \u2022 Protecci\u00f3n frente a peque\u00f1as salpicaduras de metal fundido \u2022 Resistencia a la abrasi\u00f3n \u2022 Lavado industrial \u2022 Fibras el\u00e1sticas (algunos modelos) <\/p>\n<p>Certificaciones:<\/p>\n<p>UNE EN 1149-3 antiest\u00e1tico contra riesgo de explosi\u00f3n en zonas ATEX <\/p>\n<p>EN ISO 11611 protecci\u00f3n contra la soldadura y procesos afines<\/p>\n<p>EN ISO 11612 protecci\u00f3n contra el calor y la llama<\/p>\n<p>UNE EN 61482-1-2 protecci\u00f3n contra un arco el\u00e9ctrico<\/p>\n<p><!-- {\"name\":\"\",\"type\":\"layout\",\"children\":[{\"name\":\"Encabezado Familia\",\"type\":\"section\",\"props\":{\"width\":\"default\",\"padding\":\"large\",\"style\":\"default\",\"text_color\":\"\",\"media\":\"images\\\/home-header.jpg\",\"height_viewport\":true,\"header_overlay\":\"light\",\"image\":\"wp-content\\\/uploads\\\/fullscreen_frdenimmac.jpg\",\"media_advanced\":true,\"image_size\":\"cover\",\"media_background\":null,\"media_overlay\":null,\"height\":\"expand\",\"animation\":\"\",\"header_transparent\":\"\",\"image_position\":\"center-center\",\"image_width\":\"\",\"image_height\":\"\",\"image_fixed\":false,\"media_blend_mode\":\"\",\"overlap\":false,\"padding_remove_bottom\":false,\"image_visibility\":\"\",\"image_effect\":\"parallax\",\"image_parallax\":-540,\"padding_remove_top\":false,\"image_parallax_bgy_end\":\"\",\"image_parallax_bgy_start\":\"70\",\"image_parallax_bgx_start\":\"\",\"image_parallax_bgx_end\":\"\",\"image_parallax_breakpoint\":\"m\",\"vertical_align\":\"middle\",\"title_position\":\"top-left\",\"title_rotation\":\"left\",\"title_breakpoint\":\"xl\"},\"children\":[{\"name\":\"\",\"type\":\"row\",\"props\":{\"layout\":\",\",\"breakpoint\":\"\",\"fixed_width\":\"large\",\"margin\":\"large\",\"vertical_align\":false,\"match\":false,\"width\":\"expand\",\"gutter\":\"small\",\"divider\":false},\"children\":[{\"name\":\"\",\"type\":\"column\",\"props\":{\"image_position\":\"center-center\",\"widths\":[\"\"],\"style\":\"primary\",\"image\":\"\",\"image_size\":\"cover\",\"text_color\":\"\"},\"children\":[{\"name\":\"\",\"type\":\"image\",\"props\":{\"margin\":\"default\",\"image\":\"wp-content\\\/uploads\\\/claim_frdenimmac-1.png\"}},{\"name\":\"\",\"type\":\"image\",\"props\":{\"margin\":\"default\",\"image\":\"wp-content\\\/uploads\\\/frdenimmac_logo.png\",\"text_align\":\"center\"}},{\"name\":\"\",\"type\":\"text\",\"props\":{\"margin\":\"default\",\"column_breakpoint\":\"m\",\"content\":\"\n\n<p>Tejido denim ign\\u00edfugo permanente multinorma. Gracias a su termo-tecnolog\\u00eda avanzada que combina fibras naturales con fibras ign\\u00edfugas inherentes de nueva generaci\\u00f3n las prendas de protecci\\u00f3n confeccionadas con este tejido tambi\\u00e9n ofrecen un confort \\u00f3ptimo y una gran durabilidad. Es muy adecuado para actividades en las que el usuario pueda estar temporalmente expuesto a diferentes riesgos.<\\\/p>\\n\n\n<p>Esta l\\u00ednea de tejidos ofrece buenos resultados tanto en lavados dom\\u00e9sticos (EN ISO 15797) como en lavander\\u00edas industriales (EN 6330).<\\\/p>\",\"text_color\":\"\",\"text_size\":\"large\",\"text_align\":\"center\"}},{\"name\":\"\",\"type\":\"image\",\"props\":{\"margin\":\"default\",\"image\":\"wp-content\\\/uploads\\\/Cert_frdenimmac.jpg\"}}]},{\"name\":\"\",\"type\":\"column\",\"props\":{\"widths\":[\"\"],\"image_position\":\"center-center\"}}]}]},{\"name\":\"Desarrollo Marca\",\"type\":\"section\",\"props\":{\"width\":\"default\",\"padding\":\"large\",\"style\":\"default\",\"text_color\":\"\",\"media\":\"images\\\/home-header.jpg\",\"height_viewport\":true,\"header_overlay\":\"light\",\"image\":\"wp-content\\\/uploads\\\/FRDenimMac-2.jpg\",\"media_advanced\":true,\"image_size\":\"cover\",\"media_background\":null,\"media_overlay\":null,\"height\":\"full\",\"animation\":\"\",\"header_transparent\":\"\",\"image_position\":\"center-center\",\"image_width\":\"\",\"image_height\":\"\",\"image_fixed\":false,\"media_blend_mode\":\"\",\"overlap\":false,\"padding_remove_bottom\":false,\"image_visibility\":\"\",\"image_effect\":\"parallax\",\"image_parallax\":-540,\"padding_remove_top\":false,\"image_parallax_bgy_end\":\"\",\"image_parallax_bgy_start\":\"70\",\"image_parallax_bgx_start\":\"\",\"image_parallax_bgx_end\":\"\",\"image_parallax_breakpoint\":\"m\",\"vertical_align\":\"middle\",\"title_position\":\"top-left\",\"title_rotation\":\"left\",\"title_breakpoint\":\"xl\"},\"children\":[{\"name\":\"\",\"type\":\"row\",\"props\":{\"layout\":\",\",\"breakpoint\":\"\",\"fixed_width\":\"large\",\"margin\":\"large\",\"vertical_align\":false,\"match\":false,\"width\":\"expand\",\"gutter\":\"small\",\"divider\":false},\"children\":[{\"name\":\"\",\"type\":\"column\",\"props\":{\"image_position\":\"center-center\",\"widths\":[\"\"],\"style\":\"\",\"image\":\"\",\"image_size\":\"cover\"}},{\"name\":\"\",\"type\":\"column\",\"props\":{\"widths\":[\"\"],\"image_position\":\"center-center\",\"text_color\":\"light\",\"style\":\"default\"},\"children\":[{\"name\":\"\",\"type\":\"headline\",\"props\":{\"title_element\":\"div\",\"content\":\"Tejidos para la confecci\\u00f3n de prendas destinadas a:\",\"text_align\":\"center\",\"title_style\":\"h5\",\"title_decoration\":\"\",\"margin_remove_bottom\":false,\"margin\":\"small\"}},{\"name\":\"Destinado a:\",\"type\":\"text\",\"props\":{\"margin\":\"default\",\"column_breakpoint\":\"m\",\"content\":\"\n\n<p>Compa\\u00f1\\u00edas de automoci\\u00f3n \\u2022 Utilities \\u2022 Subcontratas el\\u00e9ctricas y gas \\u2022 Estaciones de servicio \\u2022 Compa\\u00f1\\u00edas de gas \\u2022 Fuerzas de seguridad \\u2022 Transporte y log\\u00edstica de productos inflamables \\u2022 Otras actividades variadas<\\\/p>\",\"text_size\":\"\",\"text_color\":\"\",\"text_align\":\"center\",\"margin_remove_top\":true}},{\"name\":\"\",\"type\":\"headline\",\"props\":{\"title_element\":\"div\",\"content\":\"Caracter\\u00edsticas:\",\"text_align\":\"center\",\"title_style\":\"h5\",\"title_decoration\":\"\",\"margin_remove_bottom\":false,\"margin\":\"small\"}},{\"name\":\"Caracter\\u00edsticas\",\"type\":\"text\",\"props\":{\"margin\":\"default\",\"column_breakpoint\":\"m\",\"content\":\"\n\n<p>Aut\\u00e9ntico Tejido Denim \\u2022 Ign\\u00edfugo y antiest\\u00e1tico \\u2022 Aislamiento t\\u00e9rmico \\u2022 Protecci\\u00f3n frente a la descarga el\\u00e9ctrica \\u2022 Protecci\\u00f3n frente a peque\\u00f1as salpicaduras de metal fundido \\u2022 Resistencia a la abrasi\\u00f3n \\u2022 Lavado industrial \\u2022 Fibras el\\u00e1sticas (algunos modelos) <\\\/p>\",\"text_size\":\"\",\"text_color\":\"\",\"text_align\":\"center\",\"margin_remove_top\":true}},{\"name\":\"\",\"type\":\"headline\",\"props\":{\"title_element\":\"div\",\"content\":\"Certificaciones:\",\"text_align\":\"center\",\"title_style\":\"h5\",\"title_decoration\":\"\",\"margin\":\"small\"}},{\"name\":\"Lista Certificaciones\",\"type\":\"list\",\"props\":{\"show_image\":true,\"show_link\":true,\"image_align\":\"left\",\"text_align\":\"center\",\"margin_remove_top\":true,\"content_style\":\"\"},\"children\":[{\"name\":\"\",\"type\":\"list_item\",\"props\":{\"content\":\"UNE EN 1149-3 antiest\\u00e1tico contra riesgo de explosi\\u00f3n en zonas ATEX \",\"link\":\"\"}},{\"name\":\"\",\"type\":\"list_item\",\"props\":{\"content\":\"EN ISO 11611 protecci\\u00f3n contra la soldadura y procesos afines\"}},{\"name\":\"\",\"type\":\"list_item\",\"props\":{\"content\":\"EN ISO 11612 protecci\\u00f3n contra el calor y la llama\"}},{\"name\":\"\",\"type\":\"list_item\",\"props\":{\"content\":\"UNE EN 61482-1-2 protecci\\u00f3n contra un arco el\\u00e9ctrico\"}}]},{\"name\":\"\",\"type\":\"image\",\"props\":{\"margin\":\"default\",\"image\":\"wp-content\\\/uploads\\\/protex_300.jpg\",\"text_align\":\"center\"}}]}]}]}]} --><\/p>\n","protected":false},"excerpt":{"rendered":"<p>Tejido denim ign\u00edfugo permanente multinorma. Gracias a su termo-tecnolog\u00eda avanzada que combina fibras naturales con fibras ign\u00edfugas inherentes de nueva generaci\u00f3n las prendas de protecci\u00f3n confeccionadas con este tejido tambi\u00e9n ofrecen un confort \u00f3ptimo y una gran durabilidad. Es muy adecuado para actividades en las que el usuario pueda estar temporalmente expuesto a diferentes riesgos. [&hellip;]<\/p>\n","protected":false},"author":1,"featured_media":0,"parent":200,"menu_order":0,"comment_status":"closed","ping_status":"closed","template":"","meta":{"footnotes":""},"class_list":["post-208","page","type-page","status-publish","hentry"],"yoast_head":"<!-- This site is optimized with the Yoast SEO plugin v26.8 - https:\/\/yoast.com\/product\/yoast-seo-wordpress\/ -->\n<title>FR Denim Mac - ROYOTEC<\/title>\n<meta name=\"robots\" content=\"index, follow, max-snippet:-1, max-image-preview:large, max-video-preview:-1\" \/>\n<link rel=\"canonical\" href=\"https:\/\/royotec.com\/es\/marcas\/workprotection\/fr-denim-mac\/\" \/>\n<meta property=\"og:locale\" content=\"es_ES\" \/>\n<meta property=\"og:type\" content=\"article\" \/>\n<meta property=\"og:title\" content=\"FR Denim Mac - ROYOTEC\" \/>\n<meta property=\"og:description\" content=\"Tejido denim ign\u00edfugo permanente multinorma. Gracias a su termo-tecnolog\u00eda avanzada que combina fibras naturales con fibras ign\u00edfugas inherentes de nueva generaci\u00f3n las prendas de protecci\u00f3n confeccionadas con este tejido tambi\u00e9n ofrecen un confort \u00f3ptimo y una gran durabilidad. Es muy adecuado para actividades en las que el usuario pueda estar temporalmente expuesto a diferentes riesgos. [&hellip;]\" \/>\n<meta property=\"og:url\" content=\"https:\/\/royotec.com\/es\/marcas\/workprotection\/fr-denim-mac\/\" \/>\n<meta property=\"og:site_name\" content=\"ROYOTEC\" \/>\n<meta property=\"article:modified_time\" content=\"2017-10-07T08:11:49+00:00\" \/>\n<meta name=\"twitter:card\" content=\"summary_large_image\" \/>\n<meta name=\"twitter:label1\" content=\"Tiempo de lectura\" \/>\n\t<meta name=\"twitter:data1\" content=\"1 minuto\" \/>\n<script type=\"application\/ld+json\" class=\"yoast-schema-graph\">{\"@context\":\"https:\/\/schema.org\",\"@graph\":[{\"@type\":\"WebPage\",\"@id\":\"https:\/\/royotec.com\/es\/marcas\/workprotection\/fr-denim-mac\/\",\"url\":\"https:\/\/royotec.com\/es\/marcas\/workprotection\/fr-denim-mac\/\",\"name\":\"FR Denim Mac - ROYOTEC\",\"isPartOf\":{\"@id\":\"https:\/\/royotec.com\/es\/#website\"},\"datePublished\":\"2017-08-28T15:21:46+00:00\",\"dateModified\":\"2017-10-07T08:11:49+00:00\",\"breadcrumb\":{\"@id\":\"https:\/\/royotec.com\/es\/marcas\/workprotection\/fr-denim-mac\/#breadcrumb\"},\"inLanguage\":\"es\",\"potentialAction\":[{\"@type\":\"ReadAction\",\"target\":[\"https:\/\/royotec.com\/es\/marcas\/workprotection\/fr-denim-mac\/\"]}]},{\"@type\":\"BreadcrumbList\",\"@id\":\"https:\/\/royotec.com\/es\/marcas\/workprotection\/fr-denim-mac\/#breadcrumb\",\"itemListElement\":[{\"@type\":\"ListItem\",\"position\":1,\"name\":\"Portada\",\"item\":\"https:\/\/royotec.com\/es\/\"},{\"@type\":\"ListItem\",\"position\":2,\"name\":\"Marcas\",\"item\":\"https:\/\/royotec.com\/es\/marcas\/\"},{\"@type\":\"ListItem\",\"position\":3,\"name\":\"Workprotection\",\"item\":\"https:\/\/royotec.com\/es\/marcas\/workprotection\/\"},{\"@type\":\"ListItem\",\"position\":4,\"name\":\"FR Denim Mac\"}]},{\"@type\":\"WebSite\",\"@id\":\"https:\/\/royotec.com\/es\/#website\",\"url\":\"https:\/\/royotec.com\/es\/\",\"name\":\"ROYOTEC\",\"description\":\"The most advanced technology for the strongest protection\",\"potentialAction\":[{\"@type\":\"SearchAction\",\"target\":{\"@type\":\"EntryPoint\",\"urlTemplate\":\"https:\/\/royotec.com\/es\/?s={search_term_string}\"},\"query-input\":{\"@type\":\"PropertyValueSpecification\",\"valueRequired\":true,\"valueName\":\"search_term_string\"}}],\"inLanguage\":\"es\"}]}<\/script>\n<!-- \/ Yoast SEO plugin. -->","yoast_head_json":{"title":"FR Denim Mac - ROYOTEC","robots":{"index":"index","follow":"follow","max-snippet":"max-snippet:-1","max-image-preview":"max-image-preview:large","max-video-preview":"max-video-preview:-1"},"canonical":"https:\/\/royotec.com\/es\/marcas\/workprotection\/fr-denim-mac\/","og_locale":"es_ES","og_type":"article","og_title":"FR Denim Mac - ROYOTEC","og_description":"Tejido denim ign\u00edfugo permanente multinorma. Gracias a su termo-tecnolog\u00eda avanzada que combina fibras naturales con fibras ign\u00edfugas inherentes de nueva generaci\u00f3n las prendas de protecci\u00f3n confeccionadas con este tejido tambi\u00e9n ofrecen un confort \u00f3ptimo y una gran durabilidad. Es muy adecuado para actividades en las que el usuario pueda estar temporalmente expuesto a diferentes riesgos. [&hellip;]","og_url":"https:\/\/royotec.com\/es\/marcas\/workprotection\/fr-denim-mac\/","og_site_name":"ROYOTEC","article_modified_time":"2017-10-07T08:11:49+00:00","twitter_card":"summary_large_image","twitter_misc":{"Tiempo de lectura":"1 minuto"},"schema":{"@context":"https:\/\/schema.org","@graph":[{"@type":"WebPage","@id":"https:\/\/royotec.com\/es\/marcas\/workprotection\/fr-denim-mac\/","url":"https:\/\/royotec.com\/es\/marcas\/workprotection\/fr-denim-mac\/","name":"FR Denim Mac - ROYOTEC","isPartOf":{"@id":"https:\/\/royotec.com\/es\/#website"},"datePublished":"2017-08-28T15:21:46+00:00","dateModified":"2017-10-07T08:11:49+00:00","breadcrumb":{"@id":"https:\/\/royotec.com\/es\/marcas\/workprotection\/fr-denim-mac\/#breadcrumb"},"inLanguage":"es","potentialAction":[{"@type":"ReadAction","target":["https:\/\/royotec.com\/es\/marcas\/workprotection\/fr-denim-mac\/"]}]},{"@type":"BreadcrumbList","@id":"https:\/\/royotec.com\/es\/marcas\/workprotection\/fr-denim-mac\/#breadcrumb","itemListElement":[{"@type":"ListItem","position":1,"name":"Portada","item":"https:\/\/royotec.com\/es\/"},{"@type":"ListItem","position":2,"name":"Marcas","item":"https:\/\/royotec.com\/es\/marcas\/"},{"@type":"ListItem","position":3,"name":"Workprotection","item":"https:\/\/royotec.com\/es\/marcas\/workprotection\/"},{"@type":"ListItem","position":4,"name":"FR Denim Mac"}]},{"@type":"WebSite","@id":"https:\/\/royotec.com\/es\/#website","url":"https:\/\/royotec.com\/es\/","name":"ROYOTEC","description":"The most advanced technology for the strongest protection","potentialAction":[{"@type":"SearchAction","target":{"@type":"EntryPoint","urlTemplate":"https:\/\/royotec.com\/es\/?s={search_term_string}"},"query-input":{"@type":"PropertyValueSpecification","valueRequired":true,"valueName":"search_term_string"}}],"inLanguage":"es"}]}},"_links":{"self":[{"href":"https:\/\/royotec.com\/es\/wp-json\/wp\/v2\/pages\/208","targetHints":{"allow":["GET"]}}],"collection":[{"href":"https:\/\/royotec.com\/es\/wp-json\/wp\/v2\/pages"}],"about":[{"href":"https:\/\/royotec.com\/es\/wp-json\/wp\/v2\/types\/page"}],"author":[{"embeddable":true,"href":"https:\/\/royotec.com\/es\/wp-json\/wp\/v2\/users\/1"}],"replies":[{"embeddable":true,"href":"https:\/\/royotec.com\/es\/wp-json\/wp\/v2\/comments?post=208"}],"version-history":[{"count":29,"href":"https:\/\/royotec.com\/es\/wp-json\/wp\/v2\/pages\/208\/revisions"}],"predecessor-version":[{"id":1595,"href":"https:\/\/royotec.com\/es\/wp-json\/wp\/v2\/pages\/208\/revisions\/1595"}],"up":[{"embeddable":true,"href":"https:\/\/royotec.com\/es\/wp-json\/wp\/v2\/pages\/200"}],"wp:attachment":[{"href":"https:\/\/royotec.com\/es\/wp-json\/wp\/v2\/media?parent=208"}],"curies":[{"name":"wp","href":"https:\/\/api.w.org\/{rel}","templated":true}]}}