{"id":210,"date":"2017-08-28T17:22:04","date_gmt":"2017-08-28T15:22:04","guid":{"rendered":"http:\/\/royotec.com\/?page_id=210"},"modified":"2017-10-10T11:50:39","modified_gmt":"2017-10-10T09:50:39","slug":"fr-denim-multirisk","status":"publish","type":"page","link":"https:\/\/royotec.com\/es\/marcas\/workprotection\/fr-denim-multirisk\/","title":{"rendered":"FR Denim Multirisk"},"content":{"rendered":"<p> Tejidos denim desarrollados a prueba de fuego desde las propias fibras. Su protecci\u00f3n ign\u00edfuga est\u00e1 integrada en su propia estructura y no se elimina con el lavado. Adicionalmente a otras propiedades, esta l\u00ednea de tejidos es transpirable y reguladora de la humedad corporal.<\/p>\n<p>Tejidos para la confecci\u00f3n de prendas destinadas a:<\/p>\n<p>Prendas EPI en industrias del metal y fundiciones \u2022 Soldadura y actividades paralelas \u2022 Industrias qu\u00edmicas \u2022 Miner\u00eda\u2022 Transporte de mercanc\u00edas peligrosas \u2022 Automoci\u00f3n \u2022 Industria aeroespacial \u2022 Astilleros<\/p>\n<p>Caracter\u00edsticas:<\/p>\n<p>Tejido Denim \u2022 Ign\u00edfugo inherente y permanente \u2022 Termo estabilidad prolongada frente al fuego \u2022 Protecci\u00f3n a salpicaduras de aluminio, otros metales y materiales fundidos \u2022 Excelente movilidad y comodidad \u2022 Protecci\u00f3n frente a descarga el\u00e9ctrica y est\u00e1tica \u2022 Alta resistencia a la tracci\u00f3n y al rasgado \u2022 Hipoalerg\u00e9nico \u2022 Apto para lavado industrial <\/p>\n<p>Certificaciones:<\/p>\n<p>EN ISO 9185 protecci\u00f3n a grandes salpicaduras de metal fundido<\/p>\n<p>EN ISO 11611 protecci\u00f3n contra la soldadura y procesos afines<\/p>\n<p>EN ISO 11612 protecci\u00f3n contra el calor y la llama<\/p>\n<p>EN ISO 15797 lavado industrial <\/p>\n<p><!-- {\"name\":\"\",\"type\":\"layout\",\"children\":[{\"name\":\"Encabezado Familia\",\"type\":\"section\",\"props\":{\"width\":\"default\",\"padding\":\"large\",\"style\":\"default\",\"text_color\":\"\",\"media\":\"images\\\/home-header.jpg\",\"height_viewport\":true,\"header_overlay\":\"light\",\"image\":\"wp-content\\\/uploads\\\/fullscreen_frdenimmultirisk.jpg\",\"media_advanced\":true,\"image_size\":\"cover\",\"media_background\":null,\"media_overlay\":null,\"height\":\"full\",\"animation\":\"\",\"header_transparent\":\"\",\"image_position\":\"center-center\",\"image_width\":\"\",\"image_height\":\"\",\"image_fixed\":false,\"media_blend_mode\":\"\",\"overlap\":false,\"padding_remove_bottom\":false,\"image_visibility\":\"\",\"image_effect\":\"parallax\",\"image_parallax\":-540,\"padding_remove_top\":false,\"image_parallax_bgy_end\":\"\",\"image_parallax_bgy_start\":\"70\",\"image_parallax_bgx_start\":\"\",\"image_parallax_bgx_end\":\"\",\"image_parallax_breakpoint\":\"m\",\"vertical_align\":\"middle\",\"title_position\":\"top-left\",\"title_rotation\":\"left\",\"title_breakpoint\":\"xl\"},\"children\":[{\"name\":\"\",\"type\":\"row\",\"props\":{\"layout\":\",\",\"breakpoint\":\"\",\"fixed_width\":\"large\",\"margin\":\"large\",\"vertical_align\":false,\"match\":false,\"width\":\"expand\",\"gutter\":\"small\",\"divider\":false},\"children\":[{\"name\":\"\",\"type\":\"column\",\"props\":{\"image_position\":\"center-center\",\"widths\":[\"\"],\"style\":\"primary\",\"image\":\"\",\"image_size\":\"cover\",\"text_color\":\"light\"},\"children\":[{\"name\":\"\",\"type\":\"image\",\"props\":{\"margin\":\"default\",\"image\":\"wp-content\\\/uploads\\\/claim_frdenimmultirisk.png\"}},{\"name\":\"\",\"type\":\"image\",\"props\":{\"margin\":\"default\",\"image\":\"wp-content\\\/uploads\\\/frdenimmultirisk_logo.png\",\"text_align\":\"center\"}},{\"name\":\"\",\"type\":\"text\",\"props\":{\"margin\":\"default\",\"column_breakpoint\":\"m\",\"content\":\"\n\n<p> Tejidos denim desarrollados a prueba de fuego desde las propias fibras. Su protecci\\u00f3n ign\\u00edfuga est\\u00e1 integrada en su propia estructura y no se elimina con el lavado. Adicionalmente a otras propiedades, esta l\\u00ednea de tejidos es transpirable y reguladora de la humedad corporal.<\\\/p>\",\"text_color\":\"\",\"text_size\":\"large\",\"text_align\":\"center\"}},{\"name\":\"\",\"type\":\"image\",\"props\":{\"margin\":\"default\",\"image\":\"wp-content\\\/uploads\\\/Cert_frdenimmultirisk.jpg\"}}]},{\"name\":\"\",\"type\":\"column\",\"props\":{\"widths\":[\"\"],\"image_position\":\"center-center\"}}]}]},{\"name\":\"Desarrollo Marca\",\"type\":\"section\",\"props\":{\"width\":\"default\",\"padding\":\"large\",\"style\":\"default\",\"text_color\":\"\",\"media\":\"images\\\/home-header.jpg\",\"height_viewport\":true,\"header_overlay\":\"light\",\"image\":\"wp-content\\\/uploads\\\/frdenimmultirisk-1.jpg\",\"media_advanced\":true,\"image_size\":\"cover\",\"media_background\":null,\"media_overlay\":null,\"height\":\"full\",\"animation\":\"\",\"header_transparent\":\"\",\"image_position\":\"center-center\",\"image_width\":\"\",\"image_height\":\"\",\"image_fixed\":false,\"media_blend_mode\":\"\",\"overlap\":false,\"padding_remove_bottom\":false,\"image_visibility\":\"\",\"image_effect\":\"parallax\",\"image_parallax\":-540,\"padding_remove_top\":false,\"image_parallax_bgy_end\":\"\",\"image_parallax_bgy_start\":\"70\",\"image_parallax_bgx_start\":\"\",\"image_parallax_bgx_end\":\"\",\"image_parallax_breakpoint\":\"m\",\"vertical_align\":\"middle\",\"title_position\":\"top-left\",\"title_rotation\":\"left\",\"title_breakpoint\":\"xl\"},\"children\":[{\"name\":\"\",\"type\":\"row\",\"props\":{\"layout\":\",\",\"breakpoint\":\"\",\"fixed_width\":\"large\",\"margin\":\"large\",\"vertical_align\":false,\"match\":false,\"width\":\"expand\",\"gutter\":\"small\",\"divider\":false},\"children\":[{\"name\":\"\",\"type\":\"column\",\"props\":{\"image_position\":\"center-center\",\"widths\":[\"\"],\"style\":\"\",\"image\":\"\",\"image_size\":\"cover\"}},{\"name\":\"\",\"type\":\"column\",\"props\":{\"widths\":[\"\"],\"image_position\":\"center-center\",\"text_color\":\"light\",\"style\":\"default\"},\"children\":[{\"name\":\"\",\"type\":\"headline\",\"props\":{\"title_element\":\"div\",\"content\":\"Tejidos para la confecci\\u00f3n de prendas destinadas a:\",\"text_align\":\"center\",\"title_style\":\"h5\",\"title_decoration\":\"\",\"margin_remove_bottom\":false,\"margin\":\"small\"}},{\"name\":\"Destinado a:\",\"type\":\"text\",\"props\":{\"margin\":\"default\",\"column_breakpoint\":\"m\",\"content\":\"\n\n<p>Prendas EPI en industrias del metal y fundiciones \\u2022 Soldadura y actividades paralelas \\u2022 Industrias qu\\u00edmicas \\u2022 Miner\\u00eda\\u2022 Transporte de mercanc\\u00edas peligrosas \\u2022 Automoci\\u00f3n \\u2022 Industria aeroespacial \\u2022 Astilleros<\\\/p>\",\"text_size\":\"\",\"text_color\":\"\",\"text_align\":\"center\",\"margin_remove_top\":true}},{\"name\":\"\",\"type\":\"headline\",\"props\":{\"title_element\":\"div\",\"content\":\"Caracter\\u00edsticas:\",\"text_align\":\"center\",\"title_style\":\"h5\",\"title_decoration\":\"\",\"margin_remove_bottom\":false,\"margin\":\"small\"}},{\"name\":\"Caracter\\u00edsticas\",\"type\":\"text\",\"props\":{\"margin\":\"default\",\"column_breakpoint\":\"m\",\"content\":\"\n\n<p>Tejido Denim \\u2022 Ign\\u00edfugo inherente y permanente \\u2022 Termo estabilidad prolongada frente al fuego \\u2022 Protecci\\u00f3n a salpicaduras de aluminio, otros metales y materiales fundidos \\u2022 Excelente movilidad y comodidad \\u2022 Protecci\\u00f3n frente a descarga el\\u00e9ctrica y est\\u00e1tica \\u2022 Alta resistencia a la tracci\\u00f3n y al rasgado \\u2022 Hipoalerg\\u00e9nico \\u2022 Apto para lavado industrial <\\\/p>\",\"text_size\":\"\",\"text_color\":\"\",\"text_align\":\"center\",\"margin_remove_top\":true}},{\"name\":\"\",\"type\":\"headline\",\"props\":{\"title_element\":\"div\",\"content\":\"Certificaciones:\",\"text_align\":\"center\",\"title_style\":\"h5\",\"title_decoration\":\"\",\"margin\":\"small\"}},{\"name\":\"Lista Certificaciones\",\"type\":\"list\",\"props\":{\"show_image\":true,\"show_link\":true,\"image_align\":\"left\",\"text_align\":\"center\",\"margin_remove_top\":true,\"content_style\":\"\"},\"children\":[{\"name\":\"\",\"type\":\"list_item\",\"props\":{\"content\":\"EN ISO 9185 protecci\\u00f3n a grandes salpicaduras de metal fundido\"}},{\"name\":\"\",\"type\":\"list_item\",\"props\":{\"content\":\"EN ISO 11611 protecci\\u00f3n contra la soldadura y procesos afines\"}},{\"name\":\"\",\"type\":\"list_item\",\"props\":{\"content\":\"EN ISO 11612 protecci\\u00f3n contra el calor y la llama\"}},{\"name\":\"\",\"type\":\"list_item\",\"props\":{\"content\":\"EN ISO 15797 lavado industrial \"}}]},{\"name\":\"\",\"type\":\"image\",\"props\":{\"margin\":\"default\",\"image\":\"wp-content\\\/uploads\\\/nexylon_lenzingfr_300.jpg\",\"text_align\":\"center\"}}]}]}]}]} --><\/p>\n","protected":false},"excerpt":{"rendered":"<p>Tejidos denim desarrollados a prueba de fuego desde las propias fibras. Su protecci\u00f3n ign\u00edfuga est\u00e1 integrada en su propia estructura y no se elimina con el lavado. Adicionalmente a otras propiedades, esta l\u00ednea de tejidos es transpirable y reguladora de la humedad corporal. Tejidos para la confecci\u00f3n de prendas destinadas a: Prendas EPI en industrias [&hellip;]<\/p>\n","protected":false},"author":1,"featured_media":0,"parent":200,"menu_order":0,"comment_status":"closed","ping_status":"closed","template":"","meta":{"footnotes":""},"class_list":["post-210","page","type-page","status-publish","hentry"],"yoast_head":"<!-- This site is optimized with the Yoast SEO plugin v26.8 - https:\/\/yoast.com\/product\/yoast-seo-wordpress\/ -->\n<title>FR Denim Multirisk - ROYOTEC<\/title>\n<meta name=\"robots\" content=\"index, follow, max-snippet:-1, max-image-preview:large, max-video-preview:-1\" \/>\n<link rel=\"canonical\" href=\"https:\/\/royotec.com\/en\/brands\/workprotection\/fr-denim-multirisk\/\" \/>\n<meta property=\"og:locale\" content=\"es_ES\" \/>\n<meta property=\"og:type\" content=\"article\" \/>\n<meta property=\"og:title\" content=\"FR Denim Multirisk - ROYOTEC\" \/>\n<meta property=\"og:description\" content=\"Tejidos denim desarrollados a prueba de fuego desde las propias fibras. Su protecci\u00f3n ign\u00edfuga est\u00e1 integrada en su propia estructura y no se elimina con el lavado. Adicionalmente a otras propiedades, esta l\u00ednea de tejidos es transpirable y reguladora de la humedad corporal. Tejidos para la confecci\u00f3n de prendas destinadas a: Prendas EPI en industrias [&hellip;]\" \/>\n<meta property=\"og:url\" content=\"https:\/\/royotec.com\/en\/brands\/workprotection\/fr-denim-multirisk\/\" \/>\n<meta property=\"og:site_name\" content=\"ROYOTEC\" \/>\n<meta property=\"article:modified_time\" content=\"2017-10-10T09:50:39+00:00\" \/>\n<meta name=\"twitter:card\" content=\"summary_large_image\" \/>\n<meta name=\"twitter:label1\" content=\"Tiempo de lectura\" \/>\n\t<meta name=\"twitter:data1\" content=\"1 minuto\" \/>\n<script type=\"application\/ld+json\" class=\"yoast-schema-graph\">{\"@context\":\"https:\/\/schema.org\",\"@graph\":[{\"@type\":\"WebPage\",\"@id\":\"https:\/\/royotec.com\/en\/brands\/workprotection\/fr-denim-multirisk\/\",\"url\":\"https:\/\/royotec.com\/en\/brands\/workprotection\/fr-denim-multirisk\/\",\"name\":\"FR Denim Multirisk - ROYOTEC\",\"isPartOf\":{\"@id\":\"https:\/\/royotec.com\/es\/#website\"},\"datePublished\":\"2017-08-28T15:22:04+00:00\",\"dateModified\":\"2017-10-10T09:50:39+00:00\",\"breadcrumb\":{\"@id\":\"https:\/\/royotec.com\/en\/brands\/workprotection\/fr-denim-multirisk\/#breadcrumb\"},\"inLanguage\":\"es\",\"potentialAction\":[{\"@type\":\"ReadAction\",\"target\":[\"https:\/\/royotec.com\/en\/brands\/workprotection\/fr-denim-multirisk\/\"]}]},{\"@type\":\"BreadcrumbList\",\"@id\":\"https:\/\/royotec.com\/en\/brands\/workprotection\/fr-denim-multirisk\/#breadcrumb\",\"itemListElement\":[{\"@type\":\"ListItem\",\"position\":1,\"name\":\"Portada\",\"item\":\"https:\/\/royotec.com\/es\/\"},{\"@type\":\"ListItem\",\"position\":2,\"name\":\"Marcas\",\"item\":\"https:\/\/royotec.com\/es\/marcas\/\"},{\"@type\":\"ListItem\",\"position\":3,\"name\":\"Workprotection\",\"item\":\"https:\/\/royotec.com\/es\/marcas\/workprotection\/\"},{\"@type\":\"ListItem\",\"position\":4,\"name\":\"FR Denim Multirisk\"}]},{\"@type\":\"WebSite\",\"@id\":\"https:\/\/royotec.com\/es\/#website\",\"url\":\"https:\/\/royotec.com\/es\/\",\"name\":\"ROYOTEC\",\"description\":\"The most advanced technology for the strongest protection\",\"potentialAction\":[{\"@type\":\"SearchAction\",\"target\":{\"@type\":\"EntryPoint\",\"urlTemplate\":\"https:\/\/royotec.com\/es\/?s={search_term_string}\"},\"query-input\":{\"@type\":\"PropertyValueSpecification\",\"valueRequired\":true,\"valueName\":\"search_term_string\"}}],\"inLanguage\":\"es\"}]}<\/script>\n<!-- \/ Yoast SEO plugin. -->","yoast_head_json":{"title":"FR Denim Multirisk - ROYOTEC","robots":{"index":"index","follow":"follow","max-snippet":"max-snippet:-1","max-image-preview":"max-image-preview:large","max-video-preview":"max-video-preview:-1"},"canonical":"https:\/\/royotec.com\/en\/brands\/workprotection\/fr-denim-multirisk\/","og_locale":"es_ES","og_type":"article","og_title":"FR Denim Multirisk - ROYOTEC","og_description":"Tejidos denim desarrollados a prueba de fuego desde las propias fibras. Su protecci\u00f3n ign\u00edfuga est\u00e1 integrada en su propia estructura y no se elimina con el lavado. Adicionalmente a otras propiedades, esta l\u00ednea de tejidos es transpirable y reguladora de la humedad corporal. Tejidos para la confecci\u00f3n de prendas destinadas a: Prendas EPI en industrias [&hellip;]","og_url":"https:\/\/royotec.com\/en\/brands\/workprotection\/fr-denim-multirisk\/","og_site_name":"ROYOTEC","article_modified_time":"2017-10-10T09:50:39+00:00","twitter_card":"summary_large_image","twitter_misc":{"Tiempo de lectura":"1 minuto"},"schema":{"@context":"https:\/\/schema.org","@graph":[{"@type":"WebPage","@id":"https:\/\/royotec.com\/en\/brands\/workprotection\/fr-denim-multirisk\/","url":"https:\/\/royotec.com\/en\/brands\/workprotection\/fr-denim-multirisk\/","name":"FR Denim Multirisk - ROYOTEC","isPartOf":{"@id":"https:\/\/royotec.com\/es\/#website"},"datePublished":"2017-08-28T15:22:04+00:00","dateModified":"2017-10-10T09:50:39+00:00","breadcrumb":{"@id":"https:\/\/royotec.com\/en\/brands\/workprotection\/fr-denim-multirisk\/#breadcrumb"},"inLanguage":"es","potentialAction":[{"@type":"ReadAction","target":["https:\/\/royotec.com\/en\/brands\/workprotection\/fr-denim-multirisk\/"]}]},{"@type":"BreadcrumbList","@id":"https:\/\/royotec.com\/en\/brands\/workprotection\/fr-denim-multirisk\/#breadcrumb","itemListElement":[{"@type":"ListItem","position":1,"name":"Portada","item":"https:\/\/royotec.com\/es\/"},{"@type":"ListItem","position":2,"name":"Marcas","item":"https:\/\/royotec.com\/es\/marcas\/"},{"@type":"ListItem","position":3,"name":"Workprotection","item":"https:\/\/royotec.com\/es\/marcas\/workprotection\/"},{"@type":"ListItem","position":4,"name":"FR Denim Multirisk"}]},{"@type":"WebSite","@id":"https:\/\/royotec.com\/es\/#website","url":"https:\/\/royotec.com\/es\/","name":"ROYOTEC","description":"The most advanced technology for the strongest protection","potentialAction":[{"@type":"SearchAction","target":{"@type":"EntryPoint","urlTemplate":"https:\/\/royotec.com\/es\/?s={search_term_string}"},"query-input":{"@type":"PropertyValueSpecification","valueRequired":true,"valueName":"search_term_string"}}],"inLanguage":"es"}]}},"_links":{"self":[{"href":"https:\/\/royotec.com\/es\/wp-json\/wp\/v2\/pages\/210","targetHints":{"allow":["GET"]}}],"collection":[{"href":"https:\/\/royotec.com\/es\/wp-json\/wp\/v2\/pages"}],"about":[{"href":"https:\/\/royotec.com\/es\/wp-json\/wp\/v2\/types\/page"}],"author":[{"embeddable":true,"href":"https:\/\/royotec.com\/es\/wp-json\/wp\/v2\/users\/1"}],"replies":[{"embeddable":true,"href":"https:\/\/royotec.com\/es\/wp-json\/wp\/v2\/comments?post=210"}],"version-history":[{"count":16,"href":"https:\/\/royotec.com\/es\/wp-json\/wp\/v2\/pages\/210\/revisions"}],"predecessor-version":[{"id":1643,"href":"https:\/\/royotec.com\/es\/wp-json\/wp\/v2\/pages\/210\/revisions\/1643"}],"up":[{"embeddable":true,"href":"https:\/\/royotec.com\/es\/wp-json\/wp\/v2\/pages\/200"}],"wp:attachment":[{"href":"https:\/\/royotec.com\/es\/wp-json\/wp\/v2\/media?parent=210"}],"curies":[{"name":"wp","href":"https:\/\/api.w.org\/{rel}","templated":true}]}}