{"id":216,"date":"2017-08-28T17:23:07","date_gmt":"2017-08-28T15:23:07","guid":{"rendered":"http:\/\/royotec.com\/?page_id=216"},"modified":"2017-10-10T11:52:27","modified_gmt":"2017-10-10T09:52:27","slug":"fr-denim-smart-pro","status":"publish","type":"page","link":"https:\/\/royotec.com\/es\/marcas\/workprotection\/fr-denim-smart-pro\/","title":{"rendered":"FR Denim Smart Pro"},"content":{"rendered":"<p>Tejido denim con amplia protecci\u00f3n multirriesgo, que cumple la norma americana NFPA 2112 (que regula la selecci\u00f3n, uso y<br \/>\nmantenimiento de la ropa para la protecci\u00f3n t\u00e9rmica contra el fuego causado por un arco el\u00e9ctrico y protecci\u00f3n contra las salpicaduras de metal fundido, soldadura y procesos afines)<\/p>\n<p>Tejidos para la confecci\u00f3n de prendas destinadas a:<\/p>\n<p>Este producto est\u00e1 indicado para alta protecci\u00f3n frente riesgos el\u00e9ctricos en especial arco el\u00e9ctrico cumpliendo con la normativa americana NFPA 2112 y NFPA 70E. Cumpliendo con el nivel 4 de m\u00e1xima protecci\u00f3n.<br \/> <br \/>\nInstalaciones con riesgos de fuego e incendio repentino \u2022 El\u00e9ctricas \u2022 Transporte de mercanc\u00edas peligrosas \u2022 Bomberos \u2022 Petroqu\u00edmicas \u2022 Mantenimiento de oleoductos y gaseoductos \u2022 Refiner\u00edas \u2022 Pirot\u00e9cnicas \u2022 Aeropuertos \u2022 Torres de perforaci\u00f3n \u2022 Industria automovil\u00edstica \u2022 Astilleros \u2022 Fabricaci\u00f3n de fertilizantes <\/p>\n<p>Caracter\u00edsticas:<\/p>\n<p>Denim t\u00e9cnico multi protecci\u00f3n \u2022 Protecci\u00f3n integrada en la estructura del tejido \u2022 C\u00f3modo, el\u00e1stico y ergon\u00f3mico<\/p>\n<p>Certificaciones:<\/p>\n<p>NFPA 2112 Normas Americanas &#8211; Protecci\u00f3n contra incendios<\/p>\n<p>EN ISO 11611 protecci\u00f3n contra la soldadura y procesos afines<\/p>\n<p>EN ISO 11612 protecci\u00f3n contra el calor y la llama<\/p>\n<p>ASTM F1959 ATPV<\/p>\n<p>NFPA70E Protecci\u00f3n contra el arco voltaico<\/p>\n<p>ASTM F1956 Protecci\u00f3n contra incendio instant\u00e1neo y arco el\u00e9ctrico<\/p>\n<p>UNE EN 61482-1-2 Protecci\u00f3n contra arco el\u00e9ctrico<\/p>\n<p>UNE EN 1149-3 Protecci\u00f3n frente a riesgos de explosi\u00f3n generados por efecto de energ\u00eda electrost\u00e1tica<\/p>\n<p><!-- {\"name\":\"\",\"type\":\"layout\",\"children\":[{\"name\":\"Encabezado Familia\",\"type\":\"section\",\"props\":{\"width\":\"default\",\"padding\":\"large\",\"style\":\"default\",\"text_color\":\"\",\"media\":\"images\\\/home-header.jpg\",\"height_viewport\":true,\"header_overlay\":\"light\",\"image\":\"wp-content\\\/uploads\\\/fullscreen_workprotection_h.jpg\",\"media_advanced\":true,\"image_size\":\"cover\",\"media_background\":null,\"media_overlay\":null,\"height\":\"full\",\"animation\":\"\",\"header_transparent\":\"\",\"image_position\":\"center-center\",\"image_width\":\"\",\"image_height\":\"\",\"image_fixed\":false,\"media_blend_mode\":\"\",\"overlap\":false,\"padding_remove_bottom\":false,\"image_visibility\":\"\",\"image_effect\":\"parallax\",\"image_parallax\":-540,\"padding_remove_top\":false,\"image_parallax_bgy_end\":\"\",\"image_parallax_bgy_start\":\"70\",\"image_parallax_bgx_start\":\"\",\"image_parallax_bgx_end\":\"\",\"image_parallax_breakpoint\":\"m\",\"vertical_align\":\"middle\",\"title_position\":\"top-left\",\"title_rotation\":\"left\",\"title_breakpoint\":\"xl\"},\"children\":[{\"name\":\"\",\"type\":\"row\",\"props\":{\"layout\":\",\",\"breakpoint\":\"\",\"fixed_width\":\"large\",\"margin\":\"large\",\"vertical_align\":false,\"match\":false,\"width\":\"expand\",\"gutter\":\"small\",\"divider\":false},\"children\":[{\"name\":\"\",\"type\":\"column\",\"props\":{\"image_position\":\"center-center\",\"widths\":[\"\"],\"style\":\"primary\",\"image\":\"\",\"image_size\":\"cover\",\"text_color\":\"light\"},\"children\":[{\"name\":\"\",\"type\":\"image\",\"props\":{\"margin\":\"default\",\"image\":\"wp-content\\\/uploads\\\/claim_smartpro.png\"}},{\"name\":\"\",\"type\":\"image\",\"props\":{\"margin\":\"default\",\"image\":\"wp-content\\\/uploads\\\/frdenimsmart_logo.png\",\"text_align\":\"center\"}},{\"name\":\"\",\"type\":\"text\",\"props\":{\"margin\":\"default\",\"column_breakpoint\":\"m\",\"content\":\"\n\n<p>Tejido denim con amplia protecci\\u00f3n multirriesgo, que cumple la norma americana NFPA 2112 (que regula la selecci\\u00f3n, uso y \\nmantenimiento de la ropa para la protecci\\u00f3n t\\u00e9rmica contra el fuego causado por un arco el\\u00e9ctrico y protecci\\u00f3n contra las salpicaduras de metal fundido, soldadura y procesos afines)<\\\/p>\",\"text_color\":\"\",\"text_size\":\"large\",\"text_align\":\"center\"}},{\"name\":\"\",\"type\":\"image\",\"props\":{\"margin\":\"default\",\"image\":\"wp-content\\\/uploads\\\/Cert_smartpro.jpg\",\"text_align\":\"center\"}}]},{\"name\":\"\",\"type\":\"column\",\"props\":{\"widths\":[\"\"],\"image_position\":\"center-center\"}}]}]},{\"name\":\"Desarrollo Marca\",\"type\":\"section\",\"props\":{\"width\":\"default\",\"padding\":\"large\",\"style\":\"default\",\"text_color\":\"\",\"media\":\"images\\\/home-header.jpg\",\"height_viewport\":true,\"header_overlay\":\"light\",\"image\":\"wp-content\\\/uploads\\\/FRDenimSmartPro-2.jpg\",\"media_advanced\":true,\"image_size\":\"cover\",\"media_background\":null,\"media_overlay\":null,\"height\":\"full\",\"animation\":\"\",\"header_transparent\":\"\",\"image_position\":\"center-center\",\"image_width\":\"\",\"image_height\":\"\",\"image_fixed\":false,\"media_blend_mode\":\"\",\"overlap\":false,\"padding_remove_bottom\":false,\"image_visibility\":\"\",\"image_effect\":\"parallax\",\"image_parallax\":-540,\"padding_remove_top\":false,\"image_parallax_bgy_end\":\"\",\"image_parallax_bgy_start\":\"70\",\"image_parallax_bgx_start\":\"\",\"image_parallax_bgx_end\":\"\",\"image_parallax_breakpoint\":\"m\",\"vertical_align\":\"middle\",\"title_position\":\"top-left\",\"title_rotation\":\"left\",\"title_breakpoint\":\"xl\"},\"children\":[{\"name\":\"\",\"type\":\"row\",\"props\":{\"layout\":\",\",\"breakpoint\":\"\",\"fixed_width\":\"large\",\"margin\":\"large\",\"vertical_align\":false,\"match\":false,\"width\":\"expand\",\"gutter\":\"small\",\"divider\":false},\"children\":[{\"name\":\"\",\"type\":\"column\",\"props\":{\"image_position\":\"center-center\",\"widths\":[\"\"],\"style\":\"\",\"image\":\"\",\"image_size\":\"cover\"}},{\"name\":\"\",\"type\":\"column\",\"props\":{\"widths\":[\"\"],\"image_position\":\"center-center\",\"text_color\":\"light\",\"style\":\"default\"},\"children\":[{\"name\":\"\",\"type\":\"headline\",\"props\":{\"title_element\":\"div\",\"content\":\"Tejidos para la confecci\\u00f3n de prendas destinadas a:\",\"text_align\":\"center\",\"title_style\":\"h5\",\"title_decoration\":\"\",\"margin_remove_bottom\":false,\"margin\":\"small\"}},{\"name\":\"Destinado a:\",\"type\":\"text\",\"props\":{\"margin\":\"default\",\"column_breakpoint\":\"m\",\"content\":\"\n\n<p>Este producto est\\u00e1 indicado para alta protecci\\u00f3n frente riesgos el\\u00e9ctricos en especial arco el\\u00e9ctrico cumpliendo con la normativa americana NFPA 2112 y NFPA 70E. Cumpliendo con el nivel 4 de m\\u00e1xima protecci\\u00f3n.<br\\\/> \\nInstalaciones con riesgos de fuego e incendio repentino \\u2022 El\\u00e9ctricas \\u2022 Transporte de mercanc\\u00edas peligrosas \\u2022 Bomberos \\u2022 Petroqu\\u00edmicas \\u2022 Mantenimiento de oleoductos y gaseoductos \\u2022 Refiner\\u00edas \\u2022 Pirot\\u00e9cnicas \\u2022 Aeropuertos \\u2022 Torres de perforaci\\u00f3n \\u2022 Industria automovil\\u00edstica \\u2022 Astilleros \\u2022 Fabricaci\\u00f3n de fertilizantes <\\\/p>\",\"text_size\":\"\",\"text_color\":\"\",\"text_align\":\"center\",\"margin_remove_top\":true}},{\"name\":\"\",\"type\":\"headline\",\"props\":{\"title_element\":\"div\",\"content\":\"Caracter\\u00edsticas:\",\"text_align\":\"center\",\"title_style\":\"h5\",\"title_decoration\":\"\",\"margin_remove_bottom\":false,\"margin\":\"small\"}},{\"name\":\"Caracter\\u00edsticas\",\"type\":\"text\",\"props\":{\"margin\":\"default\",\"column_breakpoint\":\"m\",\"content\":\"\n\n<p>Denim t\\u00e9cnico multi protecci\\u00f3n \\u2022 Protecci\\u00f3n integrada en la estructura del tejido \\u2022 C\\u00f3modo, el\\u00e1stico y ergon\\u00f3mico<\\\/p>\",\"text_size\":\"\",\"text_color\":\"\",\"text_align\":\"center\",\"margin_remove_top\":true}},{\"name\":\"\",\"type\":\"headline\",\"props\":{\"title_element\":\"div\",\"content\":\"Certificaciones:\",\"text_align\":\"center\",\"title_style\":\"h5\",\"title_decoration\":\"\",\"margin\":\"small\"}},{\"name\":\"Lista Certificaciones\",\"type\":\"list\",\"props\":{\"show_image\":true,\"show_link\":true,\"image_align\":\"left\",\"text_align\":\"center\",\"margin_remove_top\":true,\"content_style\":\"\"},\"children\":[{\"name\":\"\",\"type\":\"list_item\",\"props\":{\"content\":\"NFPA 2112 Normas Americanas - Protecci\\u00f3n contra incendios\"}},{\"name\":\"\",\"type\":\"list_item\",\"props\":{\"content\":\"EN ISO 11611 protecci\\u00f3n contra la soldadura y procesos afines\"}},{\"name\":\"\",\"type\":\"list_item\",\"props\":{\"content\":\"EN ISO 11612 protecci\\u00f3n contra el calor y la llama\"}},{\"name\":\"\",\"type\":\"list_item\",\"props\":{\"content\":\"ASTM F1959 ATPV\"}},{\"name\":\"\",\"type\":\"list_item\",\"props\":{\"content\":\"NFPA70E Protecci\\u00f3n contra el arco voltaico\"}},{\"name\":\"\",\"type\":\"list_item\",\"props\":{\"content\":\"ASTM F1956 Protecci\\u00f3n contra incendio instant\\u00e1neo y arco el\\u00e9ctrico\"}},{\"name\":\"\",\"type\":\"list_item\",\"props\":{\"content\":\"UNE EN 61482-1-2 Protecci\\u00f3n contra arco el\\u00e9ctrico\"}},{\"name\":\"\",\"type\":\"list_item\",\"props\":{\"content\":\"UNE EN 1149-3 Protecci\\u00f3n frente a riesgos de explosi\\u00f3n generados por efecto de energ\\u00eda electrost\\u00e1tica\"}}]},{\"name\":\"\",\"type\":\"image\",\"props\":{\"margin\":\"default\",\"image\":\"wp-content\\\/uploads\\\/lenzingfr-nexylon-teijinconex_300.jpg\",\"text_align\":\"center\"}}]}]}]}]} --><\/p>\n","protected":false},"excerpt":{"rendered":"<p>Tejido denim con amplia protecci\u00f3n multirriesgo, que cumple la norma americana NFPA 2112 (que regula la selecci\u00f3n, uso y mantenimiento de la ropa para la protecci\u00f3n t\u00e9rmica contra el fuego causado por un arco el\u00e9ctrico y protecci\u00f3n contra las salpicaduras de metal fundido, soldadura y procesos afines) Tejidos para la confecci\u00f3n de prendas destinadas a: [&hellip;]<\/p>\n","protected":false},"author":1,"featured_media":0,"parent":200,"menu_order":0,"comment_status":"closed","ping_status":"closed","template":"","meta":{"footnotes":""},"class_list":["post-216","page","type-page","status-publish","hentry"],"yoast_head":"<!-- This site is optimized with the Yoast SEO plugin v26.8 - https:\/\/yoast.com\/product\/yoast-seo-wordpress\/ -->\n<title>FR Denim Smart Pro - ROYOTEC<\/title>\n<meta name=\"robots\" content=\"index, follow, max-snippet:-1, max-image-preview:large, max-video-preview:-1\" \/>\n<link rel=\"canonical\" href=\"https:\/\/royotec.com\/en\/brands\/workprotection\/fr-denim-smart-pro\/\" \/>\n<meta property=\"og:locale\" content=\"es_ES\" \/>\n<meta property=\"og:type\" content=\"article\" \/>\n<meta property=\"og:title\" content=\"FR Denim Smart Pro - ROYOTEC\" \/>\n<meta property=\"og:description\" content=\"Tejido denim con amplia protecci\u00f3n multirriesgo, que cumple la norma americana NFPA 2112 (que regula la selecci\u00f3n, uso y mantenimiento de la ropa para la protecci\u00f3n t\u00e9rmica contra el fuego causado por un arco el\u00e9ctrico y protecci\u00f3n contra las salpicaduras de metal fundido, soldadura y procesos afines) Tejidos para la confecci\u00f3n de prendas destinadas a: [&hellip;]\" \/>\n<meta property=\"og:url\" content=\"https:\/\/royotec.com\/en\/brands\/workprotection\/fr-denim-smart-pro\/\" \/>\n<meta property=\"og:site_name\" content=\"ROYOTEC\" \/>\n<meta property=\"article:modified_time\" content=\"2017-10-10T09:52:27+00:00\" \/>\n<meta name=\"twitter:card\" content=\"summary_large_image\" \/>\n<meta name=\"twitter:label1\" content=\"Tiempo de lectura\" \/>\n\t<meta name=\"twitter:data1\" content=\"1 minuto\" \/>\n<script type=\"application\/ld+json\" class=\"yoast-schema-graph\">{\"@context\":\"https:\/\/schema.org\",\"@graph\":[{\"@type\":\"WebPage\",\"@id\":\"https:\/\/royotec.com\/en\/brands\/workprotection\/fr-denim-smart-pro\/\",\"url\":\"https:\/\/royotec.com\/en\/brands\/workprotection\/fr-denim-smart-pro\/\",\"name\":\"FR Denim Smart Pro - ROYOTEC\",\"isPartOf\":{\"@id\":\"https:\/\/royotec.com\/es\/#website\"},\"datePublished\":\"2017-08-28T15:23:07+00:00\",\"dateModified\":\"2017-10-10T09:52:27+00:00\",\"breadcrumb\":{\"@id\":\"https:\/\/royotec.com\/en\/brands\/workprotection\/fr-denim-smart-pro\/#breadcrumb\"},\"inLanguage\":\"es\",\"potentialAction\":[{\"@type\":\"ReadAction\",\"target\":[\"https:\/\/royotec.com\/en\/brands\/workprotection\/fr-denim-smart-pro\/\"]}]},{\"@type\":\"BreadcrumbList\",\"@id\":\"https:\/\/royotec.com\/en\/brands\/workprotection\/fr-denim-smart-pro\/#breadcrumb\",\"itemListElement\":[{\"@type\":\"ListItem\",\"position\":1,\"name\":\"Portada\",\"item\":\"https:\/\/royotec.com\/es\/\"},{\"@type\":\"ListItem\",\"position\":2,\"name\":\"Marcas\",\"item\":\"https:\/\/royotec.com\/es\/marcas\/\"},{\"@type\":\"ListItem\",\"position\":3,\"name\":\"Workprotection\",\"item\":\"https:\/\/royotec.com\/es\/marcas\/workprotection\/\"},{\"@type\":\"ListItem\",\"position\":4,\"name\":\"FR Denim Smart Pro\"}]},{\"@type\":\"WebSite\",\"@id\":\"https:\/\/royotec.com\/es\/#website\",\"url\":\"https:\/\/royotec.com\/es\/\",\"name\":\"ROYOTEC\",\"description\":\"The most advanced technology for the strongest protection\",\"potentialAction\":[{\"@type\":\"SearchAction\",\"target\":{\"@type\":\"EntryPoint\",\"urlTemplate\":\"https:\/\/royotec.com\/es\/?s={search_term_string}\"},\"query-input\":{\"@type\":\"PropertyValueSpecification\",\"valueRequired\":true,\"valueName\":\"search_term_string\"}}],\"inLanguage\":\"es\"}]}<\/script>\n<!-- \/ Yoast SEO plugin. -->","yoast_head_json":{"title":"FR Denim Smart Pro - ROYOTEC","robots":{"index":"index","follow":"follow","max-snippet":"max-snippet:-1","max-image-preview":"max-image-preview:large","max-video-preview":"max-video-preview:-1"},"canonical":"https:\/\/royotec.com\/en\/brands\/workprotection\/fr-denim-smart-pro\/","og_locale":"es_ES","og_type":"article","og_title":"FR Denim Smart Pro - ROYOTEC","og_description":"Tejido denim con amplia protecci\u00f3n multirriesgo, que cumple la norma americana NFPA 2112 (que regula la selecci\u00f3n, uso y mantenimiento de la ropa para la protecci\u00f3n t\u00e9rmica contra el fuego causado por un arco el\u00e9ctrico y protecci\u00f3n contra las salpicaduras de metal fundido, soldadura y procesos afines) Tejidos para la confecci\u00f3n de prendas destinadas a: [&hellip;]","og_url":"https:\/\/royotec.com\/en\/brands\/workprotection\/fr-denim-smart-pro\/","og_site_name":"ROYOTEC","article_modified_time":"2017-10-10T09:52:27+00:00","twitter_card":"summary_large_image","twitter_misc":{"Tiempo de lectura":"1 minuto"},"schema":{"@context":"https:\/\/schema.org","@graph":[{"@type":"WebPage","@id":"https:\/\/royotec.com\/en\/brands\/workprotection\/fr-denim-smart-pro\/","url":"https:\/\/royotec.com\/en\/brands\/workprotection\/fr-denim-smart-pro\/","name":"FR Denim Smart Pro - ROYOTEC","isPartOf":{"@id":"https:\/\/royotec.com\/es\/#website"},"datePublished":"2017-08-28T15:23:07+00:00","dateModified":"2017-10-10T09:52:27+00:00","breadcrumb":{"@id":"https:\/\/royotec.com\/en\/brands\/workprotection\/fr-denim-smart-pro\/#breadcrumb"},"inLanguage":"es","potentialAction":[{"@type":"ReadAction","target":["https:\/\/royotec.com\/en\/brands\/workprotection\/fr-denim-smart-pro\/"]}]},{"@type":"BreadcrumbList","@id":"https:\/\/royotec.com\/en\/brands\/workprotection\/fr-denim-smart-pro\/#breadcrumb","itemListElement":[{"@type":"ListItem","position":1,"name":"Portada","item":"https:\/\/royotec.com\/es\/"},{"@type":"ListItem","position":2,"name":"Marcas","item":"https:\/\/royotec.com\/es\/marcas\/"},{"@type":"ListItem","position":3,"name":"Workprotection","item":"https:\/\/royotec.com\/es\/marcas\/workprotection\/"},{"@type":"ListItem","position":4,"name":"FR Denim Smart Pro"}]},{"@type":"WebSite","@id":"https:\/\/royotec.com\/es\/#website","url":"https:\/\/royotec.com\/es\/","name":"ROYOTEC","description":"The most advanced technology for the strongest protection","potentialAction":[{"@type":"SearchAction","target":{"@type":"EntryPoint","urlTemplate":"https:\/\/royotec.com\/es\/?s={search_term_string}"},"query-input":{"@type":"PropertyValueSpecification","valueRequired":true,"valueName":"search_term_string"}}],"inLanguage":"es"}]}},"_links":{"self":[{"href":"https:\/\/royotec.com\/es\/wp-json\/wp\/v2\/pages\/216","targetHints":{"allow":["GET"]}}],"collection":[{"href":"https:\/\/royotec.com\/es\/wp-json\/wp\/v2\/pages"}],"about":[{"href":"https:\/\/royotec.com\/es\/wp-json\/wp\/v2\/types\/page"}],"author":[{"embeddable":true,"href":"https:\/\/royotec.com\/es\/wp-json\/wp\/v2\/users\/1"}],"replies":[{"embeddable":true,"href":"https:\/\/royotec.com\/es\/wp-json\/wp\/v2\/comments?post=216"}],"version-history":[{"count":19,"href":"https:\/\/royotec.com\/es\/wp-json\/wp\/v2\/pages\/216\/revisions"}],"predecessor-version":[{"id":1646,"href":"https:\/\/royotec.com\/es\/wp-json\/wp\/v2\/pages\/216\/revisions\/1646"}],"up":[{"embeddable":true,"href":"https:\/\/royotec.com\/es\/wp-json\/wp\/v2\/pages\/200"}],"wp:attachment":[{"href":"https:\/\/royotec.com\/es\/wp-json\/wp\/v2\/media?parent=216"}],"curies":[{"name":"wp","href":"https:\/\/api.w.org\/{rel}","templated":true}]}}