{"id":220,"date":"2017-08-28T17:23:53","date_gmt":"2017-08-28T15:23:53","guid":{"rendered":"http:\/\/royotec.com\/?page_id=220"},"modified":"2017-10-10T11:54:18","modified_gmt":"2017-10-10T09:54:18","slug":"xplus-denim","status":"publish","type":"page","link":"https:\/\/royotec.com\/es\/marcas\/riderprotection\/xplus-denim\/","title":{"rendered":"Xplus Denim"},"content":{"rendered":"<p>Tejido denim de alta especializaci\u00f3n, cuya combinaci\u00f3n de fibras lo hace altamente resistente a las rozaduras, desgarros e incluso a la penetraci\u00f3n de objetos, siendo muy confortable, ligero y duradero. No precisa de cuidados especiales para su mantenimiento.<\/p>\n<p>Tejidos para la confecci\u00f3n de prendas destinadas a:<\/p>\n<p>Actividades deportivas como motociclismo, mountain bike, monopat\u00edn, trial, karting y para actividades relacionadas con la protecci\u00f3n en el trabajo como maquinaria de corte, menasajer\u00edas y reparto en moto, ebanistas, carpinteros y cualquier otra actividad que requiera comodidad y protecci\u00f3n contra la abrasi\u00f3n por roce y el corte<\/p>\n<p>Caracter\u00edsticas:<\/p>\n<p>Tejido denim aut\u00e9ntico \u2022 Alta resistencia al corte \u2022 Alta resistencia a la abrasi\u00f3n \u2022 Alta resistencia a la tracci\u00f3n y desgarro &#8211; ARMALITH Tecnolog\u00eda \u2022 Confortable \u2022 El\u00e1stico \u2022 Transpirable \u2022 Protecci\u00f3n que no disminuye con el uso \u2022 Cuidado f\u00e1cil y mantenimiento como cualquier prenda denim \u2022 Lavado normal y transpirable<\/p>\n<p>Certificaciones:<\/p>\n<p>UNE EN 13592-2 protecci\u00f3n a la abrasi\u00f3n por impacto<\/p>\n<p><!-- {\"name\":\"\",\"type\":\"layout\",\"children\":[{\"name\":\"Encabezado Familia\",\"type\":\"section\",\"props\":{\"width\":\"default\",\"padding\":\"large\",\"style\":\"default\",\"text_color\":\"\",\"media\":\"images\\\/home-header.jpg\",\"height_viewport\":true,\"header_overlay\":\"light\",\"image\":\"wp-content\\\/uploads\\\/fullscreen_riderprotection-2.jpg\",\"media_advanced\":true,\"image_size\":\"cover\",\"media_background\":null,\"media_overlay\":null,\"height\":\"full\",\"animation\":\"\",\"header_transparent\":\"\",\"image_position\":\"center-center\",\"image_width\":\"\",\"image_height\":\"\",\"image_fixed\":false,\"media_blend_mode\":\"\",\"overlap\":false,\"padding_remove_bottom\":false,\"image_visibility\":\"\",\"image_effect\":\"parallax\",\"image_parallax\":-540,\"padding_remove_top\":false,\"image_parallax_bgy_end\":\"\",\"image_parallax_bgy_start\":\"70\",\"image_parallax_bgx_start\":\"\",\"image_parallax_bgx_end\":\"\",\"image_parallax_breakpoint\":\"m\",\"vertical_align\":\"middle\",\"title_position\":\"top-left\",\"title_rotation\":\"left\",\"title_breakpoint\":\"xl\"},\"children\":[{\"name\":\"\",\"type\":\"row\",\"props\":{\"layout\":\",\",\"breakpoint\":\"\",\"fixed_width\":\"large\",\"margin\":\"large\",\"vertical_align\":false,\"match\":false,\"width\":\"expand\",\"gutter\":\"small\",\"divider\":false},\"children\":[{\"name\":\"\",\"type\":\"column\",\"props\":{\"image_position\":\"center-center\",\"widths\":[\"\"],\"style\":\"primary\",\"image\":\"\",\"image_size\":\"cover\",\"text_color\":\"light\"},\"children\":[{\"name\":\"\",\"type\":\"image\",\"props\":{\"margin\":\"default\",\"image\":\"wp-content\\\/uploads\\\/claim_xplusdenim-1.png\"}},{\"name\":\"\",\"type\":\"image\",\"props\":{\"margin\":\"default\",\"image\":\"wp-content\\\/uploads\\\/xplusdenim_logo.png\",\"text_align\":\"center\"}},{\"name\":\"\",\"type\":\"text\",\"props\":{\"margin\":\"default\",\"column_breakpoint\":\"m\",\"content\":\"\n\n<p>Tejido denim de alta especializaci\\u00f3n, cuya combinaci\\u00f3n de fibras lo hace altamente resistente a las rozaduras, desgarros e incluso a la penetraci\\u00f3n de objetos, siendo muy confortable, ligero y duradero. No precisa de cuidados especiales para su mantenimiento.<\\\/p>\",\"text_color\":\"\",\"text_size\":\"large\",\"text_align\":\"center\"}},{\"name\":\"\",\"type\":\"image\",\"props\":{\"margin\":\"default\",\"image\":\"wp-content\\\/uploads\\\/Cert_xplusdenim.jpg\"}}]},{\"name\":\"\",\"type\":\"column\",\"props\":{\"widths\":[\"\"],\"image_position\":\"center-center\"}}]}]},{\"name\":\"Desarrollo Marca\",\"type\":\"section\",\"props\":{\"width\":\"default\",\"padding\":\"large\",\"style\":\"default\",\"text_color\":\"\",\"media\":\"images\\\/home-header.jpg\",\"height_viewport\":true,\"header_overlay\":\"light\",\"image\":\"wp-content\\\/uploads\\\/XPlusDenim-2.jpg\",\"media_advanced\":true,\"image_size\":\"cover\",\"media_background\":null,\"media_overlay\":null,\"height\":\"full\",\"animation\":\"\",\"header_transparent\":\"\",\"image_position\":\"center-center\",\"image_width\":\"\",\"image_height\":\"\",\"image_fixed\":false,\"media_blend_mode\":\"\",\"overlap\":false,\"padding_remove_bottom\":false,\"image_visibility\":\"\",\"image_effect\":\"parallax\",\"image_parallax\":-540,\"padding_remove_top\":false,\"image_parallax_bgy_end\":\"\",\"image_parallax_bgy_start\":\"70\",\"image_parallax_bgx_start\":\"\",\"image_parallax_bgx_end\":\"\",\"image_parallax_breakpoint\":\"m\",\"vertical_align\":\"middle\",\"title_position\":\"top-left\",\"title_rotation\":\"left\",\"title_breakpoint\":\"xl\"},\"children\":[{\"name\":\"\",\"type\":\"row\",\"props\":{\"layout\":\",\",\"breakpoint\":\"\",\"fixed_width\":\"large\",\"margin\":\"large\",\"vertical_align\":false,\"match\":false,\"width\":\"expand\",\"gutter\":\"small\",\"divider\":false},\"children\":[{\"name\":\"\",\"type\":\"column\",\"props\":{\"image_position\":\"center-center\",\"widths\":[\"\"],\"style\":\"\",\"image\":\"\",\"image_size\":\"cover\"}},{\"name\":\"\",\"type\":\"column\",\"props\":{\"widths\":[\"\"],\"image_position\":\"center-center\",\"text_color\":\"\",\"style\":\"default\"},\"children\":[{\"name\":\"\",\"type\":\"headline\",\"props\":{\"title_element\":\"div\",\"content\":\"Tejidos para la confecci\\u00f3n de prendas destinadas a:\",\"text_align\":\"center\",\"title_style\":\"h5\",\"title_decoration\":\"\",\"margin_remove_bottom\":false,\"margin\":\"small\"}},{\"name\":\"Destinado a:\",\"type\":\"text\",\"props\":{\"margin\":\"default\",\"column_breakpoint\":\"m\",\"content\":\"\n\n<p>Actividades deportivas como motociclismo, mountain bike, monopat\\u00edn, trial, karting y para actividades relacionadas con la protecci\\u00f3n en el trabajo como maquinaria de corte, menasajer\\u00edas y reparto en moto, ebanistas, carpinteros y cualquier otra actividad que requiera comodidad y protecci\\u00f3n contra la abrasi\\u00f3n por roce y el corte<\\\/p>\",\"text_size\":\"\",\"text_color\":\"\",\"text_align\":\"center\",\"margin_remove_top\":true}},{\"name\":\"\",\"type\":\"headline\",\"props\":{\"title_element\":\"div\",\"content\":\"Caracter\\u00edsticas:\",\"text_align\":\"center\",\"title_style\":\"h5\",\"title_decoration\":\"\",\"margin_remove_bottom\":false,\"margin\":\"small\"}},{\"name\":\"Caracter\\u00edsticas\",\"type\":\"text\",\"props\":{\"margin\":\"default\",\"column_breakpoint\":\"m\",\"content\":\"\n\n<p>Tejido denim aut\\u00e9ntico \\u2022 Alta resistencia al corte \\u2022 Alta resistencia a la abrasi\\u00f3n \\u2022 Alta resistencia a la tracci\\u00f3n y desgarro - ARMALITH Tecnolog\\u00eda \\u2022 Confortable \\u2022 El\\u00e1stico \\u2022 Transpirable \\u2022 Protecci\\u00f3n que no disminuye con el uso \\u2022 Cuidado f\\u00e1cil y mantenimiento como cualquier prenda denim \\u2022 Lavado normal y transpirable<\\\/p>\",\"text_size\":\"\",\"text_color\":\"\",\"text_align\":\"center\",\"margin_remove_top\":true}},{\"name\":\"\",\"type\":\"headline\",\"props\":{\"title_element\":\"div\",\"content\":\"Certificaciones:\",\"text_align\":\"center\",\"title_style\":\"h5\",\"title_decoration\":\"\",\"margin\":\"small\"}},{\"name\":\"Lista Certificaciones\",\"type\":\"list\",\"props\":{\"show_image\":true,\"show_link\":true,\"image_align\":\"left\",\"text_align\":\"center\",\"margin_remove_top\":true,\"content_style\":\"\"},\"children\":[{\"name\":\"\",\"type\":\"list_item\",\"props\":{\"content\":\"UNE EN 13592-2 protecci\\u00f3n a la abrasi\\u00f3n por impacto\",\"link\":\"\"}}]},{\"name\":\"\",\"type\":\"image\",\"props\":{\"margin\":\"default\",\"image\":\"wp-content\\\/uploads\\\/LYCRADUALFX_armalith_300.jpg\",\"text_align\":\"center\"}}]}]}]}]} --><\/p>\n","protected":false},"excerpt":{"rendered":"<p>Tejido denim de alta especializaci\u00f3n, cuya combinaci\u00f3n de fibras lo hace altamente resistente a las rozaduras, desgarros e incluso a la penetraci\u00f3n de objetos, siendo muy confortable, ligero y duradero. No precisa de cuidados especiales para su mantenimiento. Tejidos para la confecci\u00f3n de prendas destinadas a: Actividades deportivas como motociclismo, mountain bike, monopat\u00edn, trial, karting [&hellip;]<\/p>\n","protected":false},"author":1,"featured_media":0,"parent":204,"menu_order":0,"comment_status":"closed","ping_status":"closed","template":"","meta":{"footnotes":""},"class_list":["post-220","page","type-page","status-publish","hentry"],"yoast_head":"<!-- This site is optimized with the Yoast SEO plugin v26.8 - https:\/\/yoast.com\/product\/yoast-seo-wordpress\/ -->\n<title>Xplus Denim - ROYOTEC<\/title>\n<meta name=\"robots\" content=\"index, follow, max-snippet:-1, max-image-preview:large, max-video-preview:-1\" \/>\n<link rel=\"canonical\" href=\"https:\/\/royotec.com\/en\/brands\/riderprotection\/xplus-denim\/\" \/>\n<meta property=\"og:locale\" content=\"es_ES\" \/>\n<meta property=\"og:type\" content=\"article\" \/>\n<meta property=\"og:title\" content=\"Xplus Denim - ROYOTEC\" \/>\n<meta property=\"og:description\" content=\"Tejido denim de alta especializaci\u00f3n, cuya combinaci\u00f3n de fibras lo hace altamente resistente a las rozaduras, desgarros e incluso a la penetraci\u00f3n de objetos, siendo muy confortable, ligero y duradero. No precisa de cuidados especiales para su mantenimiento. Tejidos para la confecci\u00f3n de prendas destinadas a: Actividades deportivas como motociclismo, mountain bike, monopat\u00edn, trial, karting [&hellip;]\" \/>\n<meta property=\"og:url\" content=\"https:\/\/royotec.com\/en\/brands\/riderprotection\/xplus-denim\/\" \/>\n<meta property=\"og:site_name\" content=\"ROYOTEC\" \/>\n<meta property=\"article:modified_time\" content=\"2017-10-10T09:54:18+00:00\" \/>\n<meta name=\"twitter:card\" content=\"summary_large_image\" \/>\n<meta name=\"twitter:label1\" content=\"Tiempo de lectura\" \/>\n\t<meta name=\"twitter:data1\" content=\"1 minuto\" \/>\n<script type=\"application\/ld+json\" class=\"yoast-schema-graph\">{\"@context\":\"https:\/\/schema.org\",\"@graph\":[{\"@type\":\"WebPage\",\"@id\":\"https:\/\/royotec.com\/en\/brands\/riderprotection\/xplus-denim\/\",\"url\":\"https:\/\/royotec.com\/en\/brands\/riderprotection\/xplus-denim\/\",\"name\":\"Xplus Denim - ROYOTEC\",\"isPartOf\":{\"@id\":\"https:\/\/royotec.com\/es\/#website\"},\"datePublished\":\"2017-08-28T15:23:53+00:00\",\"dateModified\":\"2017-10-10T09:54:18+00:00\",\"breadcrumb\":{\"@id\":\"https:\/\/royotec.com\/en\/brands\/riderprotection\/xplus-denim\/#breadcrumb\"},\"inLanguage\":\"es\",\"potentialAction\":[{\"@type\":\"ReadAction\",\"target\":[\"https:\/\/royotec.com\/en\/brands\/riderprotection\/xplus-denim\/\"]}]},{\"@type\":\"BreadcrumbList\",\"@id\":\"https:\/\/royotec.com\/en\/brands\/riderprotection\/xplus-denim\/#breadcrumb\",\"itemListElement\":[{\"@type\":\"ListItem\",\"position\":1,\"name\":\"Portada\",\"item\":\"https:\/\/royotec.com\/es\/\"},{\"@type\":\"ListItem\",\"position\":2,\"name\":\"Marcas\",\"item\":\"https:\/\/royotec.com\/es\/marcas\/\"},{\"@type\":\"ListItem\",\"position\":3,\"name\":\"Riderprotection\",\"item\":\"https:\/\/royotec.com\/en\/brands\/riderprotection\/\"},{\"@type\":\"ListItem\",\"position\":4,\"name\":\"Xplus Denim\"}]},{\"@type\":\"WebSite\",\"@id\":\"https:\/\/royotec.com\/es\/#website\",\"url\":\"https:\/\/royotec.com\/es\/\",\"name\":\"ROYOTEC\",\"description\":\"The most advanced technology for the strongest protection\",\"potentialAction\":[{\"@type\":\"SearchAction\",\"target\":{\"@type\":\"EntryPoint\",\"urlTemplate\":\"https:\/\/royotec.com\/es\/?s={search_term_string}\"},\"query-input\":{\"@type\":\"PropertyValueSpecification\",\"valueRequired\":true,\"valueName\":\"search_term_string\"}}],\"inLanguage\":\"es\"}]}<\/script>\n<!-- \/ Yoast SEO plugin. -->","yoast_head_json":{"title":"Xplus Denim - ROYOTEC","robots":{"index":"index","follow":"follow","max-snippet":"max-snippet:-1","max-image-preview":"max-image-preview:large","max-video-preview":"max-video-preview:-1"},"canonical":"https:\/\/royotec.com\/en\/brands\/riderprotection\/xplus-denim\/","og_locale":"es_ES","og_type":"article","og_title":"Xplus Denim - ROYOTEC","og_description":"Tejido denim de alta especializaci\u00f3n, cuya combinaci\u00f3n de fibras lo hace altamente resistente a las rozaduras, desgarros e incluso a la penetraci\u00f3n de objetos, siendo muy confortable, ligero y duradero. No precisa de cuidados especiales para su mantenimiento. Tejidos para la confecci\u00f3n de prendas destinadas a: Actividades deportivas como motociclismo, mountain bike, monopat\u00edn, trial, karting [&hellip;]","og_url":"https:\/\/royotec.com\/en\/brands\/riderprotection\/xplus-denim\/","og_site_name":"ROYOTEC","article_modified_time":"2017-10-10T09:54:18+00:00","twitter_card":"summary_large_image","twitter_misc":{"Tiempo de lectura":"1 minuto"},"schema":{"@context":"https:\/\/schema.org","@graph":[{"@type":"WebPage","@id":"https:\/\/royotec.com\/en\/brands\/riderprotection\/xplus-denim\/","url":"https:\/\/royotec.com\/en\/brands\/riderprotection\/xplus-denim\/","name":"Xplus Denim - ROYOTEC","isPartOf":{"@id":"https:\/\/royotec.com\/es\/#website"},"datePublished":"2017-08-28T15:23:53+00:00","dateModified":"2017-10-10T09:54:18+00:00","breadcrumb":{"@id":"https:\/\/royotec.com\/en\/brands\/riderprotection\/xplus-denim\/#breadcrumb"},"inLanguage":"es","potentialAction":[{"@type":"ReadAction","target":["https:\/\/royotec.com\/en\/brands\/riderprotection\/xplus-denim\/"]}]},{"@type":"BreadcrumbList","@id":"https:\/\/royotec.com\/en\/brands\/riderprotection\/xplus-denim\/#breadcrumb","itemListElement":[{"@type":"ListItem","position":1,"name":"Portada","item":"https:\/\/royotec.com\/es\/"},{"@type":"ListItem","position":2,"name":"Marcas","item":"https:\/\/royotec.com\/es\/marcas\/"},{"@type":"ListItem","position":3,"name":"Riderprotection","item":"https:\/\/royotec.com\/en\/brands\/riderprotection\/"},{"@type":"ListItem","position":4,"name":"Xplus Denim"}]},{"@type":"WebSite","@id":"https:\/\/royotec.com\/es\/#website","url":"https:\/\/royotec.com\/es\/","name":"ROYOTEC","description":"The most advanced technology for the strongest protection","potentialAction":[{"@type":"SearchAction","target":{"@type":"EntryPoint","urlTemplate":"https:\/\/royotec.com\/es\/?s={search_term_string}"},"query-input":{"@type":"PropertyValueSpecification","valueRequired":true,"valueName":"search_term_string"}}],"inLanguage":"es"}]}},"_links":{"self":[{"href":"https:\/\/royotec.com\/es\/wp-json\/wp\/v2\/pages\/220","targetHints":{"allow":["GET"]}}],"collection":[{"href":"https:\/\/royotec.com\/es\/wp-json\/wp\/v2\/pages"}],"about":[{"href":"https:\/\/royotec.com\/es\/wp-json\/wp\/v2\/types\/page"}],"author":[{"embeddable":true,"href":"https:\/\/royotec.com\/es\/wp-json\/wp\/v2\/users\/1"}],"replies":[{"embeddable":true,"href":"https:\/\/royotec.com\/es\/wp-json\/wp\/v2\/comments?post=220"}],"version-history":[{"count":19,"href":"https:\/\/royotec.com\/es\/wp-json\/wp\/v2\/pages\/220\/revisions"}],"predecessor-version":[{"id":1649,"href":"https:\/\/royotec.com\/es\/wp-json\/wp\/v2\/pages\/220\/revisions\/1649"}],"up":[{"embeddable":true,"href":"https:\/\/royotec.com\/es\/wp-json\/wp\/v2\/pages\/204"}],"wp:attachment":[{"href":"https:\/\/royotec.com\/es\/wp-json\/wp\/v2\/media?parent=220"}],"curies":[{"name":"wp","href":"https:\/\/api.w.org\/{rel}","templated":true}]}}