{"id":228,"date":"2017-08-28T17:25:04","date_gmt":"2017-08-28T15:25:04","guid":{"rendered":"http:\/\/royotec.com\/?page_id=228"},"modified":"2017-10-10T12:19:47","modified_gmt":"2017-10-10T10:19:47","slug":"dynamic-denim","status":"publish","type":"page","link":"https:\/\/royotec.com\/es\/marcas\/activesport\/dynamic-denim\/","title":{"rendered":"Dynamic Denim"},"content":{"rendered":"<p> Tejidos denim t\u00e9cnicos y funcionales, destinados a la confecci\u00f3n de prendas para la pr\u00e1ctica de actividades deportivas al aire libre que precisan protecci\u00f3n y total libertad de movimiento.<\/p>\n<p>Tejidos para la confecci\u00f3n de prendas destinadas a:<\/p>\n<p>Trekking \u2022 Running \u2022 Ciclo turismo \u2022 Mountainbike\u2022 Commuter \u2022 Monta\u00f1ismo\u2022 Escalada \u2022 BMX \u2022 Skateboard \u2022 Patinaje \u2022 Freeride MTB<\/p>\n<p>Caracter\u00edsticas:<\/p>\n<p>Aspecto diferencial por tratarse de tejido denim \u2022 Tejido confortable, transpirable \u2022 Alta resistencia a la tracci\u00f3n \u2022 Alta resistencia al desgarro \u2022 Adaptable al cuerpo \u2022 El\u00e1stico \u2022 Tejido impermeable \u2022 Transpirable \u2022 Tejido resistente \u2022 F\u00e1cil mantenimiento dom\u00e9stico, lavado y secados dom\u00e9sticos 40\u00ba<\/p>\n<p>Certificaciones:<\/p>\n<p>UNE EN 1149-3 ANTIEST\u00c1TICO<\/p>\n<p>UNE EN 31092 TRANSPIRABILIDAD<\/p>\n<p><!-- {\"name\":\"\",\"type\":\"layout\",\"children\":[{\"name\":\"Encabezado Familia\",\"type\":\"section\",\"props\":{\"width\":\"default\",\"padding\":\"large\",\"style\":\"default\",\"text_color\":\"\",\"media\":\"images\\\/home-header.jpg\",\"height_viewport\":true,\"header_overlay\":\"light\",\"image\":\"wp-content\\\/uploads\\\/fullscreen_dynamicdenim.jpg\",\"media_advanced\":true,\"image_size\":\"cover\",\"media_background\":null,\"media_overlay\":null,\"height\":\"full\",\"animation\":\"\",\"header_transparent\":\"\",\"image_position\":\"center-center\",\"image_width\":\"\",\"image_height\":\"\",\"image_fixed\":false,\"media_blend_mode\":\"\",\"overlap\":false,\"padding_remove_bottom\":false,\"image_visibility\":\"\",\"image_effect\":\"parallax\",\"image_parallax\":-540,\"padding_remove_top\":false,\"image_parallax_bgy_end\":\"\",\"image_parallax_bgy_start\":\"70\",\"image_parallax_bgx_start\":\"\",\"image_parallax_bgx_end\":\"\",\"image_parallax_breakpoint\":\"m\",\"vertical_align\":\"middle\",\"title_position\":\"top-left\",\"title_rotation\":\"left\",\"title_breakpoint\":\"xl\"},\"children\":[{\"name\":\"\",\"type\":\"row\",\"props\":{\"layout\":\",\",\"breakpoint\":\"\",\"fixed_width\":\"large\",\"margin\":\"large\",\"vertical_align\":false,\"match\":false,\"width\":\"expand\",\"gutter\":\"small\",\"divider\":false},\"children\":[{\"name\":\"\",\"type\":\"column\",\"props\":{\"image_position\":\"center-center\",\"widths\":[\"\"],\"style\":\"primary\",\"image\":\"\",\"image_size\":\"cover\",\"text_color\":\"\"},\"children\":[{\"name\":\"\",\"type\":\"image\",\"props\":{\"margin\":\"default\",\"image\":\"wp-content\\\/uploads\\\/claim_dynamicdenim-2.png\"}},{\"name\":\"\",\"type\":\"image\",\"props\":{\"margin\":\"default\",\"image\":\"wp-content\\\/uploads\\\/dynamicdenim_logo.png\",\"text_align\":\"center\"}},{\"name\":\"\",\"type\":\"text\",\"props\":{\"margin\":\"default\",\"column_breakpoint\":\"m\",\"content\":\"\n\n<p> Tejidos denim t\\u00e9cnicos y funcionales, destinados a la confecci\\u00f3n de prendas para la pr\\u00e1ctica de actividades deportivas al aire libre que precisan protecci\\u00f3n y total libertad de movimiento.<\\\/p>\",\"text_color\":\"\",\"text_size\":\"large\",\"text_align\":\"center\"}},{\"name\":\"\",\"type\":\"image\",\"props\":{\"margin\":\"default\",\"image\":\"wp-content\\\/uploads\\\/Cert_dynamicdenim.jpg\"}}]},{\"name\":\"\",\"type\":\"column\",\"props\":{\"widths\":[\"\"],\"image_position\":\"center-center\"}}]}]},{\"name\":\"Desarrollo Marca\",\"type\":\"section\",\"props\":{\"width\":\"default\",\"padding\":\"large\",\"style\":\"default\",\"text_color\":\"\",\"media\":\"images\\\/home-header.jpg\",\"height_viewport\":true,\"header_overlay\":\"light\",\"image\":\"wp-content\\\/uploads\\\/DynamicDenim-2.jpg\",\"media_advanced\":true,\"image_size\":\"cover\",\"media_background\":null,\"media_overlay\":null,\"height\":\"full\",\"animation\":\"\",\"header_transparent\":\"\",\"image_position\":\"center-center\",\"image_width\":\"\",\"image_height\":\"\",\"image_fixed\":false,\"media_blend_mode\":\"\",\"overlap\":false,\"padding_remove_bottom\":false,\"image_visibility\":\"\",\"image_effect\":\"parallax\",\"image_parallax\":-540,\"padding_remove_top\":false,\"image_parallax_bgy_end\":\"\",\"image_parallax_bgy_start\":\"70\",\"image_parallax_bgx_start\":\"\",\"image_parallax_bgx_end\":\"\",\"image_parallax_breakpoint\":\"m\",\"vertical_align\":\"middle\",\"title_position\":\"top-left\",\"title_rotation\":\"left\",\"title_breakpoint\":\"xl\"},\"children\":[{\"name\":\"\",\"type\":\"row\",\"props\":{\"layout\":\",\",\"breakpoint\":\"\",\"fixed_width\":\"large\",\"margin\":\"large\",\"vertical_align\":false,\"match\":false,\"width\":\"expand\",\"gutter\":\"small\",\"divider\":false},\"children\":[{\"name\":\"\",\"type\":\"column\",\"props\":{\"image_position\":\"center-center\",\"widths\":[\"\"],\"style\":\"\",\"image\":\"\",\"image_size\":\"cover\"}},{\"name\":\"\",\"type\":\"column\",\"props\":{\"widths\":[\"\"],\"image_position\":\"center-center\",\"text_color\":\"light\",\"style\":\"default\"},\"children\":[{\"name\":\"\",\"type\":\"headline\",\"props\":{\"title_element\":\"div\",\"content\":\"Tejidos para la confecci\\u00f3n de prendas destinadas a:\",\"text_align\":\"center\",\"title_style\":\"h5\",\"title_decoration\":\"\",\"margin_remove_bottom\":false,\"margin\":\"small\"}},{\"name\":\"Destinado a:\",\"type\":\"text\",\"props\":{\"margin\":\"default\",\"column_breakpoint\":\"m\",\"content\":\"\n\n<p>Trekking \\u2022 Running \\u2022 Ciclo turismo \\u2022 Mountainbike\\u2022 Commuter \\u2022 Monta\\u00f1ismo\\u2022 Escalada \\u2022 BMX \\u2022 Skateboard \\u2022 Patinaje \\u2022 Freeride MTB<\\\/p>\",\"text_size\":\"\",\"text_color\":\"\",\"text_align\":\"center\",\"margin_remove_top\":true}},{\"name\":\"\",\"type\":\"headline\",\"props\":{\"title_element\":\"div\",\"content\":\"Caracter\\u00edsticas:\",\"text_align\":\"center\",\"title_style\":\"h5\",\"title_decoration\":\"\",\"margin_remove_bottom\":false,\"margin\":\"small\"}},{\"name\":\"Caracter\\u00edsticas\",\"type\":\"text\",\"props\":{\"margin\":\"default\",\"column_breakpoint\":\"m\",\"content\":\"\n\n<p>Aspecto diferencial por tratarse de tejido denim \\u2022 Tejido confortable, transpirable \\u2022 Alta resistencia a la tracci\\u00f3n \\u2022 Alta resistencia al desgarro \\u2022 Adaptable al cuerpo \\u2022 El\\u00e1stico \\u2022 Tejido impermeable \\u2022 Transpirable \\u2022 Tejido resistente \\u2022 F\\u00e1cil mantenimiento dom\\u00e9stico, lavado y secados dom\\u00e9sticos 40\\u00ba<\\\/p>\",\"text_size\":\"\",\"text_color\":\"\",\"text_align\":\"center\",\"margin_remove_top\":true}},{\"name\":\"\",\"type\":\"headline\",\"props\":{\"title_element\":\"div\",\"content\":\"Certificaciones:\",\"text_align\":\"center\",\"title_style\":\"h5\",\"title_decoration\":\"\",\"margin\":\"small\"}},{\"name\":\"Lista Certificaciones\",\"type\":\"list\",\"props\":{\"show_image\":true,\"show_link\":true,\"image_align\":\"left\",\"text_align\":\"center\",\"margin_remove_top\":true,\"content_style\":\"\"},\"children\":[{\"name\":\"\",\"type\":\"list_item\",\"props\":{\"content\":\"UNE EN 1149-3 ANTIEST\\u00c1TICO\",\"link\":\"\"}},{\"name\":\"\",\"type\":\"list_item\",\"props\":{\"content\":\"UNE EN 31092 TRANSPIRABILIDAD\"}}]},{\"name\":\"\",\"type\":\"image\",\"props\":{\"margin\":\"default\",\"image\":\"wp-content\\\/uploads\\\/LYCRADUALFX_300.jpg\",\"text_align\":\"center\"}}]}]}]}]} --><\/p>\n","protected":false},"excerpt":{"rendered":"<p>Tejidos denim t\u00e9cnicos y funcionales, destinados a la confecci\u00f3n de prendas para la pr\u00e1ctica de actividades deportivas al aire libre que precisan protecci\u00f3n y total libertad de movimiento. Tejidos para la confecci\u00f3n de prendas destinadas a: Trekking \u2022 Running \u2022 Ciclo turismo \u2022 Mountainbike\u2022 Commuter \u2022 Monta\u00f1ismo\u2022 Escalada \u2022 BMX \u2022 Skateboard \u2022 Patinaje \u2022 [&hellip;]<\/p>\n","protected":false},"author":1,"featured_media":0,"parent":202,"menu_order":0,"comment_status":"closed","ping_status":"closed","template":"","meta":{"footnotes":""},"class_list":["post-228","page","type-page","status-publish","hentry"],"yoast_head":"<!-- This site is optimized with the Yoast SEO plugin v26.8 - https:\/\/yoast.com\/product\/yoast-seo-wordpress\/ -->\n<title>Dynamic Denim - ROYOTEC<\/title>\n<meta name=\"robots\" content=\"index, follow, max-snippet:-1, max-image-preview:large, max-video-preview:-1\" \/>\n<link rel=\"canonical\" href=\"https:\/\/royotec.com\/en\/brands\/activesport\/dynamic-denim\/\" \/>\n<meta property=\"og:locale\" content=\"es_ES\" \/>\n<meta property=\"og:type\" content=\"article\" \/>\n<meta property=\"og:title\" content=\"Dynamic Denim - ROYOTEC\" \/>\n<meta property=\"og:description\" content=\"Tejidos denim t\u00e9cnicos y funcionales, destinados a la confecci\u00f3n de prendas para la pr\u00e1ctica de actividades deportivas al aire libre que precisan protecci\u00f3n y total libertad de movimiento. Tejidos para la confecci\u00f3n de prendas destinadas a: Trekking \u2022 Running \u2022 Ciclo turismo \u2022 Mountainbike\u2022 Commuter \u2022 Monta\u00f1ismo\u2022 Escalada \u2022 BMX \u2022 Skateboard \u2022 Patinaje \u2022 [&hellip;]\" \/>\n<meta property=\"og:url\" content=\"https:\/\/royotec.com\/en\/brands\/activesport\/dynamic-denim\/\" \/>\n<meta property=\"og:site_name\" content=\"ROYOTEC\" \/>\n<meta property=\"article:modified_time\" content=\"2017-10-10T10:19:47+00:00\" \/>\n<meta name=\"twitter:card\" content=\"summary_large_image\" \/>\n<meta name=\"twitter:label1\" content=\"Tiempo de lectura\" \/>\n\t<meta name=\"twitter:data1\" content=\"1 minuto\" \/>\n<script type=\"application\/ld+json\" class=\"yoast-schema-graph\">{\"@context\":\"https:\/\/schema.org\",\"@graph\":[{\"@type\":\"WebPage\",\"@id\":\"https:\/\/royotec.com\/en\/brands\/activesport\/dynamic-denim\/\",\"url\":\"https:\/\/royotec.com\/en\/brands\/activesport\/dynamic-denim\/\",\"name\":\"Dynamic Denim - ROYOTEC\",\"isPartOf\":{\"@id\":\"https:\/\/royotec.com\/es\/#website\"},\"datePublished\":\"2017-08-28T15:25:04+00:00\",\"dateModified\":\"2017-10-10T10:19:47+00:00\",\"breadcrumb\":{\"@id\":\"https:\/\/royotec.com\/en\/brands\/activesport\/dynamic-denim\/#breadcrumb\"},\"inLanguage\":\"es\",\"potentialAction\":[{\"@type\":\"ReadAction\",\"target\":[\"https:\/\/royotec.com\/en\/brands\/activesport\/dynamic-denim\/\"]}]},{\"@type\":\"BreadcrumbList\",\"@id\":\"https:\/\/royotec.com\/en\/brands\/activesport\/dynamic-denim\/#breadcrumb\",\"itemListElement\":[{\"@type\":\"ListItem\",\"position\":1,\"name\":\"Portada\",\"item\":\"https:\/\/royotec.com\/es\/\"},{\"@type\":\"ListItem\",\"position\":2,\"name\":\"Marcas\",\"item\":\"https:\/\/royotec.com\/es\/marcas\/\"},{\"@type\":\"ListItem\",\"position\":3,\"name\":\"Activesport\",\"item\":\"https:\/\/royotec.com\/en\/brands\/activesport\/\"},{\"@type\":\"ListItem\",\"position\":4,\"name\":\"Dynamic Denim\"}]},{\"@type\":\"WebSite\",\"@id\":\"https:\/\/royotec.com\/es\/#website\",\"url\":\"https:\/\/royotec.com\/es\/\",\"name\":\"ROYOTEC\",\"description\":\"The most advanced technology for the strongest protection\",\"potentialAction\":[{\"@type\":\"SearchAction\",\"target\":{\"@type\":\"EntryPoint\",\"urlTemplate\":\"https:\/\/royotec.com\/es\/?s={search_term_string}\"},\"query-input\":{\"@type\":\"PropertyValueSpecification\",\"valueRequired\":true,\"valueName\":\"search_term_string\"}}],\"inLanguage\":\"es\"}]}<\/script>\n<!-- \/ Yoast SEO plugin. -->","yoast_head_json":{"title":"Dynamic Denim - ROYOTEC","robots":{"index":"index","follow":"follow","max-snippet":"max-snippet:-1","max-image-preview":"max-image-preview:large","max-video-preview":"max-video-preview:-1"},"canonical":"https:\/\/royotec.com\/en\/brands\/activesport\/dynamic-denim\/","og_locale":"es_ES","og_type":"article","og_title":"Dynamic Denim - ROYOTEC","og_description":"Tejidos denim t\u00e9cnicos y funcionales, destinados a la confecci\u00f3n de prendas para la pr\u00e1ctica de actividades deportivas al aire libre que precisan protecci\u00f3n y total libertad de movimiento. Tejidos para la confecci\u00f3n de prendas destinadas a: Trekking \u2022 Running \u2022 Ciclo turismo \u2022 Mountainbike\u2022 Commuter \u2022 Monta\u00f1ismo\u2022 Escalada \u2022 BMX \u2022 Skateboard \u2022 Patinaje \u2022 [&hellip;]","og_url":"https:\/\/royotec.com\/en\/brands\/activesport\/dynamic-denim\/","og_site_name":"ROYOTEC","article_modified_time":"2017-10-10T10:19:47+00:00","twitter_card":"summary_large_image","twitter_misc":{"Tiempo de lectura":"1 minuto"},"schema":{"@context":"https:\/\/schema.org","@graph":[{"@type":"WebPage","@id":"https:\/\/royotec.com\/en\/brands\/activesport\/dynamic-denim\/","url":"https:\/\/royotec.com\/en\/brands\/activesport\/dynamic-denim\/","name":"Dynamic Denim - ROYOTEC","isPartOf":{"@id":"https:\/\/royotec.com\/es\/#website"},"datePublished":"2017-08-28T15:25:04+00:00","dateModified":"2017-10-10T10:19:47+00:00","breadcrumb":{"@id":"https:\/\/royotec.com\/en\/brands\/activesport\/dynamic-denim\/#breadcrumb"},"inLanguage":"es","potentialAction":[{"@type":"ReadAction","target":["https:\/\/royotec.com\/en\/brands\/activesport\/dynamic-denim\/"]}]},{"@type":"BreadcrumbList","@id":"https:\/\/royotec.com\/en\/brands\/activesport\/dynamic-denim\/#breadcrumb","itemListElement":[{"@type":"ListItem","position":1,"name":"Portada","item":"https:\/\/royotec.com\/es\/"},{"@type":"ListItem","position":2,"name":"Marcas","item":"https:\/\/royotec.com\/es\/marcas\/"},{"@type":"ListItem","position":3,"name":"Activesport","item":"https:\/\/royotec.com\/en\/brands\/activesport\/"},{"@type":"ListItem","position":4,"name":"Dynamic Denim"}]},{"@type":"WebSite","@id":"https:\/\/royotec.com\/es\/#website","url":"https:\/\/royotec.com\/es\/","name":"ROYOTEC","description":"The most advanced technology for the strongest protection","potentialAction":[{"@type":"SearchAction","target":{"@type":"EntryPoint","urlTemplate":"https:\/\/royotec.com\/es\/?s={search_term_string}"},"query-input":{"@type":"PropertyValueSpecification","valueRequired":true,"valueName":"search_term_string"}}],"inLanguage":"es"}]}},"_links":{"self":[{"href":"https:\/\/royotec.com\/es\/wp-json\/wp\/v2\/pages\/228","targetHints":{"allow":["GET"]}}],"collection":[{"href":"https:\/\/royotec.com\/es\/wp-json\/wp\/v2\/pages"}],"about":[{"href":"https:\/\/royotec.com\/es\/wp-json\/wp\/v2\/types\/page"}],"author":[{"embeddable":true,"href":"https:\/\/royotec.com\/es\/wp-json\/wp\/v2\/users\/1"}],"replies":[{"embeddable":true,"href":"https:\/\/royotec.com\/es\/wp-json\/wp\/v2\/comments?post=228"}],"version-history":[{"count":16,"href":"https:\/\/royotec.com\/es\/wp-json\/wp\/v2\/pages\/228\/revisions"}],"predecessor-version":[{"id":1653,"href":"https:\/\/royotec.com\/es\/wp-json\/wp\/v2\/pages\/228\/revisions\/1653"}],"up":[{"embeddable":true,"href":"https:\/\/royotec.com\/es\/wp-json\/wp\/v2\/pages\/202"}],"wp:attachment":[{"href":"https:\/\/royotec.com\/es\/wp-json\/wp\/v2\/media?parent=228"}],"curies":[{"name":"wp","href":"https:\/\/api.w.org\/{rel}","templated":true}]}}