{"id":274,"date":"2017-08-28T17:31:05","date_gmt":"2017-08-28T15:31:05","guid":{"rendered":"http:\/\/royotec.com\/?page_id=274"},"modified":"2017-10-11T19:06:31","modified_gmt":"2017-10-11T17:06:31","slug":"contacto","status":"publish","type":"page","link":"https:\/\/royotec.com\/es\/contacto\/","title":{"rendered":"Contacto"},"content":{"rendered":"<p><div class=\"uk-tile uk-tile-primary\"><div class=\"caldera-grid\" id=\"caldera_form_1\" data-cf-ver=\"1.9.6\" data-cf-form-id=\"CF59a6a74a37129\"><div id=\"caldera_notices_1\" data-spinner=\"https:\/\/royotec.com\/wp-admin\/images\/spinner.gif\"><\/div><form data-instance=\"1\" class=\"CF59a6a74a37129 caldera_forms_form cfajax-trigger\" method=\"POST\" enctype=\"multipart\/form-data\" id=\"CF59a6a74a37129_1\" data-form-id=\"CF59a6a74a37129\" aria-label=\"Contacto\" data-target=\"#caldera_notices_1\" data-template=\"#cfajax_CF59a6a74a37129-tmpl\" data-cfajax=\"CF59a6a74a37129\" data-load-element=\"_parent\" data-load-class=\"cf_processing\" data-post-disable=\"0\" data-action=\"cf_process_ajax_submit\" data-request=\"https:\/\/royotec.com\/es\/\/cf-api\/CF59a6a74a37129\" data-hiderows=\"true\">\r\n<input type=\"hidden\" id=\"_cf_verify_CF59a6a74a37129\" name=\"_cf_verify\" value=\"4c14290ce2\"  data-nonce-time=\"1778678072\" \/><input type=\"hidden\" name=\"_wp_http_referer\" value=\"\/es\/wp-json\/wp\/v2\/pages\/274\" \/><div id=\"cf2-CF59a6a74a37129_1\"><\/div><input type=\"hidden\" name=\"_cf_frm_id\" value=\"CF59a6a74a37129\">\r\n<input type=\"hidden\" name=\"_cf_frm_ct\" value=\"1\">\r\n<input type=\"hidden\" name=\"cfajax\" value=\"CF59a6a74a37129\">\r\n<input type=\"hidden\" name=\"_cf_cr_pst\" value=\"274\">\r\n<div class=\"hide\" style=\"display:none; overflow:hidden;height:0;width:0;\">\r\n<label>Web Site<\/label><input type=\"text\" name=\"web_site\" value=\"\" autocomplete=\"off\">\r\n<\/div><div id=\"CF59a6a74a37129_1-row-1\"  class=\"row  first_row\"><div  class=\"col-sm-12  single\"><div class=\"\"><p>Si desea contactar con nosotros, por favor, rellene este formulario y le atenderemos con mucho gusto.<\/p>\n<\/div><\/div><\/div><div id=\"CF59a6a74a37129_1-row-2\"  class=\"row \"><div  class=\"col-sm-12  single\"><div class=\"\"><hr>\n<h2>Sus datos<\/h2>\n<p>Necesitamos sus datos para ponernos en contacto usted.<\/p>\n<\/div><\/div><\/div><div id=\"CF59a6a74a37129_1-row-3\"  class=\"row \"><div  class=\"col-sm-4  first_col\"><div data-field-wrapper=\"fld_8768091\" class=\"form-group\" id=\"fld_8768091_1-wrap\">\r\n\t<label id=\"fld_8768091Label\" for=\"fld_8768091_1\" class=\"control-label\">Nombre <span aria-hidden=\"true\" role=\"presentation\" class=\"field_required\" style=\"color:#ee0000;\">*<\/span><\/label>\r\n\t<div class=\"\">\r\n\t\t<input   required type=\"text\" data-field=\"fld_8768091\" class=\" form-control\" id=\"fld_8768091_1\" name=\"fld_8768091\" value=\"\" data-type=\"text\" aria-required=\"true\"   aria-labelledby=\"fld_8768091Label\" >\t\t\t<\/div>\r\n<\/div>\r\n<\/div><div  class=\"col-sm-8  last_col\"><div data-field-wrapper=\"fld_6316426\" class=\"form-group\" id=\"fld_6316426_1-wrap\">\r\n\t<label id=\"fld_6316426Label\" for=\"fld_6316426_1\" class=\"control-label\">Apellidos <span aria-hidden=\"true\" role=\"presentation\" class=\"field_required\" style=\"color:#ee0000;\">*<\/span><\/label>\r\n\t<div class=\"\">\r\n\t\t<input   required type=\"text\" data-field=\"fld_6316426\" class=\" form-control\" id=\"fld_6316426_1\" name=\"fld_6316426\" value=\"\" data-type=\"text\" aria-required=\"true\"   aria-labelledby=\"fld_6316426Label\" >\t\t\t<\/div>\r\n<\/div>\r\n<\/div><\/div><div id=\"CF59a6a74a37129_1-row-4\"  class=\"row \"><div  class=\"col-sm-12  single\"><div data-field-wrapper=\"fld_4176039\" class=\"form-group\" id=\"fld_4176039_1-wrap\">\r\n\t<label id=\"fld_4176039Label\" for=\"fld_4176039_1\" class=\"control-label\">Empresa<\/label>\r\n\t<div class=\"\">\r\n\t\t<input    type=\"text\" data-field=\"fld_4176039\" class=\" form-control\" id=\"fld_4176039_1\" name=\"fld_4176039\" value=\"\" data-type=\"text\"   aria-labelledby=\"fld_4176039Label\" >\t\t\t<\/div>\r\n<\/div>\r\n<\/div><\/div><div id=\"CF59a6a74a37129_1-row-5\"  class=\"row \"><div  class=\"col-sm-8  first_col\"><div data-field-wrapper=\"fld_6009157\" class=\"form-group\" id=\"fld_6009157_1-wrap\">\r\n\t<label id=\"fld_6009157Label\" for=\"fld_6009157_1\" class=\"control-label\">Correo Electr\u00f3nico <span aria-hidden=\"true\" role=\"presentation\" class=\"field_required\" style=\"color:#ee0000;\">*<\/span><\/label>\r\n\t<div class=\"\">\r\n\t\t<input   required type=\"email\" data-field=\"fld_6009157\" class=\" form-control\" id=\"fld_6009157_1\" name=\"fld_6009157\" value=\"\" data-type=\"email\" aria-required=\"true\"   aria-labelledby=\"fld_6009157Label\" >\t\t\t<\/div>\r\n<\/div>\r\n<\/div><div  class=\"col-sm-4  last_col\"><div data-field-wrapper=\"fld_2586206\" class=\"form-group\" id=\"fld_2586206_1-wrap\">\r\n\t<label id=\"fld_2586206Label\" for=\"fld_2586206_1\" class=\"control-label\">Tel\u00e9fono <span aria-hidden=\"true\" role=\"presentation\" class=\"field_required\" style=\"color:#ee0000;\">*<\/span><\/label>\r\n\t<div class=\"\">\r\n\t\t<input  data-inputmask=\"'mask': '+99 99 999 9999'\"  required type=\"phone\" data-field=\"fld_2586206\" class=\" form-control\" id=\"fld_2586206_1\" name=\"fld_2586206\" value=\"\" data-type=\"phone\" aria-required=\"true\"   aria-labelledby=\"fld_2586206Label\" >\t\t\t<\/div>\r\n<\/div>\r\n<\/div><\/div><div id=\"CF59a6a74a37129_1-row-6\"  class=\"row \"><div  class=\"col-sm-8  first_col\"><div data-field-wrapper=\"fld_5411901\" class=\"form-group\" id=\"fld_5411901_1-wrap\">\r\n\t<label id=\"fld_5411901Label\" for=\"fld_5411901_1\" class=\"control-label\">Poblaci\u00f3n<\/label>\r\n\t<div class=\"\">\r\n\t\t<input    type=\"text\" data-field=\"fld_5411901\" class=\" form-control\" id=\"fld_5411901_1\" name=\"fld_5411901\" value=\"\" data-type=\"text\"   aria-labelledby=\"fld_5411901Label\" >\t\t\t<\/div>\r\n<\/div>\r\n<\/div><div  class=\"col-sm-4  last_col\"><div data-field-wrapper=\"fld_7828093\" class=\"form-group\" id=\"fld_7828093_1-wrap\">\r\n\t<label id=\"fld_7828093Label\" for=\"fld_7828093_1\" class=\"control-label\">Pa\u00eds<\/label>\r\n\t<div class=\"\">\r\n\t\t<input    type=\"text\" data-field=\"fld_7828093\" class=\" form-control\" id=\"fld_7828093_1\" name=\"fld_7828093\" value=\"\" data-type=\"text\"   aria-labelledby=\"fld_7828093Label\" >\t\t\t<\/div>\r\n<\/div>\r\n<\/div><\/div><div id=\"CF59a6a74a37129_1-row-7\"  class=\"row \"><div  class=\"col-sm-12  single\"><div class=\"\"><hr>\n<h2>\u00bfComo le podemos ayudar?<\/h2>\n<p>\u00bfTiene alguna pregunta o desea dejar alg\u00fan comentario?<\/p>\n<\/div><\/div><\/div><div id=\"CF59a6a74a37129_1-row-8\"  class=\"row \"><div  class=\"col-sm-12  single\"><div data-field-wrapper=\"fld_7683514\" class=\"form-group\" id=\"fld_7683514_1-wrap\">\r\n\t<label id=\"fld_7683514Label\" for=\"fld_7683514_1\" class=\"control-label\">Comentarios o Preguntas <span aria-hidden=\"true\" role=\"presentation\" class=\"field_required\" style=\"color:#ee0000;\">*<\/span><\/label>\r\n\t<div class=\"\">\r\n\t\t<textarea name=\"fld_7683514\" value=\"\" data-field=\"fld_7683514\" class=\"form-control\" id=\"fld_7683514_1\" rows=\"7\"  required=\"required\"  aria-labelledby=\"fld_7683514Label\" ><\/textarea>\n\t\t\t<\/div>\r\n<\/div>\r\n<\/div><\/div><div id=\"CF59a6a74a37129_1-row-9\"  class=\"row  last_row\"><div  class=\"col-sm-12  single\"><div class=\"\"><p>Conforme al RGPD y la LOPDGDD, TEJIDOS ROYO S.L. tratar\u00e1 los datos facilitados, con la finalidad de contestar las dudas y\/o quejas planteadas a trav\u00e9s del presente formulario y facilitar la informaci\u00f3n solicitada. Siempre que nos lo autorice previamente, enviaremos informaci\u00f3n relacionada con la actividad, los productos y los servicios ofrecidos por el grupo TEJIDOS ROYO. Podr\u00e1 ejercer, si lo desea, los derechos de acceso, rectificaci\u00f3n, supresi\u00f3n, y dem\u00e1s reconocidos en la normativa mencionada. Para obtener m\u00e1s informaci\u00f3n acerca de c\u00f3mo estamos tratando sus datos, acceda a nuestra pol\u00edtica de privacidad www.tejidosroyo.com\/politica-de-privacidad\/<\/p>\n<\/div><div data-field-wrapper=\"fld_9139798\" class=\"form-group\" id=\"fld_9139798_1-wrap\">\r\n\t<label id=\"fld_9139798Label\" for=\"fld_9139798_1\" class=\"control-label screen-reader-text sr-only\">Privacidad<\/label>\r\n\t<div class=\"\">\r\n\t\t\t\t\t\t\t\t\t\t\t<div class=\"checkbox\">\n\t\t\t\t\n                <label                         for=\"fld_9139798_1_opt1089160\"\n                >\n                            <input\n                                data-parsley-required=\"true\" data-parsley-group=\"fld_9139798_1\" data-parsley-multiple=\"fld_9139798_1\"                                type=\"checkbox\"\n                                data-label=\"&lt;b&gt;ENTIENDO Y ACEPTO&lt;\/b&gt; el tratamiento de mis datos tal y como se describe  anteriormente y se explica con mayor detalle en la Pol\u00edtica de Privacidad. (Su negativa a facilitarnos la autorizaci\u00f3n implicar\u00e1 la imposibilidad de tratar sus datos con la finalidad indicada).\"\n                                data-field=\"fld_9139798\"\n                                id=\"fld_9139798_1_opt1089160\"\n                                class=\"fld_9139798_1 option-required\"\n                                name=\"fld_9139798[opt1089160]\"\n                                value=\"ENTIENDO Y ACEPTO el tratamiento de mis datos tal y como se describe  anteriormente y se explica con mayor detalle en la Pol\u00edtica de Privacidad. (Su negativa a facilitarnos la autorizaci\u00f3n implicar\u00e1 la imposibilidad de tratar sus datos con la finalidad indicada).\"\n                                                                data-type=\"checkbox\"\n                                data-checkbox-field=\"fld_9139798_1\"\n                                                                data-calc-value=\"ENTIENDO Y ACEPTO el tratamiento de mis datos tal y como se describe  anteriormente y se explica con mayor detalle en la Pol\u00edtica de Privacidad. (Su negativa a facilitarnos la autorizaci\u00f3n implicar\u00e1 la imposibilidad de tratar sus datos con la finalidad indicada).\"\n                            >\n                    <b>ENTIENDO Y ACEPTO<\/b> el tratamiento de mis datos tal y como se describe  anteriormente y se explica con mayor detalle en la Pol\u00edtica de Privacidad. (Su negativa a facilitarnos la autorizaci\u00f3n implicar\u00e1 la imposibilidad de tratar sus datos con la finalidad indicada).                <\/label>\n\n                \t\t\t\t\t<\/div>\n\t\t\t\t\t\t\t\t\t\t\t<\/div>\r\n<\/div>\r\n<div data-field-wrapper=\"fld_4043636\" class=\"form-group\" id=\"fld_4043636_1-wrap\">\r\n\t<label id=\"fld_4043636Label\" for=\"fld_4043636_1\" class=\"control-label screen-reader-text sr-only\">Privacidad2<\/label>\r\n\t<div class=\"\">\r\n\t\t\t\t\t\t\t\t\t\t\t<div class=\"checkbox\">\n\t\t\t\t\n                <label                         for=\"fld_4043636_1_opt1089160\"\n                >\n                            <input\n                                data-parsley-required=\"true\" data-parsley-group=\"fld_4043636_1\" data-parsley-multiple=\"fld_4043636_1\"                                type=\"checkbox\"\n                                data-label=\"&lt;b&gt;ENTIENDO Y ACEPTO&lt;\/b&gt; recibir informaci\u00f3n en los t\u00e9rminos arriba indicados sobre la actividad, productos y servicios del grupo TEJIDOS ROYO.\"\n                                data-field=\"fld_4043636\"\n                                id=\"fld_4043636_1_opt1089160\"\n                                class=\"fld_4043636_1 option-required\"\n                                name=\"fld_4043636[opt1089160]\"\n                                value=\"ENTIENDO Y ACEPTO recibir informaci\u00f3n en los t\u00e9rminos arriba indicados sobre la actividad, productos y servicios del grupo TEJIDOS ROYO.\"\n                                                                data-type=\"checkbox\"\n                                data-checkbox-field=\"fld_4043636_1\"\n                                                                data-calc-value=\"ENTIENDO Y ACEPTO recibir informaci\u00f3n en los t\u00e9rminos arriba indicados sobre la actividad, productos y servicios del grupo TEJIDOS ROYO.\"\n                            >\n                    <b>ENTIENDO Y ACEPTO<\/b> recibir informaci\u00f3n en los t\u00e9rminos arriba indicados sobre la actividad, productos y servicios del grupo TEJIDOS ROYO.                <\/label>\n\n                \t\t\t\t\t<\/div>\n\t\t\t\t\t\t\t\t\t\t\t<\/div>\r\n<\/div>\r\n<div data-field-wrapper=\"fld_7908577\" class=\"form-group\" id=\"fld_7908577_1-wrap\">\r\n<div class=\"\">\r\n\t<input  class=\"btn btn-default\" type=\"submit\" name=\"fld_7908577\" id=\"fld_7908577_1\" value=\"Enviar Mensaje\" data-field=\"fld_7908577\"  >\n<\/div>\r\n<\/div>\r\n\t<input class=\"button_trigger_1\" type=\"hidden\" name=\"fld_7908577\" id=\"fld_7908577_1_btn\" value=\"\" data-field=\"fld_7908577\"  \/>\n<\/div><\/div><\/form>\r\n<\/div>\r\n<\/div>\n<\/p>\n<p><!-- {\"name\":\"\",\"type\":\"layout\",\"children\":[{\"name\":\"Royotec\",\"type\":\"section\",\"props\":{\"width\":\"small\",\"padding\":\"large\",\"style\":\"default\",\"text_color\":\"\",\"media\":\"images\\\/home-header.jpg\",\"height_viewport\":true,\"header_overlay\":\"light\",\"image\":\"wp-content\\\/uploads\\\/contacto.jpg\",\"media_advanced\":true,\"image_size\":\"cover\",\"media_background\":null,\"media_overlay\":null,\"height\":\"full\",\"animation\":\"\",\"header_transparent\":\"\",\"image_position\":\"center-center\",\"image_width\":\"\",\"image_height\":\"\",\"image_fixed\":false,\"media_blend_mode\":\"\",\"overlap\":false,\"padding_remove_bottom\":false,\"image_visibility\":\"s\",\"image_effect\":\"parallax\",\"image_parallax\":-540,\"padding_remove_top\":false,\"image_parallax_bgy_end\":\"\",\"image_parallax_bgy_start\":\"70\",\"image_parallax_bgx_start\":\"\",\"image_parallax_bgx_end\":\"\",\"image_parallax_breakpoint\":\"m\",\"vertical_align\":\"middle\",\"title_position\":\"top-left\",\"title_rotation\":\"left\",\"title_breakpoint\":\"xl\"},\"children\":[{\"name\":\"\",\"type\":\"row\",\"props\":{\"layout\":\"1-1\",\"breakpoint\":\"m\",\"fixed_width\":\"large\",\"margin\":\"large\",\"vertical_align\":false,\"match\":false,\"width\":\"expand\",\"gutter\":\"small\",\"divider\":false},\"children\":[{\"name\":\"\",\"type\":\"column\",\"props\":{\"image_position\":\"center-center\",\"widths\":[\"1-1\"],\"style\":\"\",\"image\":\"\",\"image_size\":\"cover\"},\"children\":[{\"name\":\"\",\"type\":\"html\",\"props\":{\"content\":\"\n\n<div class=\\\"uk-tile uk-tile-primary\\\">[caldera_form id=\\\"CF59a6a74a37129\\\"]<\\\/div>\"}}]}]}]}]} --><\/p>\n","protected":false},"excerpt":{"rendered":"","protected":false},"author":1,"featured_media":0,"parent":0,"menu_order":0,"comment_status":"closed","ping_status":"closed","template":"","meta":{"footnotes":""},"class_list":["post-274","page","type-page","status-publish","hentry"],"yoast_head":"<!-- This site is optimized with the Yoast SEO plugin v27.5 - https:\/\/yoast.com\/product\/yoast-seo-wordpress\/ -->\n<title>Contacto - ROYOTEC<\/title>\n<meta name=\"robots\" content=\"index, follow, max-snippet:-1, max-image-preview:large, max-video-preview:-1\" \/>\n<link rel=\"canonical\" href=\"https:\/\/royotec.com\/en\/contact\/\" \/>\n<meta property=\"og:locale\" content=\"es_ES\" \/>\n<meta property=\"og:type\" content=\"article\" \/>\n<meta property=\"og:title\" content=\"Contacto - ROYOTEC\" \/>\n<meta property=\"og:url\" content=\"https:\/\/royotec.com\/en\/contact\/\" \/>\n<meta property=\"og:site_name\" content=\"ROYOTEC\" \/>\n<meta property=\"article:modified_time\" content=\"2017-10-11T17:06:31+00:00\" \/>\n<meta name=\"twitter:card\" content=\"summary_large_image\" \/>\n<script type=\"application\/ld+json\" class=\"yoast-schema-graph\">{\"@context\":\"https:\\\/\\\/schema.org\",\"@graph\":[{\"@type\":\"WebPage\",\"@id\":\"https:\\\/\\\/royotec.com\\\/en\\\/contact\\\/\",\"url\":\"https:\\\/\\\/royotec.com\\\/en\\\/contact\\\/\",\"name\":\"Contacto - ROYOTEC\",\"isPartOf\":{\"@id\":\"https:\\\/\\\/royotec.com\\\/es\\\/#website\"},\"datePublished\":\"2017-08-28T15:31:05+00:00\",\"dateModified\":\"2017-10-11T17:06:31+00:00\",\"breadcrumb\":{\"@id\":\"https:\\\/\\\/royotec.com\\\/en\\\/contact\\\/#breadcrumb\"},\"inLanguage\":\"es\",\"potentialAction\":[{\"@type\":\"ReadAction\",\"target\":[\"https:\\\/\\\/royotec.com\\\/en\\\/contact\\\/\"]}]},{\"@type\":\"BreadcrumbList\",\"@id\":\"https:\\\/\\\/royotec.com\\\/en\\\/contact\\\/#breadcrumb\",\"itemListElement\":[{\"@type\":\"ListItem\",\"position\":1,\"name\":\"Portada\",\"item\":\"https:\\\/\\\/royotec.com\\\/en\\\/\"},{\"@type\":\"ListItem\",\"position\":2,\"name\":\"Contacto\"}]},{\"@type\":\"WebSite\",\"@id\":\"https:\\\/\\\/royotec.com\\\/es\\\/#website\",\"url\":\"https:\\\/\\\/royotec.com\\\/es\\\/\",\"name\":\"ROYOTEC\",\"description\":\"The most advanced technology for the strongest protection\",\"potentialAction\":[{\"@type\":\"SearchAction\",\"target\":{\"@type\":\"EntryPoint\",\"urlTemplate\":\"https:\\\/\\\/royotec.com\\\/es\\\/?s={search_term_string}\"},\"query-input\":{\"@type\":\"PropertyValueSpecification\",\"valueRequired\":true,\"valueName\":\"search_term_string\"}}],\"inLanguage\":\"es\"}]}<\/script>\n<!-- \/ Yoast SEO plugin. -->","yoast_head_json":{"title":"Contacto - ROYOTEC","robots":{"index":"index","follow":"follow","max-snippet":"max-snippet:-1","max-image-preview":"max-image-preview:large","max-video-preview":"max-video-preview:-1"},"canonical":"https:\/\/royotec.com\/en\/contact\/","og_locale":"es_ES","og_type":"article","og_title":"Contacto - ROYOTEC","og_url":"https:\/\/royotec.com\/en\/contact\/","og_site_name":"ROYOTEC","article_modified_time":"2017-10-11T17:06:31+00:00","twitter_card":"summary_large_image","schema":{"@context":"https:\/\/schema.org","@graph":[{"@type":"WebPage","@id":"https:\/\/royotec.com\/en\/contact\/","url":"https:\/\/royotec.com\/en\/contact\/","name":"Contacto - ROYOTEC","isPartOf":{"@id":"https:\/\/royotec.com\/es\/#website"},"datePublished":"2017-08-28T15:31:05+00:00","dateModified":"2017-10-11T17:06:31+00:00","breadcrumb":{"@id":"https:\/\/royotec.com\/en\/contact\/#breadcrumb"},"inLanguage":"es","potentialAction":[{"@type":"ReadAction","target":["https:\/\/royotec.com\/en\/contact\/"]}]},{"@type":"BreadcrumbList","@id":"https:\/\/royotec.com\/en\/contact\/#breadcrumb","itemListElement":[{"@type":"ListItem","position":1,"name":"Portada","item":"https:\/\/royotec.com\/en\/"},{"@type":"ListItem","position":2,"name":"Contacto"}]},{"@type":"WebSite","@id":"https:\/\/royotec.com\/es\/#website","url":"https:\/\/royotec.com\/es\/","name":"ROYOTEC","description":"The most advanced technology for the strongest protection","potentialAction":[{"@type":"SearchAction","target":{"@type":"EntryPoint","urlTemplate":"https:\/\/royotec.com\/es\/?s={search_term_string}"},"query-input":{"@type":"PropertyValueSpecification","valueRequired":true,"valueName":"search_term_string"}}],"inLanguage":"es"}]}},"_links":{"self":[{"href":"https:\/\/royotec.com\/es\/wp-json\/wp\/v2\/pages\/274","targetHints":{"allow":["GET"]}}],"collection":[{"href":"https:\/\/royotec.com\/es\/wp-json\/wp\/v2\/pages"}],"about":[{"href":"https:\/\/royotec.com\/es\/wp-json\/wp\/v2\/types\/page"}],"author":[{"embeddable":true,"href":"https:\/\/royotec.com\/es\/wp-json\/wp\/v2\/users\/1"}],"replies":[{"embeddable":true,"href":"https:\/\/royotec.com\/es\/wp-json\/wp\/v2\/comments?post=274"}],"version-history":[{"count":6,"href":"https:\/\/royotec.com\/es\/wp-json\/wp\/v2\/pages\/274\/revisions"}],"predecessor-version":[{"id":1939,"href":"https:\/\/royotec.com\/es\/wp-json\/wp\/v2\/pages\/274\/revisions\/1939"}],"wp:attachment":[{"href":"https:\/\/royotec.com\/es\/wp-json\/wp\/v2\/media?parent=274"}],"curies":[{"name":"wp","href":"https:\/\/api.w.org\/{rel}","templated":true}]}}